{"id":347865,"date":"2026-04-17T15:10:01","date_gmt":"2026-04-17T13:10:01","guid":{"rendered":"https:\/\/www.liberdomus.it\/product\/istituzioni-della-repubblica-italiana-1946-9788815395047-2\/"},"modified":"2026-04-17T15:31:53","modified_gmt":"2026-04-17T13:31:53","slug":"istituzioni-della-repubblica-italiana-1946-9788815395047-2","status":"publish","type":"product","link":"https:\/\/www.liberdomus.it\/en\/prodotto\/istituzioni-della-repubblica-italiana-1946-9788815395047-2\/","title":{"rendered":"Le istituzioni della Repubblica italiana, 1946-1994"},"content":{"rendered":"<p>La storia della Repubblica italiana \u00e8 un dialogo ininterrotto tra le istituzioni e la societ\u00e0 in cambiamento. Dal referendum del 2 giugno 1946 alle elezioni del 27-28 marzo 1994 si snodano i quasi cinquant&#8217;anni della prima fase del \u00ablungo dopoguerra italiano\u00bb. Questo volume concentra l&#8217;attenzione sul ruolo delle istituzioni repubblicane e sul loro continuo intrecciarsi con le trasformazioni sociali, economiche e politiche del Paese. Le istituzioni in movimento, dunque, mai immobili: dal consolidarsi e poi incrinarsi del sistema politico al protagonismo mutevole dei partiti, dalle metamorfosi del modello di governo al progressivo ridimensionamento del Parlamento. Sullo sfondo, il peso decisivo del presidente della Repubblica, l&#8217;entrata in scena delle Regioni a statuto ordinario, la vitalit\u00e0 delle autonomie locali, il ruolo della Corte costituzionale, l&#8217;azione dei grandi corpi dello Stato, delle magistrature, dei sindacati e degli interessi organizzati, i primi passi dell&#8217;unit\u00e0 europea. Una riflessione che illumina le continuit\u00e0 e le fratture della democrazia italiana nella sua fase pi\u00f9 delicata.<\/p>\n","protected":false},"excerpt":{"rendered":"<p>La storia della Repubblica italiana \u00e8 un dialogo ininterrotto tra  [&#8230;]<\/p>\n","protected":false},"featured_media":347863,"template":"","meta":{"_acf_changed":false},"product_brand":[],"product_cat":[24164,24163],"product_tag":[],"editore":[27471],"autore":[36111],"curatore":[],"condizione":[26342],"lingua":[26340],"tipo_edizione":[],"tipo_pubblicazione":[24232],"dewey":[25638,26216],"genere":[],"contenuto":[24227,24238],"class_list":{"0":"post-347865","1":"product","2":"type-product","3":"status-publish","4":"has-post-thumbnail","6":"product_cat-history","7":"product_cat-social-sciences","8":"editore-il-mulino","9":"condizione-new","10":"lingua-italian","11":"tipo_pubblicazione-monograph","12":"dewey-culture-institutions","13":"dewey-general-history-of-europe","14":"contenuto-biografia-en","15":"contenuto-indice-en","17":"first","18":"instock","19":"featured","20":"shipping-taxable","21":"purchasable","22":"product-type-simple"},"acf":[],"yoast_head":"<!-- This site is optimized with the Yoast SEO plugin v25.8 - https:\/\/yoast.com\/wordpress\/plugins\/seo\/ -->\n<title>istituzioni della Repubblica italiana, 1946-1994 - Liberdomus<\/title>\n<meta name=\"robots\" content=\"index, follow, max-snippet:-1, max-image-preview:large, max-video-preview:-1\" \/>\n<link rel=\"canonical\" href=\"https:\/\/www.liberdomus.it\/en\/prodotto\/istituzioni-della-repubblica-italiana-1946-9788815395047-2\/\" \/>\n<meta property=\"og:locale\" content=\"en_US\" \/>\n<meta property=\"og:type\" content=\"article\" \/>\n<meta property=\"og:title\" content=\"istituzioni della Repubblica italiana, 1946-1994 - Liberdomus\" \/>\n<meta property=\"og:description\" content=\"La storia della Repubblica italiana \u00e8 un dialogo ininterrotto tra [...]\" \/>\n<meta property=\"og:url\" content=\"https:\/\/www.liberdomus.it\/en\/prodotto\/istituzioni-della-repubblica-italiana-1946-9788815395047-2\/\" \/>\n<meta property=\"og:site_name\" content=\"Liberdomus\" \/>\n<meta property=\"article:modified_time\" content=\"2026-04-17T13:31:53+00:00\" \/>\n<meta property=\"og:image\" content=\"https:\/\/www.liberdomus.it\/wp-content\/uploads\/2026\/04\/9788815395047.jpg\" \/>\n\t<meta property=\"og:image:width\" content=\"1000\" \/>\n\t<meta property=\"og:image:height\" content=\"1411\" \/>\n\t<meta property=\"og:image:type\" content=\"image\/jpeg\" \/>\n<meta name=\"twitter:card\" content=\"summary_large_image\" \/>\n<meta name=\"twitter:label1\" content=\"Est. reading time\" \/>\n\t<meta name=\"twitter:data1\" content=\"1 minute\" \/>\n<script type=\"application\/ld+json\" class=\"yoast-schema-graph\">{\"@context\":\"https:\/\/schema.org\",\"@graph\":[{\"@type\":\"WebPage\",\"@id\":\"https:\/\/www.liberdomus.it\/en\/prodotto\/istituzioni-della-repubblica-italiana-1946-9788815395047-2\/\",\"url\":\"https:\/\/www.liberdomus.it\/en\/prodotto\/istituzioni-della-repubblica-italiana-1946-9788815395047-2\/\",\"name\":\"istituzioni della Repubblica italiana, 1946-1994 - Liberdomus\",\"isPartOf\":{\"@id\":\"https:\/\/www.liberdomus.it\/en\/#website\"},\"primaryImageOfPage\":{\"@id\":\"https:\/\/www.liberdomus.it\/en\/prodotto\/istituzioni-della-repubblica-italiana-1946-9788815395047-2\/#primaryimage\"},\"image\":{\"@id\":\"https:\/\/www.liberdomus.it\/en\/prodotto\/istituzioni-della-repubblica-italiana-1946-9788815395047-2\/#primaryimage\"},\"thumbnailUrl\":\"https:\/\/www.liberdomus.it\/wp-content\/uploads\/2026\/04\/9788815395047.jpg\",\"datePublished\":\"2026-04-17T13:10:01+00:00\",\"dateModified\":\"2026-04-17T13:31:53+00:00\",\"breadcrumb\":{\"@id\":\"https:\/\/www.liberdomus.it\/en\/prodotto\/istituzioni-della-repubblica-italiana-1946-9788815395047-2\/#breadcrumb\"},\"inLanguage\":\"en-US\",\"potentialAction\":[{\"@type\":\"ReadAction\",\"target\":[\"https:\/\/www.liberdomus.it\/en\/prodotto\/istituzioni-della-repubblica-italiana-1946-9788815395047-2\/\"]}]},{\"@type\":\"ImageObject\",\"inLanguage\":\"en-US\",\"@id\":\"https:\/\/www.liberdomus.it\/en\/prodotto\/istituzioni-della-repubblica-italiana-1946-9788815395047-2\/#primaryimage\",\"url\":\"https:\/\/www.liberdomus.it\/wp-content\/uploads\/2026\/04\/9788815395047.jpg\",\"contentUrl\":\"https:\/\/www.liberdomus.it\/wp-content\/uploads\/2026\/04\/9788815395047.jpg\",\"width\":1000,\"height\":1411,\"caption\":\"copertina_libro_isbn_9788815395047\"},{\"@type\":\"BreadcrumbList\",\"@id\":\"https:\/\/www.liberdomus.it\/en\/prodotto\/istituzioni-della-repubblica-italiana-1946-9788815395047-2\/#breadcrumb\",\"itemListElement\":[{\"@type\":\"ListItem\",\"position\":1,\"name\":\"Home\",\"item\":\"https:\/\/www.liberdomus.it\/en\/\"},{\"@type\":\"ListItem\",\"position\":2,\"name\":\"Shop\",\"item\":\"https:\/\/www.liberdomus.it\/en\/shop\/\"},{\"@type\":\"ListItem\",\"position\":3,\"name\":\"istituzioni della Repubblica italiana, 1946-1994\"}]},{\"@type\":\"WebSite\",\"@id\":\"https:\/\/www.liberdomus.it\/en\/#website\",\"url\":\"https:\/\/www.liberdomus.it\/en\/\",\"name\":\"Liberdomus\",\"description\":\"La tua libreria a casa\",\"potentialAction\":[{\"@type\":\"SearchAction\",\"target\":{\"@type\":\"EntryPoint\",\"urlTemplate\":\"https:\/\/www.liberdomus.it\/en\/?s={search_term_string}\"},\"query-input\":{\"@type\":\"PropertyValueSpecification\",\"valueRequired\":true,\"valueName\":\"search_term_string\"}}],\"inLanguage\":\"en-US\"}]}<\/script>\n<!-- \/ Yoast SEO plugin. -->","yoast_head_json":{"title":"istituzioni della Repubblica italiana, 1946-1994 - Liberdomus","robots":{"index":"index","follow":"follow","max-snippet":"max-snippet:-1","max-image-preview":"max-image-preview:large","max-video-preview":"max-video-preview:-1"},"canonical":"https:\/\/www.liberdomus.it\/en\/prodotto\/istituzioni-della-repubblica-italiana-1946-9788815395047-2\/","og_locale":"en_US","og_type":"article","og_title":"istituzioni della Repubblica italiana, 1946-1994 - Liberdomus","og_description":"La storia della Repubblica italiana \u00e8 un dialogo ininterrotto tra [...]","og_url":"https:\/\/www.liberdomus.it\/en\/prodotto\/istituzioni-della-repubblica-italiana-1946-9788815395047-2\/","og_site_name":"Liberdomus","article_modified_time":"2026-04-17T13:31:53+00:00","og_image":[{"width":1000,"height":1411,"url":"https:\/\/www.liberdomus.it\/wp-content\/uploads\/2026\/04\/9788815395047.jpg","type":"image\/jpeg"}],"twitter_card":"summary_large_image","twitter_misc":{"Est. reading time":"1 minute"},"schema":{"@context":"https:\/\/schema.org","@graph":[{"@type":"WebPage","@id":"https:\/\/www.liberdomus.it\/en\/prodotto\/istituzioni-della-repubblica-italiana-1946-9788815395047-2\/","url":"https:\/\/www.liberdomus.it\/en\/prodotto\/istituzioni-della-repubblica-italiana-1946-9788815395047-2\/","name":"istituzioni della Repubblica italiana, 1946-1994 - Liberdomus","isPartOf":{"@id":"https:\/\/www.liberdomus.it\/en\/#website"},"primaryImageOfPage":{"@id":"https:\/\/www.liberdomus.it\/en\/prodotto\/istituzioni-della-repubblica-italiana-1946-9788815395047-2\/#primaryimage"},"image":{"@id":"https:\/\/www.liberdomus.it\/en\/prodotto\/istituzioni-della-repubblica-italiana-1946-9788815395047-2\/#primaryimage"},"thumbnailUrl":"https:\/\/www.liberdomus.it\/wp-content\/uploads\/2026\/04\/9788815395047.jpg","datePublished":"2026-04-17T13:10:01+00:00","dateModified":"2026-04-17T13:31:53+00:00","breadcrumb":{"@id":"https:\/\/www.liberdomus.it\/en\/prodotto\/istituzioni-della-repubblica-italiana-1946-9788815395047-2\/#breadcrumb"},"inLanguage":"en-US","potentialAction":[{"@type":"ReadAction","target":["https:\/\/www.liberdomus.it\/en\/prodotto\/istituzioni-della-repubblica-italiana-1946-9788815395047-2\/"]}]},{"@type":"ImageObject","inLanguage":"en-US","@id":"https:\/\/www.liberdomus.it\/en\/prodotto\/istituzioni-della-repubblica-italiana-1946-9788815395047-2\/#primaryimage","url":"https:\/\/www.liberdomus.it\/wp-content\/uploads\/2026\/04\/9788815395047.jpg","contentUrl":"https:\/\/www.liberdomus.it\/wp-content\/uploads\/2026\/04\/9788815395047.jpg","width":1000,"height":1411,"caption":"copertina_libro_isbn_9788815395047"},{"@type":"BreadcrumbList","@id":"https:\/\/www.liberdomus.it\/en\/prodotto\/istituzioni-della-repubblica-italiana-1946-9788815395047-2\/#breadcrumb","itemListElement":[{"@type":"ListItem","position":1,"name":"Home","item":"https:\/\/www.liberdomus.it\/en\/"},{"@type":"ListItem","position":2,"name":"Shop","item":"https:\/\/www.liberdomus.it\/en\/shop\/"},{"@type":"ListItem","position":3,"name":"istituzioni della Repubblica italiana, 1946-1994"}]},{"@type":"WebSite","@id":"https:\/\/www.liberdomus.it\/en\/#website","url":"https:\/\/www.liberdomus.it\/en\/","name":"Liberdomus","description":"La tua libreria a casa","potentialAction":[{"@type":"SearchAction","target":{"@type":"EntryPoint","urlTemplate":"https:\/\/www.liberdomus.it\/en\/?s={search_term_string}"},"query-input":{"@type":"PropertyValueSpecification","valueRequired":true,"valueName":"search_term_string"}}],"inLanguage":"en-US"}]}},"_links":{"self":[{"href":"https:\/\/www.liberdomus.it\/en\/wp-json\/wp\/v2\/product\/347865","targetHints":{"allow":["GET"]}}],"collection":[{"href":"https:\/\/www.liberdomus.it\/en\/wp-json\/wp\/v2\/product"}],"about":[{"href":"https:\/\/www.liberdomus.it\/en\/wp-json\/wp\/v2\/types\/product"}],"wp:featuredmedia":[{"embeddable":true,"href":"https:\/\/www.liberdomus.it\/en\/wp-json\/wp\/v2\/media\/347863"}],"wp:attachment":[{"href":"https:\/\/www.liberdomus.it\/en\/wp-json\/wp\/v2\/media?parent=347865"}],"wp:term":[{"taxonomy":"product_brand","embeddable":true,"href":"https:\/\/www.liberdomus.it\/en\/wp-json\/wp\/v2\/product_brand?post=347865"},{"taxonomy":"product_cat","embeddable":true,"href":"https:\/\/www.liberdomus.it\/en\/wp-json\/wp\/v2\/product_cat?post=347865"},{"taxonomy":"product_tag","embeddable":true,"href":"https:\/\/www.liberdomus.it\/en\/wp-json\/wp\/v2\/product_tag?post=347865"},{"taxonomy":"editore","embeddable":true,"href":"https:\/\/www.liberdomus.it\/en\/wp-json\/wp\/v2\/editore?post=347865"},{"taxonomy":"autore","embeddable":true,"href":"https:\/\/www.liberdomus.it\/en\/wp-json\/wp\/v2\/autore?post=347865"},{"taxonomy":"curatore","embeddable":true,"href":"https:\/\/www.liberdomus.it\/en\/wp-json\/wp\/v2\/curatore?post=347865"},{"taxonomy":"condizione","embeddable":true,"href":"https:\/\/www.liberdomus.it\/en\/wp-json\/wp\/v2\/condizione?post=347865"},{"taxonomy":"lingua","embeddable":true,"href":"https:\/\/www.liberdomus.it\/en\/wp-json\/wp\/v2\/lingua?post=347865"},{"taxonomy":"tipo_edizione","embeddable":true,"href":"https:\/\/www.liberdomus.it\/en\/wp-json\/wp\/v2\/tipo_edizione?post=347865"},{"taxonomy":"tipo_pubblicazione","embeddable":true,"href":"https:\/\/www.liberdomus.it\/en\/wp-json\/wp\/v2\/tipo_pubblicazione?post=347865"},{"taxonomy":"dewey","embeddable":true,"href":"https:\/\/www.liberdomus.it\/en\/wp-json\/wp\/v2\/dewey?post=347865"},{"taxonomy":"genere","embeddable":true,"href":"https:\/\/www.liberdomus.it\/en\/wp-json\/wp\/v2\/genere?post=347865"},{"taxonomy":"contenuto","embeddable":true,"href":"https:\/\/www.liberdomus.it\/en\/wp-json\/wp\/v2\/contenuto?post=347865"}],"curies":[{"name":"wp","href":"https:\/\/api.w.org\/{rel}","templated":true}]}}