{"id":345819,"date":"2026-03-02T09:18:36","date_gmt":"2026-03-02T08:18:36","guid":{"rendered":"https:\/\/www.liberdomus.it\/product\/william-kentridge-9788857253428-2\/"},"modified":"2026-03-02T09:18:36","modified_gmt":"2026-03-02T08:18:36","slug":"william-kentridge-9788857253428-2","status":"publish","type":"product","link":"https:\/\/www.liberdomus.it\/en\/prodotto\/william-kentridge-9788857253428-2\/","title":{"rendered":"William Kentridge"},"content":{"rendered":"<p>La nuova serie Skira Milestones \u00e8 una collana di libri dedicati ai pi\u00f9 importanti artisti contemporanei viventi. Pi\u00f9 che semplici retrospettive, i Milestones sono vere e proprie &#8220;immersioni&#8221; nella vita quotidiana e nel lavoro di artisti eccezionali e offrono uno sguardo raro dietro le quinte della loro arte. Ogni volume presenta una o pi\u00f9 interviste con l&#8217;artista, condotte da un curatore o da un altro artista, un saggio firmato da un autore di fama e la biografia dell&#8217;artista. L&#8217;apparato iconografico del libro comprende immagini e tavole delle opere principali spiegate direttamente dall&#8217;artista, un servizio fotografico originale dell&#8217;artista nel suo studio realizzato da grandi fotografi (come Jabulani Dhlamini, David Michalek, Ruediger Glatz), oltre a un &#8220;album di famiglia&#8221; con scatti inediti e fotografie. Nato a Johannesburg nel 1955, William Kentridge vive e lavora ancora oggi nella sua citt\u00e0 natale. \u00c8 celebre a livello internazionale per l&#8217;espressionismo della sua opera, che si esprime in numerosi media: carboncino, incisione, scultura, cinema, oltre che nelle sue acclamate produzioni teatrali e operistiche. Sfuggente e allusiva, l&#8217;arte di Kentridge \u00e8 plasmata dall&#8217;apartheid e radicata nella politica del periodo post-apartheid, nonch\u00e9 nella scienza, nella letteratura e nella storia.<\/p>\n","protected":false},"excerpt":{"rendered":"<p>La nuova serie Skira Milestones \u00e8 una collana di libri  [&#8230;]<\/p>\n","protected":false},"featured_media":345817,"template":"","meta":{"_acf_changed":false},"product_brand":[],"product_cat":[72358,72616],"product_tag":[],"editore":[27490],"autore":[30982,75813,75814],"curatore":[],"condizione":[26342],"lingua":[24181],"tipo_edizione":[],"tipo_pubblicazione":[24232],"dewey":[70265,25995],"genere":[],"contenuto":[24227,24238,24237,24240],"class_list":{"0":"post-345819","1":"product","2":"type-product","3":"status-publish","4":"has-post-thumbnail","6":"product_cat-art-and-art-history","7":"product_cat-contemporary-art","8":"editore-skira","9":"autore-clingman-stephen","10":"autore-dhlamini-jabulani","11":"condizione-new","12":"lingua-inglese-en","13":"tipo_pubblicazione-monograph","14":"dewey-contemporary-art","15":"dewey-the-arts-fine-and-decorative-arts","16":"contenuto-biografia-en","17":"contenuto-indice-en","18":"contenuto-fotografie-en","19":"contenuto-tavole-en","21":"first","22":"instock","23":"featured","24":"shipping-taxable","25":"purchasable","26":"product-type-simple"},"acf":[],"yoast_head":"<!-- This site is optimized with the Yoast SEO plugin v25.8 - https:\/\/yoast.com\/wordpress\/plugins\/seo\/ -->\n<title>William Kentridge - Liberdomus<\/title>\n<meta name=\"robots\" content=\"index, follow, max-snippet:-1, max-image-preview:large, max-video-preview:-1\" \/>\n<link rel=\"canonical\" href=\"https:\/\/www.liberdomus.it\/en\/prodotto\/william-kentridge-9788857253428-2\/\" \/>\n<meta property=\"og:locale\" content=\"en_US\" \/>\n<meta property=\"og:type\" content=\"article\" \/>\n<meta property=\"og:title\" content=\"William Kentridge - Liberdomus\" \/>\n<meta property=\"og:description\" content=\"La nuova serie Skira Milestones \u00e8 una collana di libri [...]\" \/>\n<meta property=\"og:url\" content=\"https:\/\/www.liberdomus.it\/en\/prodotto\/william-kentridge-9788857253428-2\/\" \/>\n<meta property=\"og:site_name\" content=\"Liberdomus\" \/>\n<meta name=\"twitter:card\" content=\"summary_large_image\" \/>\n<meta name=\"twitter:label1\" content=\"Est. reading time\" \/>\n\t<meta name=\"twitter:data1\" content=\"1 minute\" \/>\n<script type=\"application\/ld+json\" class=\"yoast-schema-graph\">{\"@context\":\"https:\/\/schema.org\",\"@graph\":[{\"@type\":\"WebPage\",\"@id\":\"https:\/\/www.liberdomus.it\/en\/prodotto\/william-kentridge-9788857253428-2\/\",\"url\":\"https:\/\/www.liberdomus.it\/en\/prodotto\/william-kentridge-9788857253428-2\/\",\"name\":\"William Kentridge - Liberdomus\",\"isPartOf\":{\"@id\":\"https:\/\/www.liberdomus.it\/en\/#website\"},\"primaryImageOfPage\":{\"@id\":\"https:\/\/www.liberdomus.it\/en\/prodotto\/william-kentridge-9788857253428-2\/#primaryimage\"},\"image\":{\"@id\":\"https:\/\/www.liberdomus.it\/en\/prodotto\/william-kentridge-9788857253428-2\/#primaryimage\"},\"thumbnailUrl\":\"https:\/\/www.liberdomus.it\/wp-content\/uploads\/2026\/03\/9788857253428.jpg\",\"datePublished\":\"2026-03-02T08:18:36+00:00\",\"breadcrumb\":{\"@id\":\"https:\/\/www.liberdomus.it\/en\/prodotto\/william-kentridge-9788857253428-2\/#breadcrumb\"},\"inLanguage\":\"en-US\",\"potentialAction\":[{\"@type\":\"ReadAction\",\"target\":[\"https:\/\/www.liberdomus.it\/en\/prodotto\/william-kentridge-9788857253428-2\/\"]}]},{\"@type\":\"ImageObject\",\"inLanguage\":\"en-US\",\"@id\":\"https:\/\/www.liberdomus.it\/en\/prodotto\/william-kentridge-9788857253428-2\/#primaryimage\",\"url\":\"https:\/\/www.liberdomus.it\/wp-content\/uploads\/2026\/03\/9788857253428.jpg\",\"contentUrl\":\"https:\/\/www.liberdomus.it\/wp-content\/uploads\/2026\/03\/9788857253428.jpg\",\"width\":1000,\"height\":1283,\"caption\":\"copertina_libro_isbn_9788857253428\"},{\"@type\":\"BreadcrumbList\",\"@id\":\"https:\/\/www.liberdomus.it\/en\/prodotto\/william-kentridge-9788857253428-2\/#breadcrumb\",\"itemListElement\":[{\"@type\":\"ListItem\",\"position\":1,\"name\":\"Home\",\"item\":\"https:\/\/www.liberdomus.it\/en\/\"},{\"@type\":\"ListItem\",\"position\":2,\"name\":\"Shop\",\"item\":\"https:\/\/www.liberdomus.it\/en\/shop\/\"},{\"@type\":\"ListItem\",\"position\":3,\"name\":\"William Kentridge\"}]},{\"@type\":\"WebSite\",\"@id\":\"https:\/\/www.liberdomus.it\/en\/#website\",\"url\":\"https:\/\/www.liberdomus.it\/en\/\",\"name\":\"Liberdomus\",\"description\":\"La tua libreria a casa\",\"potentialAction\":[{\"@type\":\"SearchAction\",\"target\":{\"@type\":\"EntryPoint\",\"urlTemplate\":\"https:\/\/www.liberdomus.it\/en\/?s={search_term_string}\"},\"query-input\":{\"@type\":\"PropertyValueSpecification\",\"valueRequired\":true,\"valueName\":\"search_term_string\"}}],\"inLanguage\":\"en-US\"}]}<\/script>\n<!-- \/ Yoast SEO plugin. -->","yoast_head_json":{"title":"William Kentridge - Liberdomus","robots":{"index":"index","follow":"follow","max-snippet":"max-snippet:-1","max-image-preview":"max-image-preview:large","max-video-preview":"max-video-preview:-1"},"canonical":"https:\/\/www.liberdomus.it\/en\/prodotto\/william-kentridge-9788857253428-2\/","og_locale":"en_US","og_type":"article","og_title":"William Kentridge - Liberdomus","og_description":"La nuova serie Skira Milestones \u00e8 una collana di libri [...]","og_url":"https:\/\/www.liberdomus.it\/en\/prodotto\/william-kentridge-9788857253428-2\/","og_site_name":"Liberdomus","twitter_card":"summary_large_image","twitter_misc":{"Est. reading time":"1 minute"},"schema":{"@context":"https:\/\/schema.org","@graph":[{"@type":"WebPage","@id":"https:\/\/www.liberdomus.it\/en\/prodotto\/william-kentridge-9788857253428-2\/","url":"https:\/\/www.liberdomus.it\/en\/prodotto\/william-kentridge-9788857253428-2\/","name":"William Kentridge - Liberdomus","isPartOf":{"@id":"https:\/\/www.liberdomus.it\/en\/#website"},"primaryImageOfPage":{"@id":"https:\/\/www.liberdomus.it\/en\/prodotto\/william-kentridge-9788857253428-2\/#primaryimage"},"image":{"@id":"https:\/\/www.liberdomus.it\/en\/prodotto\/william-kentridge-9788857253428-2\/#primaryimage"},"thumbnailUrl":"https:\/\/www.liberdomus.it\/wp-content\/uploads\/2026\/03\/9788857253428.jpg","datePublished":"2026-03-02T08:18:36+00:00","breadcrumb":{"@id":"https:\/\/www.liberdomus.it\/en\/prodotto\/william-kentridge-9788857253428-2\/#breadcrumb"},"inLanguage":"en-US","potentialAction":[{"@type":"ReadAction","target":["https:\/\/www.liberdomus.it\/en\/prodotto\/william-kentridge-9788857253428-2\/"]}]},{"@type":"ImageObject","inLanguage":"en-US","@id":"https:\/\/www.liberdomus.it\/en\/prodotto\/william-kentridge-9788857253428-2\/#primaryimage","url":"https:\/\/www.liberdomus.it\/wp-content\/uploads\/2026\/03\/9788857253428.jpg","contentUrl":"https:\/\/www.liberdomus.it\/wp-content\/uploads\/2026\/03\/9788857253428.jpg","width":1000,"height":1283,"caption":"copertina_libro_isbn_9788857253428"},{"@type":"BreadcrumbList","@id":"https:\/\/www.liberdomus.it\/en\/prodotto\/william-kentridge-9788857253428-2\/#breadcrumb","itemListElement":[{"@type":"ListItem","position":1,"name":"Home","item":"https:\/\/www.liberdomus.it\/en\/"},{"@type":"ListItem","position":2,"name":"Shop","item":"https:\/\/www.liberdomus.it\/en\/shop\/"},{"@type":"ListItem","position":3,"name":"William Kentridge"}]},{"@type":"WebSite","@id":"https:\/\/www.liberdomus.it\/en\/#website","url":"https:\/\/www.liberdomus.it\/en\/","name":"Liberdomus","description":"La tua libreria a casa","potentialAction":[{"@type":"SearchAction","target":{"@type":"EntryPoint","urlTemplate":"https:\/\/www.liberdomus.it\/en\/?s={search_term_string}"},"query-input":{"@type":"PropertyValueSpecification","valueRequired":true,"valueName":"search_term_string"}}],"inLanguage":"en-US"}]}},"_links":{"self":[{"href":"https:\/\/www.liberdomus.it\/en\/wp-json\/wp\/v2\/product\/345819","targetHints":{"allow":["GET"]}}],"collection":[{"href":"https:\/\/www.liberdomus.it\/en\/wp-json\/wp\/v2\/product"}],"about":[{"href":"https:\/\/www.liberdomus.it\/en\/wp-json\/wp\/v2\/types\/product"}],"wp:featuredmedia":[{"embeddable":true,"href":"https:\/\/www.liberdomus.it\/en\/wp-json\/wp\/v2\/media\/345817"}],"wp:attachment":[{"href":"https:\/\/www.liberdomus.it\/en\/wp-json\/wp\/v2\/media?parent=345819"}],"wp:term":[{"taxonomy":"product_brand","embeddable":true,"href":"https:\/\/www.liberdomus.it\/en\/wp-json\/wp\/v2\/product_brand?post=345819"},{"taxonomy":"product_cat","embeddable":true,"href":"https:\/\/www.liberdomus.it\/en\/wp-json\/wp\/v2\/product_cat?post=345819"},{"taxonomy":"product_tag","embeddable":true,"href":"https:\/\/www.liberdomus.it\/en\/wp-json\/wp\/v2\/product_tag?post=345819"},{"taxonomy":"editore","embeddable":true,"href":"https:\/\/www.liberdomus.it\/en\/wp-json\/wp\/v2\/editore?post=345819"},{"taxonomy":"autore","embeddable":true,"href":"https:\/\/www.liberdomus.it\/en\/wp-json\/wp\/v2\/autore?post=345819"},{"taxonomy":"curatore","embeddable":true,"href":"https:\/\/www.liberdomus.it\/en\/wp-json\/wp\/v2\/curatore?post=345819"},{"taxonomy":"condizione","embeddable":true,"href":"https:\/\/www.liberdomus.it\/en\/wp-json\/wp\/v2\/condizione?post=345819"},{"taxonomy":"lingua","embeddable":true,"href":"https:\/\/www.liberdomus.it\/en\/wp-json\/wp\/v2\/lingua?post=345819"},{"taxonomy":"tipo_edizione","embeddable":true,"href":"https:\/\/www.liberdomus.it\/en\/wp-json\/wp\/v2\/tipo_edizione?post=345819"},{"taxonomy":"tipo_pubblicazione","embeddable":true,"href":"https:\/\/www.liberdomus.it\/en\/wp-json\/wp\/v2\/tipo_pubblicazione?post=345819"},{"taxonomy":"dewey","embeddable":true,"href":"https:\/\/www.liberdomus.it\/en\/wp-json\/wp\/v2\/dewey?post=345819"},{"taxonomy":"genere","embeddable":true,"href":"https:\/\/www.liberdomus.it\/en\/wp-json\/wp\/v2\/genere?post=345819"},{"taxonomy":"contenuto","embeddable":true,"href":"https:\/\/www.liberdomus.it\/en\/wp-json\/wp\/v2\/contenuto?post=345819"}],"curies":[{"name":"wp","href":"https:\/\/api.w.org\/{rel}","templated":true}]}}