{"id":345728,"date":"2026-02-16T10:19:07","date_gmt":"2026-02-16T09:19:07","guid":{"rendered":"https:\/\/www.liberdomus.it\/product\/buon-maestro-studi-offerti-a-9788846774149-2\/"},"modified":"2026-02-16T10:19:07","modified_gmt":"2026-02-16T09:19:07","slug":"buon-maestro-studi-offerti-a-9788846774149-2","status":"publish","type":"product","link":"https:\/\/www.liberdomus.it\/en\/prodotto\/buon-maestro-studi-offerti-a-9788846774149-2\/","title":{"rendered":"Lo buon maestro : studi offerti a Stefano Carrai dagli allievi pisani"},"content":{"rendered":"<p>Stefano Carrai (Firenze, 1955) ha insegnato, a vario titolo, nelle Universit\u00e0 di Leida, Ginevra, Nancy, Trento e Siena e dal 2018 al 2025 \u00e8 stato professore ordinario di Letteratura italiana alla Scuola Normale Superiore di Pisa. Questa miscellanea, ideata per festeggiare il suo congedo dall&#8217;insegnamento, raccoglie gli scritti di studiosi giovani e giovanissimi che hanno avuto l&#8217;occasione di avvalersi della sua guida durante gli ultimi anni pisani. I temi e gli autori trattati spaziano dalle Origini alla contemporaneit\u00e0, riflettendo la straordinaria vastit\u00e0 di interessi del festeggiato, che nel corso della sua carriera, in continuit\u00e0 con i grandi maestri del Novecento, si \u00e8 occupato di testi e autori medievali e rinascimentali, ma anche di letteratura moderna e contemporanea. Una raccolta, insomma, che vorrebbe testimoniare la stima, l&#8217;affetto e la gratitudine degli allievi per il suo generoso magistero e insieme onorare la rilevanza dei suoi studi per la letteratura e la filologia italiane.<\/p>\n","protected":false},"excerpt":{"rendered":"<p>Stefano Carrai (Firenze, 1955) ha insegnato, a vario titolo, nelle  [&#8230;]<\/p>\n","protected":false},"featured_media":345726,"template":"","meta":{"_acf_changed":false},"product_brand":[],"product_cat":[24159],"product_tag":[],"editore":[27567],"autore":[],"curatore":[75800,45997],"condizione":[26342],"lingua":[26340],"tipo_edizione":[],"tipo_pubblicazione":[24232],"dewey":[25765,26134],"genere":[24219],"contenuto":[24238],"class_list":{"0":"post-345728","1":"product","2":"type-product","3":"status-publish","4":"has-post-thumbnail","6":"product_cat-literature","7":"editore-edizioni-ets","8":"curatore-bartoloni-lorenzo","9":"curatore-landi-marco","10":"condizione-new","11":"lingua-italian","12":"tipo_pubblicazione-monograph","13":"dewey-italian-romanian-rhaeto-romanic","15":"genere-festschrift-en","16":"contenuto-indice-en","18":"first","19":"instock","20":"featured","21":"shipping-taxable","22":"purchasable","23":"product-type-simple"},"acf":[],"yoast_head":"<!-- This site is optimized with the Yoast SEO plugin v25.8 - https:\/\/yoast.com\/wordpress\/plugins\/seo\/ -->\n<title>buon maestro : studi offerti a Stefano Carrai dagli allievi pisani - Liberdomus<\/title>\n<meta name=\"robots\" content=\"index, follow, max-snippet:-1, max-image-preview:large, max-video-preview:-1\" \/>\n<link rel=\"canonical\" href=\"https:\/\/www.liberdomus.it\/en\/prodotto\/buon-maestro-studi-offerti-a-9788846774149-2\/\" \/>\n<meta property=\"og:locale\" content=\"en_US\" \/>\n<meta property=\"og:type\" content=\"article\" \/>\n<meta property=\"og:title\" content=\"buon maestro : studi offerti a Stefano Carrai dagli allievi pisani - Liberdomus\" \/>\n<meta property=\"og:description\" content=\"Stefano Carrai (Firenze, 1955) ha insegnato, a vario titolo, nelle [...]\" \/>\n<meta property=\"og:url\" content=\"https:\/\/www.liberdomus.it\/en\/prodotto\/buon-maestro-studi-offerti-a-9788846774149-2\/\" \/>\n<meta property=\"og:site_name\" content=\"Liberdomus\" \/>\n<meta name=\"twitter:card\" content=\"summary_large_image\" \/>\n<meta name=\"twitter:label1\" content=\"Est. reading time\" \/>\n\t<meta name=\"twitter:data1\" content=\"1 minute\" \/>\n<script type=\"application\/ld+json\" class=\"yoast-schema-graph\">{\"@context\":\"https:\/\/schema.org\",\"@graph\":[{\"@type\":\"WebPage\",\"@id\":\"https:\/\/www.liberdomus.it\/en\/prodotto\/buon-maestro-studi-offerti-a-9788846774149-2\/\",\"url\":\"https:\/\/www.liberdomus.it\/en\/prodotto\/buon-maestro-studi-offerti-a-9788846774149-2\/\",\"name\":\"buon maestro : studi offerti a Stefano Carrai dagli allievi pisani - Liberdomus\",\"isPartOf\":{\"@id\":\"https:\/\/www.liberdomus.it\/en\/#website\"},\"primaryImageOfPage\":{\"@id\":\"https:\/\/www.liberdomus.it\/en\/prodotto\/buon-maestro-studi-offerti-a-9788846774149-2\/#primaryimage\"},\"image\":{\"@id\":\"https:\/\/www.liberdomus.it\/en\/prodotto\/buon-maestro-studi-offerti-a-9788846774149-2\/#primaryimage\"},\"thumbnailUrl\":\"https:\/\/www.liberdomus.it\/wp-content\/uploads\/2026\/02\/9788846774149.jpg\",\"datePublished\":\"2026-02-16T09:19:07+00:00\",\"breadcrumb\":{\"@id\":\"https:\/\/www.liberdomus.it\/en\/prodotto\/buon-maestro-studi-offerti-a-9788846774149-2\/#breadcrumb\"},\"inLanguage\":\"en-US\",\"potentialAction\":[{\"@type\":\"ReadAction\",\"target\":[\"https:\/\/www.liberdomus.it\/en\/prodotto\/buon-maestro-studi-offerti-a-9788846774149-2\/\"]}]},{\"@type\":\"ImageObject\",\"inLanguage\":\"en-US\",\"@id\":\"https:\/\/www.liberdomus.it\/en\/prodotto\/buon-maestro-studi-offerti-a-9788846774149-2\/#primaryimage\",\"url\":\"https:\/\/www.liberdomus.it\/wp-content\/uploads\/2026\/02\/9788846774149.jpg\",\"contentUrl\":\"https:\/\/www.liberdomus.it\/wp-content\/uploads\/2026\/02\/9788846774149.jpg\",\"width\":1000,\"height\":1392,\"caption\":\"copertina_libro_isbn_9788846774149\"},{\"@type\":\"BreadcrumbList\",\"@id\":\"https:\/\/www.liberdomus.it\/en\/prodotto\/buon-maestro-studi-offerti-a-9788846774149-2\/#breadcrumb\",\"itemListElement\":[{\"@type\":\"ListItem\",\"position\":1,\"name\":\"Home\",\"item\":\"https:\/\/www.liberdomus.it\/en\/\"},{\"@type\":\"ListItem\",\"position\":2,\"name\":\"Shop\",\"item\":\"https:\/\/www.liberdomus.it\/en\/shop\/\"},{\"@type\":\"ListItem\",\"position\":3,\"name\":\"buon maestro : studi offerti a Stefano Carrai dagli allievi pisani\"}]},{\"@type\":\"WebSite\",\"@id\":\"https:\/\/www.liberdomus.it\/en\/#website\",\"url\":\"https:\/\/www.liberdomus.it\/en\/\",\"name\":\"Liberdomus\",\"description\":\"La tua libreria a casa\",\"potentialAction\":[{\"@type\":\"SearchAction\",\"target\":{\"@type\":\"EntryPoint\",\"urlTemplate\":\"https:\/\/www.liberdomus.it\/en\/?s={search_term_string}\"},\"query-input\":{\"@type\":\"PropertyValueSpecification\",\"valueRequired\":true,\"valueName\":\"search_term_string\"}}],\"inLanguage\":\"en-US\"}]}<\/script>\n<!-- \/ Yoast SEO plugin. -->","yoast_head_json":{"title":"buon maestro : studi offerti a Stefano Carrai dagli allievi pisani - Liberdomus","robots":{"index":"index","follow":"follow","max-snippet":"max-snippet:-1","max-image-preview":"max-image-preview:large","max-video-preview":"max-video-preview:-1"},"canonical":"https:\/\/www.liberdomus.it\/en\/prodotto\/buon-maestro-studi-offerti-a-9788846774149-2\/","og_locale":"en_US","og_type":"article","og_title":"buon maestro : studi offerti a Stefano Carrai dagli allievi pisani - Liberdomus","og_description":"Stefano Carrai (Firenze, 1955) ha insegnato, a vario titolo, nelle [...]","og_url":"https:\/\/www.liberdomus.it\/en\/prodotto\/buon-maestro-studi-offerti-a-9788846774149-2\/","og_site_name":"Liberdomus","twitter_card":"summary_large_image","twitter_misc":{"Est. reading time":"1 minute"},"schema":{"@context":"https:\/\/schema.org","@graph":[{"@type":"WebPage","@id":"https:\/\/www.liberdomus.it\/en\/prodotto\/buon-maestro-studi-offerti-a-9788846774149-2\/","url":"https:\/\/www.liberdomus.it\/en\/prodotto\/buon-maestro-studi-offerti-a-9788846774149-2\/","name":"buon maestro : studi offerti a Stefano Carrai dagli allievi pisani - Liberdomus","isPartOf":{"@id":"https:\/\/www.liberdomus.it\/en\/#website"},"primaryImageOfPage":{"@id":"https:\/\/www.liberdomus.it\/en\/prodotto\/buon-maestro-studi-offerti-a-9788846774149-2\/#primaryimage"},"image":{"@id":"https:\/\/www.liberdomus.it\/en\/prodotto\/buon-maestro-studi-offerti-a-9788846774149-2\/#primaryimage"},"thumbnailUrl":"https:\/\/www.liberdomus.it\/wp-content\/uploads\/2026\/02\/9788846774149.jpg","datePublished":"2026-02-16T09:19:07+00:00","breadcrumb":{"@id":"https:\/\/www.liberdomus.it\/en\/prodotto\/buon-maestro-studi-offerti-a-9788846774149-2\/#breadcrumb"},"inLanguage":"en-US","potentialAction":[{"@type":"ReadAction","target":["https:\/\/www.liberdomus.it\/en\/prodotto\/buon-maestro-studi-offerti-a-9788846774149-2\/"]}]},{"@type":"ImageObject","inLanguage":"en-US","@id":"https:\/\/www.liberdomus.it\/en\/prodotto\/buon-maestro-studi-offerti-a-9788846774149-2\/#primaryimage","url":"https:\/\/www.liberdomus.it\/wp-content\/uploads\/2026\/02\/9788846774149.jpg","contentUrl":"https:\/\/www.liberdomus.it\/wp-content\/uploads\/2026\/02\/9788846774149.jpg","width":1000,"height":1392,"caption":"copertina_libro_isbn_9788846774149"},{"@type":"BreadcrumbList","@id":"https:\/\/www.liberdomus.it\/en\/prodotto\/buon-maestro-studi-offerti-a-9788846774149-2\/#breadcrumb","itemListElement":[{"@type":"ListItem","position":1,"name":"Home","item":"https:\/\/www.liberdomus.it\/en\/"},{"@type":"ListItem","position":2,"name":"Shop","item":"https:\/\/www.liberdomus.it\/en\/shop\/"},{"@type":"ListItem","position":3,"name":"buon maestro : studi offerti a Stefano Carrai dagli allievi pisani"}]},{"@type":"WebSite","@id":"https:\/\/www.liberdomus.it\/en\/#website","url":"https:\/\/www.liberdomus.it\/en\/","name":"Liberdomus","description":"La tua libreria a casa","potentialAction":[{"@type":"SearchAction","target":{"@type":"EntryPoint","urlTemplate":"https:\/\/www.liberdomus.it\/en\/?s={search_term_string}"},"query-input":{"@type":"PropertyValueSpecification","valueRequired":true,"valueName":"search_term_string"}}],"inLanguage":"en-US"}]}},"_links":{"self":[{"href":"https:\/\/www.liberdomus.it\/en\/wp-json\/wp\/v2\/product\/345728","targetHints":{"allow":["GET"]}}],"collection":[{"href":"https:\/\/www.liberdomus.it\/en\/wp-json\/wp\/v2\/product"}],"about":[{"href":"https:\/\/www.liberdomus.it\/en\/wp-json\/wp\/v2\/types\/product"}],"wp:featuredmedia":[{"embeddable":true,"href":"https:\/\/www.liberdomus.it\/en\/wp-json\/wp\/v2\/media\/345726"}],"wp:attachment":[{"href":"https:\/\/www.liberdomus.it\/en\/wp-json\/wp\/v2\/media?parent=345728"}],"wp:term":[{"taxonomy":"product_brand","embeddable":true,"href":"https:\/\/www.liberdomus.it\/en\/wp-json\/wp\/v2\/product_brand?post=345728"},{"taxonomy":"product_cat","embeddable":true,"href":"https:\/\/www.liberdomus.it\/en\/wp-json\/wp\/v2\/product_cat?post=345728"},{"taxonomy":"product_tag","embeddable":true,"href":"https:\/\/www.liberdomus.it\/en\/wp-json\/wp\/v2\/product_tag?post=345728"},{"taxonomy":"editore","embeddable":true,"href":"https:\/\/www.liberdomus.it\/en\/wp-json\/wp\/v2\/editore?post=345728"},{"taxonomy":"autore","embeddable":true,"href":"https:\/\/www.liberdomus.it\/en\/wp-json\/wp\/v2\/autore?post=345728"},{"taxonomy":"curatore","embeddable":true,"href":"https:\/\/www.liberdomus.it\/en\/wp-json\/wp\/v2\/curatore?post=345728"},{"taxonomy":"condizione","embeddable":true,"href":"https:\/\/www.liberdomus.it\/en\/wp-json\/wp\/v2\/condizione?post=345728"},{"taxonomy":"lingua","embeddable":true,"href":"https:\/\/www.liberdomus.it\/en\/wp-json\/wp\/v2\/lingua?post=345728"},{"taxonomy":"tipo_edizione","embeddable":true,"href":"https:\/\/www.liberdomus.it\/en\/wp-json\/wp\/v2\/tipo_edizione?post=345728"},{"taxonomy":"tipo_pubblicazione","embeddable":true,"href":"https:\/\/www.liberdomus.it\/en\/wp-json\/wp\/v2\/tipo_pubblicazione?post=345728"},{"taxonomy":"dewey","embeddable":true,"href":"https:\/\/www.liberdomus.it\/en\/wp-json\/wp\/v2\/dewey?post=345728"},{"taxonomy":"genere","embeddable":true,"href":"https:\/\/www.liberdomus.it\/en\/wp-json\/wp\/v2\/genere?post=345728"},{"taxonomy":"contenuto","embeddable":true,"href":"https:\/\/www.liberdomus.it\/en\/wp-json\/wp\/v2\/contenuto?post=345728"}],"curies":[{"name":"wp","href":"https:\/\/api.w.org\/{rel}","templated":true}]}}