{"id":345660,"date":"2026-02-16T10:18:08","date_gmt":"2026-02-16T09:18:08","guid":{"rendered":"https:\/\/www.liberdomus.it\/product\/due-ducati-di-napoli-e-9788872976739-2\/"},"modified":"2026-02-16T10:18:08","modified_gmt":"2026-02-16T09:18:08","slug":"due-ducati-di-napoli-e-9788872976739-2","status":"publish","type":"product","link":"https:\/\/www.liberdomus.it\/en\/prodotto\/due-ducati-di-napoli-e-9788872976739-2\/","title":{"rendered":"I due ducati di Napoli e Gaeta : spunti e fonti per una storia dell\u2019alto Medioevo"},"content":{"rendered":"<p>La storia e i destini di Napoli e Gaeta sono stati spesso accomunati \u201cnella buona e nella cattiva sorte\u201d, secolo per secolo. Al di l\u00e0 dell\u2019importanza nell\u2019epoca romana per entrambe le citt\u00e0 con i loro preziosi golfi e di una storia che spesso diventa mito (e viceversa), l\u2019obiettivo di questa breve pubblicazione \u00e8 quello di accendere un piccolo faro su un periodo non molto conosciuto, per alcuni aspetti a livello storiografico e per tanti aspetti a livello \u201cpopolare\u201d. Pochissime le tracce e le notizie, come ribadito pi\u00f9 volte in queste pagine, della Napoli ducale e lo stesso discorso si pu\u00f2 fare per la storia della Gaeta ducale. Due storie parallele, di grande importanza e spesso, per\u00f2, intrecciate e ci si chiede perch\u00e9 \u00e8 giustamente famosa magari la storia dei Comuni dell\u2019Italia centro-settentrionale e non c\u2019\u00e8 libro di scuola che riporti, invece, questi esempi significativi e importanti dal punto di vista del diritto, della cultura, della societ\u00e0 e della religiosit\u00e0. \u201cNe\u2019 tempi antichi fu governata questa Citt\u00e0 come Republica [\u2026] havendo havuto per Direttori, e Capi, Doci, e Connoli, come appare chiaramente in una scrittura fatta da Giovan Diacono Scriba nel 1135, in cui Riccardo Doce di Gaeta con quattro Consoli dona alla Chiesa Vescovale l\u2019enige per la misura dell\u2019oglio, che spettava alla Citt\u00e0. Batt\u00e8 monete, arm\u00f2 Galee, come si legge nel privilegio del Re Tancredi fatto nel 1191. Ecco tutti i segni di Republica, dico, i Doci, i Connoli, il batter monete, l\u2019armar legni in mare. Notasi, che di sopra s\u2019\u00e8 detto, che Gaeta visse come Republica, ma n\u00e9 gi\u00e0, che sia stata Republica in vero, e proprio senso, poi che le vere Republiche sono independenti, n\u00e8 conoscono Superiore; e pur Gaeta, in tempo che Docibile n\u2019era Doce, sta va soggetta al Papa. Fu dunque nominata Republica in riguardo all\u2019esentioni, e franchigie, che godeva come Citt\u00e0 privilegiata. Poi nel I450 fu dal Re Alfonso d\u2019Aragona costituito nel governo di Gaeta un Cavaliero per nome D. Alfonso de Cardines, con titolo di Vic-Re di Gaeta, e della Provincia di Lavoro oltre il fiume Garigliano. Fu anco facoltosa quest\u2019universit\u00e0 ne\u2019 tempi passati, havendo fatte molte compre di dogane. \u00c8 stata padrona delle Scafe della Torre del Garigliano, e della Torre a Mare. Fu padrona delli Castelli di Sujo, di Maranola, d\u2019Itri, di Sperlonga; del l\u2019Isole di Ponza, Palmeria, e Sennone; delli Porti di Sujo, di Setra, di Corciano, di Patria; ed al presente ha giurisditione sopra Castellone, e Mola. Ha mantenuto due Galee co\u2019 altri legni; ha mantenuto guerre; have armato per mare a favor della Chiesa contra i Saraceni a tempo di Papa Leone IV nell\u2019848. E ne questa Citt\u00e0 merita lode per li suoi antichi natali, e per esser vissuta colle prerogative di Republica; se gli deve accrescer maggiormente per le cose notabili, e maravigliose, che sono in essa\u201d. Se una delle nostre \u201cmissioni\u201d, allora, \u00e8 la ricostruzione della nostra memoria per associarla all\u2019orgoglio (soprattutto presso le nuove generazioni), le parole suggestive e appassionate di questo scrittore di circa quattro secoli fa sono utilissime come \u201cnotabili e maravigliose\u201d sono le cose di questa citt\u00e0 che ebbe privilegi e fu governata, a partire proprio dall\u2019epoca alto-medioevale, \u201ccome una repubblica\u201d.<\/p>\n","protected":false},"excerpt":{"rendered":"<p>La storia e i destini di Napoli e Gaeta sono  [&#8230;]<\/p>\n","protected":false},"featured_media":345658,"template":"","meta":{"_acf_changed":false},"product_brand":[],"product_cat":[72368,24164],"product_tag":[],"editore":[27981],"autore":[72557,33091],"curatore":[],"condizione":[26342],"lingua":[26340],"tipo_edizione":[],"tipo_pubblicazione":[24232],"dewey":[26221,70258],"genere":[],"contenuto":[24238],"class_list":{"0":"post-345660","1":"product","2":"type-product","3":"status-publish","4":"has-post-thumbnail","6":"product_cat-ancient-and-medieval-history","7":"product_cat-history","8":"editore-abe-arturo-bascetta-edizioni","9":"autore-boccia-antonio-vito","10":"condizione-new","11":"lingua-italian","12":"tipo_pubblicazione-monograph","13":"dewey-italian-peninsula-adjacent-islands","14":"dewey-medieval-history","15":"contenuto-indice-en","17":"first","18":"instock","19":"featured","20":"shipping-taxable","21":"purchasable","22":"product-type-simple"},"acf":[],"yoast_head":"<!-- This site is optimized with the Yoast SEO plugin v25.8 - https:\/\/yoast.com\/wordpress\/plugins\/seo\/ -->\n<title>due ducati di Napoli e Gaeta : spunti e fonti per una storia dell\u2019alto Medioevo - Liberdomus<\/title>\n<meta name=\"robots\" content=\"index, follow, max-snippet:-1, max-image-preview:large, max-video-preview:-1\" \/>\n<link rel=\"canonical\" href=\"https:\/\/www.liberdomus.it\/en\/prodotto\/due-ducati-di-napoli-e-9788872976739-2\/\" \/>\n<meta property=\"og:locale\" content=\"en_US\" \/>\n<meta property=\"og:type\" content=\"article\" \/>\n<meta property=\"og:title\" content=\"due ducati di Napoli e Gaeta : spunti e fonti per una storia dell\u2019alto Medioevo - Liberdomus\" \/>\n<meta property=\"og:description\" content=\"La storia e i destini di Napoli e Gaeta sono [...]\" \/>\n<meta property=\"og:url\" content=\"https:\/\/www.liberdomus.it\/en\/prodotto\/due-ducati-di-napoli-e-9788872976739-2\/\" \/>\n<meta property=\"og:site_name\" content=\"Liberdomus\" \/>\n<meta name=\"twitter:card\" content=\"summary_large_image\" \/>\n<meta name=\"twitter:label1\" content=\"Est. reading time\" \/>\n\t<meta name=\"twitter:data1\" content=\"3 minutes\" \/>\n<script type=\"application\/ld+json\" class=\"yoast-schema-graph\">{\"@context\":\"https:\/\/schema.org\",\"@graph\":[{\"@type\":\"WebPage\",\"@id\":\"https:\/\/www.liberdomus.it\/en\/prodotto\/due-ducati-di-napoli-e-9788872976739-2\/\",\"url\":\"https:\/\/www.liberdomus.it\/en\/prodotto\/due-ducati-di-napoli-e-9788872976739-2\/\",\"name\":\"due ducati di Napoli e Gaeta : spunti e fonti per una storia dell\u2019alto Medioevo - Liberdomus\",\"isPartOf\":{\"@id\":\"https:\/\/www.liberdomus.it\/en\/#website\"},\"primaryImageOfPage\":{\"@id\":\"https:\/\/www.liberdomus.it\/en\/prodotto\/due-ducati-di-napoli-e-9788872976739-2\/#primaryimage\"},\"image\":{\"@id\":\"https:\/\/www.liberdomus.it\/en\/prodotto\/due-ducati-di-napoli-e-9788872976739-2\/#primaryimage\"},\"thumbnailUrl\":\"https:\/\/www.liberdomus.it\/wp-content\/uploads\/2026\/02\/9788872976739.jpg\",\"datePublished\":\"2026-02-16T09:18:08+00:00\",\"breadcrumb\":{\"@id\":\"https:\/\/www.liberdomus.it\/en\/prodotto\/due-ducati-di-napoli-e-9788872976739-2\/#breadcrumb\"},\"inLanguage\":\"en-US\",\"potentialAction\":[{\"@type\":\"ReadAction\",\"target\":[\"https:\/\/www.liberdomus.it\/en\/prodotto\/due-ducati-di-napoli-e-9788872976739-2\/\"]}]},{\"@type\":\"ImageObject\",\"inLanguage\":\"en-US\",\"@id\":\"https:\/\/www.liberdomus.it\/en\/prodotto\/due-ducati-di-napoli-e-9788872976739-2\/#primaryimage\",\"url\":\"https:\/\/www.liberdomus.it\/wp-content\/uploads\/2026\/02\/9788872976739.jpg\",\"contentUrl\":\"https:\/\/www.liberdomus.it\/wp-content\/uploads\/2026\/02\/9788872976739.jpg\",\"width\":1000,\"height\":1418,\"caption\":\"copertina_libro_isbn_9788872976739\"},{\"@type\":\"BreadcrumbList\",\"@id\":\"https:\/\/www.liberdomus.it\/en\/prodotto\/due-ducati-di-napoli-e-9788872976739-2\/#breadcrumb\",\"itemListElement\":[{\"@type\":\"ListItem\",\"position\":1,\"name\":\"Home\",\"item\":\"https:\/\/www.liberdomus.it\/en\/\"},{\"@type\":\"ListItem\",\"position\":2,\"name\":\"Shop\",\"item\":\"https:\/\/www.liberdomus.it\/en\/shop\/\"},{\"@type\":\"ListItem\",\"position\":3,\"name\":\"due ducati di Napoli e Gaeta : spunti e fonti per una storia dell\u2019alto Medioevo\"}]},{\"@type\":\"WebSite\",\"@id\":\"https:\/\/www.liberdomus.it\/en\/#website\",\"url\":\"https:\/\/www.liberdomus.it\/en\/\",\"name\":\"Liberdomus\",\"description\":\"La tua libreria a casa\",\"potentialAction\":[{\"@type\":\"SearchAction\",\"target\":{\"@type\":\"EntryPoint\",\"urlTemplate\":\"https:\/\/www.liberdomus.it\/en\/?s={search_term_string}\"},\"query-input\":{\"@type\":\"PropertyValueSpecification\",\"valueRequired\":true,\"valueName\":\"search_term_string\"}}],\"inLanguage\":\"en-US\"}]}<\/script>\n<!-- \/ Yoast SEO plugin. -->","yoast_head_json":{"title":"due ducati di Napoli e Gaeta : spunti e fonti per una storia dell\u2019alto Medioevo - Liberdomus","robots":{"index":"index","follow":"follow","max-snippet":"max-snippet:-1","max-image-preview":"max-image-preview:large","max-video-preview":"max-video-preview:-1"},"canonical":"https:\/\/www.liberdomus.it\/en\/prodotto\/due-ducati-di-napoli-e-9788872976739-2\/","og_locale":"en_US","og_type":"article","og_title":"due ducati di Napoli e Gaeta : spunti e fonti per una storia dell\u2019alto Medioevo - Liberdomus","og_description":"La storia e i destini di Napoli e Gaeta sono [...]","og_url":"https:\/\/www.liberdomus.it\/en\/prodotto\/due-ducati-di-napoli-e-9788872976739-2\/","og_site_name":"Liberdomus","twitter_card":"summary_large_image","twitter_misc":{"Est. reading time":"3 minutes"},"schema":{"@context":"https:\/\/schema.org","@graph":[{"@type":"WebPage","@id":"https:\/\/www.liberdomus.it\/en\/prodotto\/due-ducati-di-napoli-e-9788872976739-2\/","url":"https:\/\/www.liberdomus.it\/en\/prodotto\/due-ducati-di-napoli-e-9788872976739-2\/","name":"due ducati di Napoli e Gaeta : spunti e fonti per una storia dell\u2019alto Medioevo - Liberdomus","isPartOf":{"@id":"https:\/\/www.liberdomus.it\/en\/#website"},"primaryImageOfPage":{"@id":"https:\/\/www.liberdomus.it\/en\/prodotto\/due-ducati-di-napoli-e-9788872976739-2\/#primaryimage"},"image":{"@id":"https:\/\/www.liberdomus.it\/en\/prodotto\/due-ducati-di-napoli-e-9788872976739-2\/#primaryimage"},"thumbnailUrl":"https:\/\/www.liberdomus.it\/wp-content\/uploads\/2026\/02\/9788872976739.jpg","datePublished":"2026-02-16T09:18:08+00:00","breadcrumb":{"@id":"https:\/\/www.liberdomus.it\/en\/prodotto\/due-ducati-di-napoli-e-9788872976739-2\/#breadcrumb"},"inLanguage":"en-US","potentialAction":[{"@type":"ReadAction","target":["https:\/\/www.liberdomus.it\/en\/prodotto\/due-ducati-di-napoli-e-9788872976739-2\/"]}]},{"@type":"ImageObject","inLanguage":"en-US","@id":"https:\/\/www.liberdomus.it\/en\/prodotto\/due-ducati-di-napoli-e-9788872976739-2\/#primaryimage","url":"https:\/\/www.liberdomus.it\/wp-content\/uploads\/2026\/02\/9788872976739.jpg","contentUrl":"https:\/\/www.liberdomus.it\/wp-content\/uploads\/2026\/02\/9788872976739.jpg","width":1000,"height":1418,"caption":"copertina_libro_isbn_9788872976739"},{"@type":"BreadcrumbList","@id":"https:\/\/www.liberdomus.it\/en\/prodotto\/due-ducati-di-napoli-e-9788872976739-2\/#breadcrumb","itemListElement":[{"@type":"ListItem","position":1,"name":"Home","item":"https:\/\/www.liberdomus.it\/en\/"},{"@type":"ListItem","position":2,"name":"Shop","item":"https:\/\/www.liberdomus.it\/en\/shop\/"},{"@type":"ListItem","position":3,"name":"due ducati di Napoli e Gaeta : spunti e fonti per una storia dell\u2019alto Medioevo"}]},{"@type":"WebSite","@id":"https:\/\/www.liberdomus.it\/en\/#website","url":"https:\/\/www.liberdomus.it\/en\/","name":"Liberdomus","description":"La tua libreria a casa","potentialAction":[{"@type":"SearchAction","target":{"@type":"EntryPoint","urlTemplate":"https:\/\/www.liberdomus.it\/en\/?s={search_term_string}"},"query-input":{"@type":"PropertyValueSpecification","valueRequired":true,"valueName":"search_term_string"}}],"inLanguage":"en-US"}]}},"_links":{"self":[{"href":"https:\/\/www.liberdomus.it\/en\/wp-json\/wp\/v2\/product\/345660","targetHints":{"allow":["GET"]}}],"collection":[{"href":"https:\/\/www.liberdomus.it\/en\/wp-json\/wp\/v2\/product"}],"about":[{"href":"https:\/\/www.liberdomus.it\/en\/wp-json\/wp\/v2\/types\/product"}],"wp:featuredmedia":[{"embeddable":true,"href":"https:\/\/www.liberdomus.it\/en\/wp-json\/wp\/v2\/media\/345658"}],"wp:attachment":[{"href":"https:\/\/www.liberdomus.it\/en\/wp-json\/wp\/v2\/media?parent=345660"}],"wp:term":[{"taxonomy":"product_brand","embeddable":true,"href":"https:\/\/www.liberdomus.it\/en\/wp-json\/wp\/v2\/product_brand?post=345660"},{"taxonomy":"product_cat","embeddable":true,"href":"https:\/\/www.liberdomus.it\/en\/wp-json\/wp\/v2\/product_cat?post=345660"},{"taxonomy":"product_tag","embeddable":true,"href":"https:\/\/www.liberdomus.it\/en\/wp-json\/wp\/v2\/product_tag?post=345660"},{"taxonomy":"editore","embeddable":true,"href":"https:\/\/www.liberdomus.it\/en\/wp-json\/wp\/v2\/editore?post=345660"},{"taxonomy":"autore","embeddable":true,"href":"https:\/\/www.liberdomus.it\/en\/wp-json\/wp\/v2\/autore?post=345660"},{"taxonomy":"curatore","embeddable":true,"href":"https:\/\/www.liberdomus.it\/en\/wp-json\/wp\/v2\/curatore?post=345660"},{"taxonomy":"condizione","embeddable":true,"href":"https:\/\/www.liberdomus.it\/en\/wp-json\/wp\/v2\/condizione?post=345660"},{"taxonomy":"lingua","embeddable":true,"href":"https:\/\/www.liberdomus.it\/en\/wp-json\/wp\/v2\/lingua?post=345660"},{"taxonomy":"tipo_edizione","embeddable":true,"href":"https:\/\/www.liberdomus.it\/en\/wp-json\/wp\/v2\/tipo_edizione?post=345660"},{"taxonomy":"tipo_pubblicazione","embeddable":true,"href":"https:\/\/www.liberdomus.it\/en\/wp-json\/wp\/v2\/tipo_pubblicazione?post=345660"},{"taxonomy":"dewey","embeddable":true,"href":"https:\/\/www.liberdomus.it\/en\/wp-json\/wp\/v2\/dewey?post=345660"},{"taxonomy":"genere","embeddable":true,"href":"https:\/\/www.liberdomus.it\/en\/wp-json\/wp\/v2\/genere?post=345660"},{"taxonomy":"contenuto","embeddable":true,"href":"https:\/\/www.liberdomus.it\/en\/wp-json\/wp\/v2\/contenuto?post=345660"}],"curies":[{"name":"wp","href":"https:\/\/api.w.org\/{rel}","templated":true}]}}