{"id":336416,"date":"2025-04-30T11:16:31","date_gmt":"2025-04-30T09:16:31","guid":{"rendered":"https:\/\/www.liberdomus.it\/prodotto\/antidotarium-nicolai-studien-zu-textgestalt-werkbildung-und-uberlieferung-mit-synoptischer-arbeitsedition-2\/"},"modified":"2025-04-30T11:16:31","modified_gmt":"2025-04-30T09:16:31","slug":"antidotarium-nicolai-studien-zu-textgestalt-werkbildung-und-uberlieferung-mit-synoptischer-arbeitsedition-2","status":"publish","type":"product","link":"https:\/\/www.liberdomus.it\/en\/prodotto\/antidotarium-nicolai-studien-zu-textgestalt-werkbildung-und-uberlieferung-mit-synoptischer-arbeitsedition-2\/","title":{"rendered":"Antidotarium Nicolai : studien zu Textgestalt, Werkbildung und \u00dcberlieferung. Mit synoptischer Arbeitsedition"},"content":{"rendered":"<p>Das Antidotarium Nicolai ist das wirkm\u00e4chtigste Antidotar des Mittelalters und der fr\u00fchen Neuzeit. Der Text ist in nahezu alle Volkssprachen Europas wie auch ins Hebr\u00e4ische und Arabische \u00fcbertragen und bereits 1471 gedruckt worden. Die lateinische handschriftliche \u00dcberlieferung d\u00fcrfte im vierstelligen Bereich liegen.<br \/>\nIn krassem Widerspruch zu seiner Bedeutung ist der Stand der Erforschung des Textes, der als \u00e4u\u00dferst mangelhaft zu charakterisieren ist. Das beginnt mit der v\u00f6llig unklaren Textgestalt auf Detail- und Gesamtebene, setzt sich mit den Problemen rund um Autorschaft, Entstehungszeitpunkt und -ort fort und m\u00fcndet schlie\u00dflich in Fragen nach der konkreten Bedeutung einzelner Teile und der Umsetzung der in ihnen genannten Bestimmungen in die Praxis.<br \/>\nDer vorliegende Band geht diesen Fragen nach, interpretiert die einzelnen Teile des Textes und setzt sie mit anderen Produkten der sogenannten Medizinschule von Salerno in Beziehung. Erstmalig erkl\u00e4rt er schl\u00fcssig sein kompliziertes medizinalmetrologisches System, das ganz au\u00dfergew\u00f6hnliche Einblicke erlaubt, und verfolgt die direkt im Anschlu\u00df an den Beginn der \u00dcberlieferung (Normalform) einsetzende Verformung und Reorganisation des Textes, die geradezu als Charakteristikum des Antidotarium Nicolai zu gelten hat. Als deren Ausflu\u00df entstehen nicht nur v\u00f6llig unterschiedliche \u00dcberlieferungen des Textes selbst, sondern, parallel dazu und auf der Grundlage seiner textlichen Zerkl\u00fcftung, Elemente sekund\u00e4rer Funktion, die sich an das Antidotarium Nicolai anlagern und als Funktionserweiterung des urspr\u00fcnglich Intendierten einerseits wie auch als Reaktion auf ver\u00e4nderte Verh\u00e4ltnisse auf der anderen Seite aufgefa\u00dft werden k\u00f6nnen. Der Band bietet \u00fcberdies eine tabellarische \u00dcbersicht \u00fcber die textlich-strukturellen Kennzeichen der Normalform wie auch eine Arbeitsedition auf der Grundlage von zwei ausgew\u00e4hlten und repr\u00e4sentativen Textzeugen.<\/p>\n","protected":false},"excerpt":{"rendered":"<p>Das Antidotarium Nicolai ist das wirkm\u00e4chtigste Antidotar des Mittelalters und  [&#8230;]<\/p>\n","protected":false},"featured_media":336414,"template":"","meta":{"_acf_changed":false},"product_brand":[],"product_cat":[72368,51752,51764],"product_tag":[],"editore":[27606],"autore":[73916],"curatore":[],"condizione":[26342],"lingua":[24186],"tipo_edizione":[],"tipo_pubblicazione":[24232],"dewey":[25442,70258],"genere":[],"contenuto":[24238],"class_list":{"0":"post-336416","1":"product","2":"type-product","3":"status-publish","4":"has-post-thumbnail","6":"product_cat-ancient-and-medieval-history","7":"product_cat-bibliography-archives-manuscripts","8":"product_cat-manuscripts-and-rare-books","9":"editore-sismel-edizioni-del-galluzzo","10":"autore-roberg-francesco","11":"condizione-new","12":"lingua-multilingua-en","13":"tipo_pubblicazione-monograph","14":"dewey-manuscripts-rare-books","15":"dewey-medieval-history","16":"contenuto-indice-en","18":"first","19":"instock","20":"featured","21":"shipping-taxable","22":"purchasable","23":"product-type-simple"},"acf":[],"yoast_head":"<!-- This site is optimized with the Yoast SEO plugin v25.8 - https:\/\/yoast.com\/wordpress\/plugins\/seo\/ -->\n<title>Antidotarium Nicolai : studien zu Textgestalt, Werkbildung und \u00dcberlieferung. Mit synoptischer Arbeitsedition - Liberdomus<\/title>\n<meta name=\"robots\" content=\"index, follow, max-snippet:-1, max-image-preview:large, max-video-preview:-1\" \/>\n<link rel=\"canonical\" href=\"https:\/\/www.liberdomus.it\/en\/prodotto\/antidotarium-nicolai-studien-zu-textgestalt-werkbildung-und-uberlieferung-mit-synoptischer-arbeitsedition-2\/\" \/>\n<meta property=\"og:locale\" content=\"en_US\" \/>\n<meta property=\"og:type\" content=\"article\" \/>\n<meta property=\"og:title\" content=\"Antidotarium Nicolai : studien zu Textgestalt, Werkbildung und \u00dcberlieferung. Mit synoptischer Arbeitsedition - Liberdomus\" \/>\n<meta property=\"og:description\" content=\"Das Antidotarium Nicolai ist das wirkm\u00e4chtigste Antidotar des Mittelalters und [...]\" \/>\n<meta property=\"og:url\" content=\"https:\/\/www.liberdomus.it\/en\/prodotto\/antidotarium-nicolai-studien-zu-textgestalt-werkbildung-und-uberlieferung-mit-synoptischer-arbeitsedition-2\/\" \/>\n<meta property=\"og:site_name\" content=\"Liberdomus\" \/>\n<meta property=\"og:image\" content=\"https:\/\/www.liberdomus.it\/wp-content\/uploads\/2025\/04\/9788892903937.png\" \/>\n\t<meta property=\"og:image:width\" content=\"550\" \/>\n\t<meta property=\"og:image:height\" content=\"854\" \/>\n\t<meta property=\"og:image:type\" content=\"image\/png\" \/>\n<meta name=\"twitter:card\" content=\"summary_large_image\" \/>\n<meta name=\"twitter:label1\" content=\"Est. reading time\" \/>\n\t<meta name=\"twitter:data1\" content=\"1 minute\" \/>\n<script type=\"application\/ld+json\" class=\"yoast-schema-graph\">{\"@context\":\"https:\/\/schema.org\",\"@graph\":[{\"@type\":\"WebPage\",\"@id\":\"https:\/\/www.liberdomus.it\/en\/prodotto\/antidotarium-nicolai-studien-zu-textgestalt-werkbildung-und-uberlieferung-mit-synoptischer-arbeitsedition-2\/\",\"url\":\"https:\/\/www.liberdomus.it\/en\/prodotto\/antidotarium-nicolai-studien-zu-textgestalt-werkbildung-und-uberlieferung-mit-synoptischer-arbeitsedition-2\/\",\"name\":\"Antidotarium Nicolai : studien zu Textgestalt, Werkbildung und \u00dcberlieferung. Mit synoptischer Arbeitsedition - Liberdomus\",\"isPartOf\":{\"@id\":\"https:\/\/www.liberdomus.it\/en\/#website\"},\"primaryImageOfPage\":{\"@id\":\"https:\/\/www.liberdomus.it\/en\/prodotto\/antidotarium-nicolai-studien-zu-textgestalt-werkbildung-und-uberlieferung-mit-synoptischer-arbeitsedition-2\/#primaryimage\"},\"image\":{\"@id\":\"https:\/\/www.liberdomus.it\/en\/prodotto\/antidotarium-nicolai-studien-zu-textgestalt-werkbildung-und-uberlieferung-mit-synoptischer-arbeitsedition-2\/#primaryimage\"},\"thumbnailUrl\":\"https:\/\/www.liberdomus.it\/wp-content\/uploads\/2025\/04\/9788892903937.png\",\"datePublished\":\"2025-04-30T09:16:31+00:00\",\"breadcrumb\":{\"@id\":\"https:\/\/www.liberdomus.it\/en\/prodotto\/antidotarium-nicolai-studien-zu-textgestalt-werkbildung-und-uberlieferung-mit-synoptischer-arbeitsedition-2\/#breadcrumb\"},\"inLanguage\":\"en-US\",\"potentialAction\":[{\"@type\":\"ReadAction\",\"target\":[\"https:\/\/www.liberdomus.it\/en\/prodotto\/antidotarium-nicolai-studien-zu-textgestalt-werkbildung-und-uberlieferung-mit-synoptischer-arbeitsedition-2\/\"]}]},{\"@type\":\"ImageObject\",\"inLanguage\":\"en-US\",\"@id\":\"https:\/\/www.liberdomus.it\/en\/prodotto\/antidotarium-nicolai-studien-zu-textgestalt-werkbildung-und-uberlieferung-mit-synoptischer-arbeitsedition-2\/#primaryimage\",\"url\":\"https:\/\/www.liberdomus.it\/wp-content\/uploads\/2025\/04\/9788892903937.png\",\"contentUrl\":\"https:\/\/www.liberdomus.it\/wp-content\/uploads\/2025\/04\/9788892903937.png\",\"width\":550,\"height\":854,\"caption\":\"copertina_libro_isbn_9788892903937\"},{\"@type\":\"BreadcrumbList\",\"@id\":\"https:\/\/www.liberdomus.it\/en\/prodotto\/antidotarium-nicolai-studien-zu-textgestalt-werkbildung-und-uberlieferung-mit-synoptischer-arbeitsedition-2\/#breadcrumb\",\"itemListElement\":[{\"@type\":\"ListItem\",\"position\":1,\"name\":\"Home\",\"item\":\"https:\/\/www.liberdomus.it\/en\/\"},{\"@type\":\"ListItem\",\"position\":2,\"name\":\"Shop\",\"item\":\"https:\/\/www.liberdomus.it\/en\/shop\/\"},{\"@type\":\"ListItem\",\"position\":3,\"name\":\"Antidotarium Nicolai : studien zu Textgestalt, Werkbildung und \u00dcberlieferung. Mit synoptischer Arbeitsedition\"}]},{\"@type\":\"WebSite\",\"@id\":\"https:\/\/www.liberdomus.it\/en\/#website\",\"url\":\"https:\/\/www.liberdomus.it\/en\/\",\"name\":\"Liberdomus\",\"description\":\"La tua libreria a casa\",\"potentialAction\":[{\"@type\":\"SearchAction\",\"target\":{\"@type\":\"EntryPoint\",\"urlTemplate\":\"https:\/\/www.liberdomus.it\/en\/?s={search_term_string}\"},\"query-input\":{\"@type\":\"PropertyValueSpecification\",\"valueRequired\":true,\"valueName\":\"search_term_string\"}}],\"inLanguage\":\"en-US\"}]}<\/script>\n<!-- \/ Yoast SEO plugin. -->","yoast_head_json":{"title":"Antidotarium Nicolai : studien zu Textgestalt, Werkbildung und \u00dcberlieferung. Mit synoptischer Arbeitsedition - Liberdomus","robots":{"index":"index","follow":"follow","max-snippet":"max-snippet:-1","max-image-preview":"max-image-preview:large","max-video-preview":"max-video-preview:-1"},"canonical":"https:\/\/www.liberdomus.it\/en\/prodotto\/antidotarium-nicolai-studien-zu-textgestalt-werkbildung-und-uberlieferung-mit-synoptischer-arbeitsedition-2\/","og_locale":"en_US","og_type":"article","og_title":"Antidotarium Nicolai : studien zu Textgestalt, Werkbildung und \u00dcberlieferung. Mit synoptischer Arbeitsedition - Liberdomus","og_description":"Das Antidotarium Nicolai ist das wirkm\u00e4chtigste Antidotar des Mittelalters und [...]","og_url":"https:\/\/www.liberdomus.it\/en\/prodotto\/antidotarium-nicolai-studien-zu-textgestalt-werkbildung-und-uberlieferung-mit-synoptischer-arbeitsedition-2\/","og_site_name":"Liberdomus","og_image":[{"width":550,"height":854,"url":"https:\/\/www.liberdomus.it\/wp-content\/uploads\/2025\/04\/9788892903937.png","type":"image\/png"}],"twitter_card":"summary_large_image","twitter_misc":{"Est. reading time":"1 minute"},"schema":{"@context":"https:\/\/schema.org","@graph":[{"@type":"WebPage","@id":"https:\/\/www.liberdomus.it\/en\/prodotto\/antidotarium-nicolai-studien-zu-textgestalt-werkbildung-und-uberlieferung-mit-synoptischer-arbeitsedition-2\/","url":"https:\/\/www.liberdomus.it\/en\/prodotto\/antidotarium-nicolai-studien-zu-textgestalt-werkbildung-und-uberlieferung-mit-synoptischer-arbeitsedition-2\/","name":"Antidotarium Nicolai : studien zu Textgestalt, Werkbildung und \u00dcberlieferung. Mit synoptischer Arbeitsedition - Liberdomus","isPartOf":{"@id":"https:\/\/www.liberdomus.it\/en\/#website"},"primaryImageOfPage":{"@id":"https:\/\/www.liberdomus.it\/en\/prodotto\/antidotarium-nicolai-studien-zu-textgestalt-werkbildung-und-uberlieferung-mit-synoptischer-arbeitsedition-2\/#primaryimage"},"image":{"@id":"https:\/\/www.liberdomus.it\/en\/prodotto\/antidotarium-nicolai-studien-zu-textgestalt-werkbildung-und-uberlieferung-mit-synoptischer-arbeitsedition-2\/#primaryimage"},"thumbnailUrl":"https:\/\/www.liberdomus.it\/wp-content\/uploads\/2025\/04\/9788892903937.png","datePublished":"2025-04-30T09:16:31+00:00","breadcrumb":{"@id":"https:\/\/www.liberdomus.it\/en\/prodotto\/antidotarium-nicolai-studien-zu-textgestalt-werkbildung-und-uberlieferung-mit-synoptischer-arbeitsedition-2\/#breadcrumb"},"inLanguage":"en-US","potentialAction":[{"@type":"ReadAction","target":["https:\/\/www.liberdomus.it\/en\/prodotto\/antidotarium-nicolai-studien-zu-textgestalt-werkbildung-und-uberlieferung-mit-synoptischer-arbeitsedition-2\/"]}]},{"@type":"ImageObject","inLanguage":"en-US","@id":"https:\/\/www.liberdomus.it\/en\/prodotto\/antidotarium-nicolai-studien-zu-textgestalt-werkbildung-und-uberlieferung-mit-synoptischer-arbeitsedition-2\/#primaryimage","url":"https:\/\/www.liberdomus.it\/wp-content\/uploads\/2025\/04\/9788892903937.png","contentUrl":"https:\/\/www.liberdomus.it\/wp-content\/uploads\/2025\/04\/9788892903937.png","width":550,"height":854,"caption":"copertina_libro_isbn_9788892903937"},{"@type":"BreadcrumbList","@id":"https:\/\/www.liberdomus.it\/en\/prodotto\/antidotarium-nicolai-studien-zu-textgestalt-werkbildung-und-uberlieferung-mit-synoptischer-arbeitsedition-2\/#breadcrumb","itemListElement":[{"@type":"ListItem","position":1,"name":"Home","item":"https:\/\/www.liberdomus.it\/en\/"},{"@type":"ListItem","position":2,"name":"Shop","item":"https:\/\/www.liberdomus.it\/en\/shop\/"},{"@type":"ListItem","position":3,"name":"Antidotarium Nicolai : studien zu Textgestalt, Werkbildung und \u00dcberlieferung. Mit synoptischer Arbeitsedition"}]},{"@type":"WebSite","@id":"https:\/\/www.liberdomus.it\/en\/#website","url":"https:\/\/www.liberdomus.it\/en\/","name":"Liberdomus","description":"La tua libreria a casa","potentialAction":[{"@type":"SearchAction","target":{"@type":"EntryPoint","urlTemplate":"https:\/\/www.liberdomus.it\/en\/?s={search_term_string}"},"query-input":{"@type":"PropertyValueSpecification","valueRequired":true,"valueName":"search_term_string"}}],"inLanguage":"en-US"}]}},"_links":{"self":[{"href":"https:\/\/www.liberdomus.it\/en\/wp-json\/wp\/v2\/product\/336416","targetHints":{"allow":["GET"]}}],"collection":[{"href":"https:\/\/www.liberdomus.it\/en\/wp-json\/wp\/v2\/product"}],"about":[{"href":"https:\/\/www.liberdomus.it\/en\/wp-json\/wp\/v2\/types\/product"}],"wp:featuredmedia":[{"embeddable":true,"href":"https:\/\/www.liberdomus.it\/en\/wp-json\/wp\/v2\/media\/336414"}],"wp:attachment":[{"href":"https:\/\/www.liberdomus.it\/en\/wp-json\/wp\/v2\/media?parent=336416"}],"wp:term":[{"taxonomy":"product_brand","embeddable":true,"href":"https:\/\/www.liberdomus.it\/en\/wp-json\/wp\/v2\/product_brand?post=336416"},{"taxonomy":"product_cat","embeddable":true,"href":"https:\/\/www.liberdomus.it\/en\/wp-json\/wp\/v2\/product_cat?post=336416"},{"taxonomy":"product_tag","embeddable":true,"href":"https:\/\/www.liberdomus.it\/en\/wp-json\/wp\/v2\/product_tag?post=336416"},{"taxonomy":"editore","embeddable":true,"href":"https:\/\/www.liberdomus.it\/en\/wp-json\/wp\/v2\/editore?post=336416"},{"taxonomy":"autore","embeddable":true,"href":"https:\/\/www.liberdomus.it\/en\/wp-json\/wp\/v2\/autore?post=336416"},{"taxonomy":"curatore","embeddable":true,"href":"https:\/\/www.liberdomus.it\/en\/wp-json\/wp\/v2\/curatore?post=336416"},{"taxonomy":"condizione","embeddable":true,"href":"https:\/\/www.liberdomus.it\/en\/wp-json\/wp\/v2\/condizione?post=336416"},{"taxonomy":"lingua","embeddable":true,"href":"https:\/\/www.liberdomus.it\/en\/wp-json\/wp\/v2\/lingua?post=336416"},{"taxonomy":"tipo_edizione","embeddable":true,"href":"https:\/\/www.liberdomus.it\/en\/wp-json\/wp\/v2\/tipo_edizione?post=336416"},{"taxonomy":"tipo_pubblicazione","embeddable":true,"href":"https:\/\/www.liberdomus.it\/en\/wp-json\/wp\/v2\/tipo_pubblicazione?post=336416"},{"taxonomy":"dewey","embeddable":true,"href":"https:\/\/www.liberdomus.it\/en\/wp-json\/wp\/v2\/dewey?post=336416"},{"taxonomy":"genere","embeddable":true,"href":"https:\/\/www.liberdomus.it\/en\/wp-json\/wp\/v2\/genere?post=336416"},{"taxonomy":"contenuto","embeddable":true,"href":"https:\/\/www.liberdomus.it\/en\/wp-json\/wp\/v2\/contenuto?post=336416"}],"curies":[{"name":"wp","href":"https:\/\/api.w.org\/{rel}","templated":true}]}}