{"id":335904,"date":"2025-04-30T10:50:29","date_gmt":"2025-04-30T08:50:29","guid":{"rendered":"https:\/\/www.liberdomus.it\/prodotto\/storia-del-mediterraneo-medievale-tempi-spazi-interazioni-2\/"},"modified":"2025-04-30T10:50:29","modified_gmt":"2025-04-30T08:50:29","slug":"storia-del-mediterraneo-medievale-tempi-spazi-interazioni-2","status":"publish","type":"product","link":"https:\/\/www.liberdomus.it\/en\/prodotto\/storia-del-mediterraneo-medievale-tempi-spazi-interazioni-2\/","title":{"rendered":"Storia del Mediterraneo medievale : tempi, spazi, interazioni"},"content":{"rendered":"<p>Il Mediterraneo ha costituito, da sempre, il teatro in cui sono andate in scena le epopee di grandi civilt\u00e0, imperi e culture. Ci\u00f2 vale, a maggior ragione, per quel frangente storico che siamo soliti chiamare Medioevo, la cui storia \u00e8, per sua natura, una storia mediterranea. Seguendo una precisa scansione diacronica, ed entro una cornice coerente il manuale ricostruisce le molte storie medievali del Mediterraneo, mettendo in luce i tempi del loro sviluppo, gli spazi abitati e navigati &#8211; che ne hanno segnato i principali tornanti dal punto di vista politico, economico, sociale e culturale &#8211; e le interazioni tra le sue sponde. Una trama che si sviluppa a oriente e a occidente, a settentrione e a meridione di un mare che ha connesso per secoli tre continenti.<\/p>\n","protected":false},"excerpt":{"rendered":"<p>Il Mediterraneo ha costituito, da sempre, il teatro in cui  [&#8230;]<\/p>\n","protected":false},"featured_media":335902,"template":"","meta":{"_acf_changed":false},"product_brand":[],"product_cat":[72368,24164],"product_tag":[],"editore":[27471],"autore":[],"curatore":[47709,50231],"condizione":[26342],"lingua":[26340],"tipo_edizione":[],"tipo_pubblicazione":[24232],"dewey":[26216,70258],"genere":[],"contenuto":[24227,24238],"class_list":{"0":"post-335904","1":"product","2":"type-product","3":"status-publish","4":"has-post-thumbnail","6":"product_cat-ancient-and-medieval-history","7":"product_cat-history","8":"editore-il-mulino","9":"curatore-musarra-antonio","10":"curatore-silanos-pietro","11":"condizione-new","12":"lingua-italian","13":"tipo_pubblicazione-monograph","14":"dewey-general-history-of-europe","15":"dewey-medieval-history","16":"contenuto-biografia-en","17":"contenuto-indice-en","19":"first","20":"instock","21":"featured","22":"shipping-taxable","23":"purchasable","24":"product-type-simple"},"acf":[],"yoast_head":"<!-- This site is optimized with the Yoast SEO plugin v25.8 - https:\/\/yoast.com\/wordpress\/plugins\/seo\/ -->\n<title>Storia del Mediterraneo medievale : tempi, spazi, interazioni - Liberdomus<\/title>\n<meta name=\"robots\" content=\"index, follow, max-snippet:-1, max-image-preview:large, max-video-preview:-1\" \/>\n<link rel=\"canonical\" href=\"https:\/\/www.liberdomus.it\/en\/prodotto\/storia-del-mediterraneo-medievale-tempi-spazi-interazioni-2\/\" \/>\n<meta property=\"og:locale\" content=\"en_US\" \/>\n<meta property=\"og:type\" content=\"article\" \/>\n<meta property=\"og:title\" content=\"Storia del Mediterraneo medievale : tempi, spazi, interazioni - Liberdomus\" \/>\n<meta property=\"og:description\" content=\"Il Mediterraneo ha costituito, da sempre, il teatro in cui [...]\" \/>\n<meta property=\"og:url\" content=\"https:\/\/www.liberdomus.it\/en\/prodotto\/storia-del-mediterraneo-medievale-tempi-spazi-interazioni-2\/\" \/>\n<meta property=\"og:site_name\" content=\"Liberdomus\" \/>\n<meta property=\"og:image\" content=\"https:\/\/www.liberdomus.it\/wp-content\/uploads\/2025\/04\/9788815389893.jpg\" \/>\n\t<meta property=\"og:image:width\" content=\"200\" \/>\n\t<meta property=\"og:image:height\" content=\"283\" \/>\n\t<meta property=\"og:image:type\" content=\"image\/jpeg\" \/>\n<meta name=\"twitter:card\" content=\"summary_large_image\" \/>\n<meta name=\"twitter:label1\" content=\"Est. reading time\" \/>\n\t<meta name=\"twitter:data1\" content=\"1 minute\" \/>\n<script type=\"application\/ld+json\" class=\"yoast-schema-graph\">{\"@context\":\"https:\/\/schema.org\",\"@graph\":[{\"@type\":\"WebPage\",\"@id\":\"https:\/\/www.liberdomus.it\/en\/prodotto\/storia-del-mediterraneo-medievale-tempi-spazi-interazioni-2\/\",\"url\":\"https:\/\/www.liberdomus.it\/en\/prodotto\/storia-del-mediterraneo-medievale-tempi-spazi-interazioni-2\/\",\"name\":\"Storia del Mediterraneo medievale : tempi, spazi, interazioni - Liberdomus\",\"isPartOf\":{\"@id\":\"https:\/\/www.liberdomus.it\/en\/#website\"},\"primaryImageOfPage\":{\"@id\":\"https:\/\/www.liberdomus.it\/en\/prodotto\/storia-del-mediterraneo-medievale-tempi-spazi-interazioni-2\/#primaryimage\"},\"image\":{\"@id\":\"https:\/\/www.liberdomus.it\/en\/prodotto\/storia-del-mediterraneo-medievale-tempi-spazi-interazioni-2\/#primaryimage\"},\"thumbnailUrl\":\"https:\/\/www.liberdomus.it\/wp-content\/uploads\/2025\/04\/9788815389893.jpg\",\"datePublished\":\"2025-04-30T08:50:29+00:00\",\"breadcrumb\":{\"@id\":\"https:\/\/www.liberdomus.it\/en\/prodotto\/storia-del-mediterraneo-medievale-tempi-spazi-interazioni-2\/#breadcrumb\"},\"inLanguage\":\"en-US\",\"potentialAction\":[{\"@type\":\"ReadAction\",\"target\":[\"https:\/\/www.liberdomus.it\/en\/prodotto\/storia-del-mediterraneo-medievale-tempi-spazi-interazioni-2\/\"]}]},{\"@type\":\"ImageObject\",\"inLanguage\":\"en-US\",\"@id\":\"https:\/\/www.liberdomus.it\/en\/prodotto\/storia-del-mediterraneo-medievale-tempi-spazi-interazioni-2\/#primaryimage\",\"url\":\"https:\/\/www.liberdomus.it\/wp-content\/uploads\/2025\/04\/9788815389893.jpg\",\"contentUrl\":\"https:\/\/www.liberdomus.it\/wp-content\/uploads\/2025\/04\/9788815389893.jpg\",\"width\":200,\"height\":283,\"caption\":\"copertina_libro_isbn_9788815389893\"},{\"@type\":\"BreadcrumbList\",\"@id\":\"https:\/\/www.liberdomus.it\/en\/prodotto\/storia-del-mediterraneo-medievale-tempi-spazi-interazioni-2\/#breadcrumb\",\"itemListElement\":[{\"@type\":\"ListItem\",\"position\":1,\"name\":\"Home\",\"item\":\"https:\/\/www.liberdomus.it\/en\/\"},{\"@type\":\"ListItem\",\"position\":2,\"name\":\"Shop\",\"item\":\"https:\/\/www.liberdomus.it\/en\/shop\/\"},{\"@type\":\"ListItem\",\"position\":3,\"name\":\"Storia del Mediterraneo medievale : tempi, spazi, interazioni\"}]},{\"@type\":\"WebSite\",\"@id\":\"https:\/\/www.liberdomus.it\/en\/#website\",\"url\":\"https:\/\/www.liberdomus.it\/en\/\",\"name\":\"Liberdomus\",\"description\":\"La tua libreria a casa\",\"potentialAction\":[{\"@type\":\"SearchAction\",\"target\":{\"@type\":\"EntryPoint\",\"urlTemplate\":\"https:\/\/www.liberdomus.it\/en\/?s={search_term_string}\"},\"query-input\":{\"@type\":\"PropertyValueSpecification\",\"valueRequired\":true,\"valueName\":\"search_term_string\"}}],\"inLanguage\":\"en-US\"}]}<\/script>\n<!-- \/ Yoast SEO plugin. -->","yoast_head_json":{"title":"Storia del Mediterraneo medievale : tempi, spazi, interazioni - Liberdomus","robots":{"index":"index","follow":"follow","max-snippet":"max-snippet:-1","max-image-preview":"max-image-preview:large","max-video-preview":"max-video-preview:-1"},"canonical":"https:\/\/www.liberdomus.it\/en\/prodotto\/storia-del-mediterraneo-medievale-tempi-spazi-interazioni-2\/","og_locale":"en_US","og_type":"article","og_title":"Storia del Mediterraneo medievale : tempi, spazi, interazioni - Liberdomus","og_description":"Il Mediterraneo ha costituito, da sempre, il teatro in cui [...]","og_url":"https:\/\/www.liberdomus.it\/en\/prodotto\/storia-del-mediterraneo-medievale-tempi-spazi-interazioni-2\/","og_site_name":"Liberdomus","og_image":[{"width":200,"height":283,"url":"https:\/\/www.liberdomus.it\/wp-content\/uploads\/2025\/04\/9788815389893.jpg","type":"image\/jpeg"}],"twitter_card":"summary_large_image","twitter_misc":{"Est. reading time":"1 minute"},"schema":{"@context":"https:\/\/schema.org","@graph":[{"@type":"WebPage","@id":"https:\/\/www.liberdomus.it\/en\/prodotto\/storia-del-mediterraneo-medievale-tempi-spazi-interazioni-2\/","url":"https:\/\/www.liberdomus.it\/en\/prodotto\/storia-del-mediterraneo-medievale-tempi-spazi-interazioni-2\/","name":"Storia del Mediterraneo medievale : tempi, spazi, interazioni - Liberdomus","isPartOf":{"@id":"https:\/\/www.liberdomus.it\/en\/#website"},"primaryImageOfPage":{"@id":"https:\/\/www.liberdomus.it\/en\/prodotto\/storia-del-mediterraneo-medievale-tempi-spazi-interazioni-2\/#primaryimage"},"image":{"@id":"https:\/\/www.liberdomus.it\/en\/prodotto\/storia-del-mediterraneo-medievale-tempi-spazi-interazioni-2\/#primaryimage"},"thumbnailUrl":"https:\/\/www.liberdomus.it\/wp-content\/uploads\/2025\/04\/9788815389893.jpg","datePublished":"2025-04-30T08:50:29+00:00","breadcrumb":{"@id":"https:\/\/www.liberdomus.it\/en\/prodotto\/storia-del-mediterraneo-medievale-tempi-spazi-interazioni-2\/#breadcrumb"},"inLanguage":"en-US","potentialAction":[{"@type":"ReadAction","target":["https:\/\/www.liberdomus.it\/en\/prodotto\/storia-del-mediterraneo-medievale-tempi-spazi-interazioni-2\/"]}]},{"@type":"ImageObject","inLanguage":"en-US","@id":"https:\/\/www.liberdomus.it\/en\/prodotto\/storia-del-mediterraneo-medievale-tempi-spazi-interazioni-2\/#primaryimage","url":"https:\/\/www.liberdomus.it\/wp-content\/uploads\/2025\/04\/9788815389893.jpg","contentUrl":"https:\/\/www.liberdomus.it\/wp-content\/uploads\/2025\/04\/9788815389893.jpg","width":200,"height":283,"caption":"copertina_libro_isbn_9788815389893"},{"@type":"BreadcrumbList","@id":"https:\/\/www.liberdomus.it\/en\/prodotto\/storia-del-mediterraneo-medievale-tempi-spazi-interazioni-2\/#breadcrumb","itemListElement":[{"@type":"ListItem","position":1,"name":"Home","item":"https:\/\/www.liberdomus.it\/en\/"},{"@type":"ListItem","position":2,"name":"Shop","item":"https:\/\/www.liberdomus.it\/en\/shop\/"},{"@type":"ListItem","position":3,"name":"Storia del Mediterraneo medievale : tempi, spazi, interazioni"}]},{"@type":"WebSite","@id":"https:\/\/www.liberdomus.it\/en\/#website","url":"https:\/\/www.liberdomus.it\/en\/","name":"Liberdomus","description":"La tua libreria a casa","potentialAction":[{"@type":"SearchAction","target":{"@type":"EntryPoint","urlTemplate":"https:\/\/www.liberdomus.it\/en\/?s={search_term_string}"},"query-input":{"@type":"PropertyValueSpecification","valueRequired":true,"valueName":"search_term_string"}}],"inLanguage":"en-US"}]}},"_links":{"self":[{"href":"https:\/\/www.liberdomus.it\/en\/wp-json\/wp\/v2\/product\/335904","targetHints":{"allow":["GET"]}}],"collection":[{"href":"https:\/\/www.liberdomus.it\/en\/wp-json\/wp\/v2\/product"}],"about":[{"href":"https:\/\/www.liberdomus.it\/en\/wp-json\/wp\/v2\/types\/product"}],"wp:featuredmedia":[{"embeddable":true,"href":"https:\/\/www.liberdomus.it\/en\/wp-json\/wp\/v2\/media\/335902"}],"wp:attachment":[{"href":"https:\/\/www.liberdomus.it\/en\/wp-json\/wp\/v2\/media?parent=335904"}],"wp:term":[{"taxonomy":"product_brand","embeddable":true,"href":"https:\/\/www.liberdomus.it\/en\/wp-json\/wp\/v2\/product_brand?post=335904"},{"taxonomy":"product_cat","embeddable":true,"href":"https:\/\/www.liberdomus.it\/en\/wp-json\/wp\/v2\/product_cat?post=335904"},{"taxonomy":"product_tag","embeddable":true,"href":"https:\/\/www.liberdomus.it\/en\/wp-json\/wp\/v2\/product_tag?post=335904"},{"taxonomy":"editore","embeddable":true,"href":"https:\/\/www.liberdomus.it\/en\/wp-json\/wp\/v2\/editore?post=335904"},{"taxonomy":"autore","embeddable":true,"href":"https:\/\/www.liberdomus.it\/en\/wp-json\/wp\/v2\/autore?post=335904"},{"taxonomy":"curatore","embeddable":true,"href":"https:\/\/www.liberdomus.it\/en\/wp-json\/wp\/v2\/curatore?post=335904"},{"taxonomy":"condizione","embeddable":true,"href":"https:\/\/www.liberdomus.it\/en\/wp-json\/wp\/v2\/condizione?post=335904"},{"taxonomy":"lingua","embeddable":true,"href":"https:\/\/www.liberdomus.it\/en\/wp-json\/wp\/v2\/lingua?post=335904"},{"taxonomy":"tipo_edizione","embeddable":true,"href":"https:\/\/www.liberdomus.it\/en\/wp-json\/wp\/v2\/tipo_edizione?post=335904"},{"taxonomy":"tipo_pubblicazione","embeddable":true,"href":"https:\/\/www.liberdomus.it\/en\/wp-json\/wp\/v2\/tipo_pubblicazione?post=335904"},{"taxonomy":"dewey","embeddable":true,"href":"https:\/\/www.liberdomus.it\/en\/wp-json\/wp\/v2\/dewey?post=335904"},{"taxonomy":"genere","embeddable":true,"href":"https:\/\/www.liberdomus.it\/en\/wp-json\/wp\/v2\/genere?post=335904"},{"taxonomy":"contenuto","embeddable":true,"href":"https:\/\/www.liberdomus.it\/en\/wp-json\/wp\/v2\/contenuto?post=335904"}],"curies":[{"name":"wp","href":"https:\/\/api.w.org\/{rel}","templated":true}]}}