{"id":320391,"date":"2023-07-13T00:00:00","date_gmt":"2023-07-12T22:00:00","guid":{"rendered":"https:\/\/www.liberdomus.it\/prodotto\/nonumento-un-paradosso-della-memoria-9788860103314-2\/"},"modified":"2024-07-29T16:12:44","modified_gmt":"2024-07-29T14:12:44","slug":"nonumento-un-paradosso-della-memoria-9788860103314-2","status":"publish","type":"product","link":"https:\/\/www.liberdomus.it\/en\/prodotto\/nonumento-un-paradosso-della-memoria-9788860103314-2\/","title":{"rendered":"Nonumento : un paradosso della memoria"},"content":{"rendered":"<p>Affidiamo le nostre memorie ai monumenti perch\u00e9 le conservino per noi. Cos\u00ec possiamo permetterci di dimenticarle. \u00c8 questo il paradosso che affligge il memoriale: costruito come dispositivo di rammemorazione, si ribalta nel suo contrario, e diventa macchina di oblio. L&#8217;arte monumentale contemporanea si \u00e8 ingegnata per trovare una terapia a questa patologia. A partire dagli anni sessanta si \u00e8 formato un movimento eterogeneo, spesso radicale e non di rado contraddittorio, di artisti implicati nella progettazione di &#8220;contromonumenti&#8221; o &#8220;antimonumenti&#8221;: congegni che per via negativa ci interrogano profondamente nel nostro rapporto paradossale con la memoria e l&#8217;oblio. Rifacendosi liberamente ai non-uments di Gordon Matta-Clark, Andrea Pinotti, preferisce chiamarli &#8220;nonumenti&#8221; e ne offre una grammatica e una tipologia. Ma ci riesce davvero, il nonumento, a fare meglio del monumento? Davvero un parallelepipedo o una fontana che spariscono nel terreno gestiscono meglio le nostre smemoratezze rispetto a un obelisco o a una colonna orgogliosamente eretti nella loro ostinata verticalit\u00e0? Davvero una performance o un re-enactment che durano pochi minuti o poche ore, risultano pi\u00f9 efficaci di un mausoleo ben piantato dove sta da centinaia di anni? Davvero aria, luce, colori, bits, ci salvaguardano dall&#8217;amnesia pi\u00f9 di pietra, bronzo, ferro? Queste domande risultano oggi urgenti pi\u00f9 che mai: il tema del memoriale \u00e8 tornato alla ribalta, proprio quando ci si impegna da pi\u00f9 parti a&#8230;<\/p>\n","protected":false},"excerpt":{"rendered":"<p>Affidiamo le nostre memorie ai monumenti perch\u00e9 le conservino per  [&#8230;]<\/p>\n","protected":false},"featured_media":265300,"template":"","meta":{"_acf_changed":false},"product_brand":[],"product_cat":[72358,72365],"product_tag":[],"editore":[27925],"autore":[37314],"curatore":[],"condizione":[26342],"lingua":[26340],"tipo_edizione":[],"tipo_pubblicazione":[24232],"dewey":[25452,25995],"genere":[],"contenuto":[24227,24238],"class_list":{"0":"post-320391","1":"product","2":"type-product","3":"status-publish","4":"has-post-thumbnail","6":"product_cat-art-and-art-history","7":"product_cat-philosophy-metaphysics-logic-ethics","8":"editore-johan-levi","9":"condizione-new","10":"lingua-italian","11":"tipo_pubblicazione-monograph","12":"dewey-philosophy-psychology","13":"dewey-the-arts-fine-and-decorative-arts","14":"contenuto-biografia-en","15":"contenuto-indice-en","17":"first","18":"instock","19":"shipping-taxable","20":"purchasable","21":"product-type-simple"},"acf":[],"yoast_head":"<!-- This site is optimized with the Yoast SEO plugin v25.8 - https:\/\/yoast.com\/wordpress\/plugins\/seo\/ -->\n<title>Nonumento : un paradosso della memoria - Liberdomus<\/title>\n<meta name=\"robots\" content=\"index, follow, max-snippet:-1, max-image-preview:large, max-video-preview:-1\" \/>\n<link rel=\"canonical\" href=\"https:\/\/www.liberdomus.it\/en\/prodotto\/nonumento-un-paradosso-della-memoria-9788860103314-2\/\" \/>\n<meta property=\"og:locale\" content=\"en_US\" \/>\n<meta property=\"og:type\" content=\"article\" \/>\n<meta property=\"og:title\" content=\"Nonumento : un paradosso della memoria - Liberdomus\" \/>\n<meta property=\"og:description\" content=\"Affidiamo le nostre memorie ai monumenti perch\u00e9 le conservino per [...]\" \/>\n<meta property=\"og:url\" content=\"https:\/\/www.liberdomus.it\/en\/prodotto\/nonumento-un-paradosso-della-memoria-9788860103314-2\/\" \/>\n<meta property=\"og:site_name\" content=\"Liberdomus\" \/>\n<meta property=\"article:modified_time\" content=\"2024-07-29T14:12:44+00:00\" \/>\n<meta property=\"og:image\" content=\"https:\/\/www.liberdomus.it\/wp-content\/uploads\/2023\/07\/D0596068831.JPG\" \/>\n\t<meta property=\"og:image:width\" content=\"162\" \/>\n\t<meta property=\"og:image:height\" content=\"250\" \/>\n\t<meta property=\"og:image:type\" content=\"image\/jpeg\" \/>\n<meta name=\"twitter:card\" content=\"summary_large_image\" \/>\n<meta name=\"twitter:label1\" content=\"Est. reading time\" \/>\n\t<meta name=\"twitter:data1\" content=\"1 minute\" \/>\n<script type=\"application\/ld+json\" class=\"yoast-schema-graph\">{\"@context\":\"https:\/\/schema.org\",\"@graph\":[{\"@type\":\"WebPage\",\"@id\":\"https:\/\/www.liberdomus.it\/en\/prodotto\/nonumento-un-paradosso-della-memoria-9788860103314-2\/\",\"url\":\"https:\/\/www.liberdomus.it\/en\/prodotto\/nonumento-un-paradosso-della-memoria-9788860103314-2\/\",\"name\":\"Nonumento : un paradosso della memoria - Liberdomus\",\"isPartOf\":{\"@id\":\"https:\/\/www.liberdomus.it\/en\/#website\"},\"primaryImageOfPage\":{\"@id\":\"https:\/\/www.liberdomus.it\/en\/prodotto\/nonumento-un-paradosso-della-memoria-9788860103314-2\/#primaryimage\"},\"image\":{\"@id\":\"https:\/\/www.liberdomus.it\/en\/prodotto\/nonumento-un-paradosso-della-memoria-9788860103314-2\/#primaryimage\"},\"thumbnailUrl\":\"https:\/\/www.liberdomus.it\/wp-content\/uploads\/2023\/07\/D0596068831.JPG\",\"datePublished\":\"2023-07-12T22:00:00+00:00\",\"dateModified\":\"2024-07-29T14:12:44+00:00\",\"breadcrumb\":{\"@id\":\"https:\/\/www.liberdomus.it\/en\/prodotto\/nonumento-un-paradosso-della-memoria-9788860103314-2\/#breadcrumb\"},\"inLanguage\":\"en-US\",\"potentialAction\":[{\"@type\":\"ReadAction\",\"target\":[\"https:\/\/www.liberdomus.it\/en\/prodotto\/nonumento-un-paradosso-della-memoria-9788860103314-2\/\"]}]},{\"@type\":\"ImageObject\",\"inLanguage\":\"en-US\",\"@id\":\"https:\/\/www.liberdomus.it\/en\/prodotto\/nonumento-un-paradosso-della-memoria-9788860103314-2\/#primaryimage\",\"url\":\"https:\/\/www.liberdomus.it\/wp-content\/uploads\/2023\/07\/D0596068831.JPG\",\"contentUrl\":\"https:\/\/www.liberdomus.it\/wp-content\/uploads\/2023\/07\/D0596068831.JPG\",\"width\":162,\"height\":250},{\"@type\":\"BreadcrumbList\",\"@id\":\"https:\/\/www.liberdomus.it\/en\/prodotto\/nonumento-un-paradosso-della-memoria-9788860103314-2\/#breadcrumb\",\"itemListElement\":[{\"@type\":\"ListItem\",\"position\":1,\"name\":\"Home\",\"item\":\"https:\/\/www.liberdomus.it\/en\/\"},{\"@type\":\"ListItem\",\"position\":2,\"name\":\"Shop\",\"item\":\"https:\/\/www.liberdomus.it\/en\/shop\/\"},{\"@type\":\"ListItem\",\"position\":3,\"name\":\"Nonumento : un paradosso della memoria\"}]},{\"@type\":\"WebSite\",\"@id\":\"https:\/\/www.liberdomus.it\/en\/#website\",\"url\":\"https:\/\/www.liberdomus.it\/en\/\",\"name\":\"Liberdomus\",\"description\":\"La tua libreria a casa\",\"potentialAction\":[{\"@type\":\"SearchAction\",\"target\":{\"@type\":\"EntryPoint\",\"urlTemplate\":\"https:\/\/www.liberdomus.it\/en\/?s={search_term_string}\"},\"query-input\":{\"@type\":\"PropertyValueSpecification\",\"valueRequired\":true,\"valueName\":\"search_term_string\"}}],\"inLanguage\":\"en-US\"}]}<\/script>\n<!-- \/ Yoast SEO plugin. -->","yoast_head_json":{"title":"Nonumento : un paradosso della memoria - Liberdomus","robots":{"index":"index","follow":"follow","max-snippet":"max-snippet:-1","max-image-preview":"max-image-preview:large","max-video-preview":"max-video-preview:-1"},"canonical":"https:\/\/www.liberdomus.it\/en\/prodotto\/nonumento-un-paradosso-della-memoria-9788860103314-2\/","og_locale":"en_US","og_type":"article","og_title":"Nonumento : un paradosso della memoria - Liberdomus","og_description":"Affidiamo le nostre memorie ai monumenti perch\u00e9 le conservino per [...]","og_url":"https:\/\/www.liberdomus.it\/en\/prodotto\/nonumento-un-paradosso-della-memoria-9788860103314-2\/","og_site_name":"Liberdomus","article_modified_time":"2024-07-29T14:12:44+00:00","og_image":[{"width":162,"height":250,"url":"https:\/\/www.liberdomus.it\/wp-content\/uploads\/2023\/07\/D0596068831.JPG","type":"image\/jpeg"}],"twitter_card":"summary_large_image","twitter_misc":{"Est. reading time":"1 minute"},"schema":{"@context":"https:\/\/schema.org","@graph":[{"@type":"WebPage","@id":"https:\/\/www.liberdomus.it\/en\/prodotto\/nonumento-un-paradosso-della-memoria-9788860103314-2\/","url":"https:\/\/www.liberdomus.it\/en\/prodotto\/nonumento-un-paradosso-della-memoria-9788860103314-2\/","name":"Nonumento : un paradosso della memoria - Liberdomus","isPartOf":{"@id":"https:\/\/www.liberdomus.it\/en\/#website"},"primaryImageOfPage":{"@id":"https:\/\/www.liberdomus.it\/en\/prodotto\/nonumento-un-paradosso-della-memoria-9788860103314-2\/#primaryimage"},"image":{"@id":"https:\/\/www.liberdomus.it\/en\/prodotto\/nonumento-un-paradosso-della-memoria-9788860103314-2\/#primaryimage"},"thumbnailUrl":"https:\/\/www.liberdomus.it\/wp-content\/uploads\/2023\/07\/D0596068831.JPG","datePublished":"2023-07-12T22:00:00+00:00","dateModified":"2024-07-29T14:12:44+00:00","breadcrumb":{"@id":"https:\/\/www.liberdomus.it\/en\/prodotto\/nonumento-un-paradosso-della-memoria-9788860103314-2\/#breadcrumb"},"inLanguage":"en-US","potentialAction":[{"@type":"ReadAction","target":["https:\/\/www.liberdomus.it\/en\/prodotto\/nonumento-un-paradosso-della-memoria-9788860103314-2\/"]}]},{"@type":"ImageObject","inLanguage":"en-US","@id":"https:\/\/www.liberdomus.it\/en\/prodotto\/nonumento-un-paradosso-della-memoria-9788860103314-2\/#primaryimage","url":"https:\/\/www.liberdomus.it\/wp-content\/uploads\/2023\/07\/D0596068831.JPG","contentUrl":"https:\/\/www.liberdomus.it\/wp-content\/uploads\/2023\/07\/D0596068831.JPG","width":162,"height":250},{"@type":"BreadcrumbList","@id":"https:\/\/www.liberdomus.it\/en\/prodotto\/nonumento-un-paradosso-della-memoria-9788860103314-2\/#breadcrumb","itemListElement":[{"@type":"ListItem","position":1,"name":"Home","item":"https:\/\/www.liberdomus.it\/en\/"},{"@type":"ListItem","position":2,"name":"Shop","item":"https:\/\/www.liberdomus.it\/en\/shop\/"},{"@type":"ListItem","position":3,"name":"Nonumento : un paradosso della memoria"}]},{"@type":"WebSite","@id":"https:\/\/www.liberdomus.it\/en\/#website","url":"https:\/\/www.liberdomus.it\/en\/","name":"Liberdomus","description":"La tua libreria a casa","potentialAction":[{"@type":"SearchAction","target":{"@type":"EntryPoint","urlTemplate":"https:\/\/www.liberdomus.it\/en\/?s={search_term_string}"},"query-input":{"@type":"PropertyValueSpecification","valueRequired":true,"valueName":"search_term_string"}}],"inLanguage":"en-US"}]}},"_links":{"self":[{"href":"https:\/\/www.liberdomus.it\/en\/wp-json\/wp\/v2\/product\/320391","targetHints":{"allow":["GET"]}}],"collection":[{"href":"https:\/\/www.liberdomus.it\/en\/wp-json\/wp\/v2\/product"}],"about":[{"href":"https:\/\/www.liberdomus.it\/en\/wp-json\/wp\/v2\/types\/product"}],"wp:featuredmedia":[{"embeddable":true,"href":"https:\/\/www.liberdomus.it\/en\/wp-json\/wp\/v2\/media\/265300"}],"wp:attachment":[{"href":"https:\/\/www.liberdomus.it\/en\/wp-json\/wp\/v2\/media?parent=320391"}],"wp:term":[{"taxonomy":"product_brand","embeddable":true,"href":"https:\/\/www.liberdomus.it\/en\/wp-json\/wp\/v2\/product_brand?post=320391"},{"taxonomy":"product_cat","embeddable":true,"href":"https:\/\/www.liberdomus.it\/en\/wp-json\/wp\/v2\/product_cat?post=320391"},{"taxonomy":"product_tag","embeddable":true,"href":"https:\/\/www.liberdomus.it\/en\/wp-json\/wp\/v2\/product_tag?post=320391"},{"taxonomy":"editore","embeddable":true,"href":"https:\/\/www.liberdomus.it\/en\/wp-json\/wp\/v2\/editore?post=320391"},{"taxonomy":"autore","embeddable":true,"href":"https:\/\/www.liberdomus.it\/en\/wp-json\/wp\/v2\/autore?post=320391"},{"taxonomy":"curatore","embeddable":true,"href":"https:\/\/www.liberdomus.it\/en\/wp-json\/wp\/v2\/curatore?post=320391"},{"taxonomy":"condizione","embeddable":true,"href":"https:\/\/www.liberdomus.it\/en\/wp-json\/wp\/v2\/condizione?post=320391"},{"taxonomy":"lingua","embeddable":true,"href":"https:\/\/www.liberdomus.it\/en\/wp-json\/wp\/v2\/lingua?post=320391"},{"taxonomy":"tipo_edizione","embeddable":true,"href":"https:\/\/www.liberdomus.it\/en\/wp-json\/wp\/v2\/tipo_edizione?post=320391"},{"taxonomy":"tipo_pubblicazione","embeddable":true,"href":"https:\/\/www.liberdomus.it\/en\/wp-json\/wp\/v2\/tipo_pubblicazione?post=320391"},{"taxonomy":"dewey","embeddable":true,"href":"https:\/\/www.liberdomus.it\/en\/wp-json\/wp\/v2\/dewey?post=320391"},{"taxonomy":"genere","embeddable":true,"href":"https:\/\/www.liberdomus.it\/en\/wp-json\/wp\/v2\/genere?post=320391"},{"taxonomy":"contenuto","embeddable":true,"href":"https:\/\/www.liberdomus.it\/en\/wp-json\/wp\/v2\/contenuto?post=320391"}],"curies":[{"name":"wp","href":"https:\/\/api.w.org\/{rel}","templated":true}]}}