{"id":320086,"date":"2023-05-25T00:00:00","date_gmt":"2023-05-24T22:00:00","guid":{"rendered":"https:\/\/www.liberdomus.it\/prodotto\/giovanni-filopono-e-lesegesi-biblica-9788834344545-2\/"},"modified":"2024-07-29T16:10:31","modified_gmt":"2024-07-29T14:10:31","slug":"giovanni-filopono-e-lesegesi-biblica-9788834344545-2","status":"publish","type":"product","link":"https:\/\/www.liberdomus.it\/en\/prodotto\/giovanni-filopono-e-lesegesi-biblica-9788834344545-2\/","title":{"rendered":"Giovanni Filopono e l&#8217;esegesi biblica di matrice aristotelica : il De opificio mundi"},"content":{"rendered":"<p>Il presente volume intende offrire un punto di vista privilegiato e singolare sul fertile rapporto tra il logos filosofico e il logos rivelato nel cruciale torno cronologico della met\u00e0 del VI secolo: singolare, perch\u00e9 rari sono gli studi specificamente dedicati a Filopono e, soprattutto, al suo Esamerone; privilegiato, poi, giacch\u00e9 Filopono si presenta come una figura assolutamente eccezionale di aristotelico cristiano, parimenti versato qual era sia nell&#8217;indagine filosofica sia nell&#8217;\u00e0mbito teologico. In tale prospettiva lo studio vuole illustrare la finora negletta natura di snodo che pertiene al De opificio mundi, trattato esegetico sulla creazione del cosmo capace di rappresentare il ponte &#8211; sia formale sia concettuale &#8211; tra l&#8217;amplissima produzione commentaristica di Filopono ad Aristotele e la fine competenza biblico-patristica dell&#8217;Alessandrino; aspetti, questi, che si rivelano non confliggenti ma in larga parte complementari, incontrandosi cos\u00ec da produrre un inedito modo di traguardare l&#8217;origo mundi: conferire, cio\u00e8, al fiat del cosmo una concettualizzazione filosofica largamente debitrice non solo dell&#8217;invalso paradigma demiurgico offerto dal Timeo platonico ma anche della pregressa esperienza maturata da Filopono con le categorie speculative dello Stagirita. Con questa chiave interpretativa, infatti, si rende possibile intendere la complessit\u00e0 ricca e coerente del pensiero di Filopono il quale, commentando la settimana protogonica, da un lato era chiamato a confrontarsi con il modello gi\u00e0 filoniano del Plato Moysissimus Moyses ma, dall&#8217;altro, avvertiva ancor pi\u00f9 urgente la necessit\u00e0 di salvare i fenomeni alla luce del contributo portato dalle scienze osservative. La symphonia tra la Rivelazione cristiana e lo sfruttamento concettuale di Aristotele &#8211; destinata ad alti esiti nel corso della filosofia medievale &#8211; trova in questo trattato di Filopono un anticipo tanto inatteso quanto raffinatamente consapevole proprio allo spirare della stagione tardoantica.<\/p>\n","protected":false},"excerpt":{"rendered":"<p>Il presente volume intende offrire un punto di vista privilegiato  [&#8230;]<\/p>\n","protected":false},"featured_media":264398,"template":"","meta":{"_acf_changed":false},"product_brand":[],"product_cat":[72368,72356,72365],"product_tag":[],"editore":[27614],"autore":[69390],"curatore":[],"condizione":[26342],"lingua":[26340],"tipo_edizione":[],"tipo_pubblicazione":[24232],"dewey":[70256,25452],"genere":[],"contenuto":[24227,24238],"class_list":{"0":"post-320086","1":"product","2":"type-product","3":"status-publish","4":"has-post-thumbnail","6":"product_cat-ancient-and-medieval-history","7":"product_cat-archaeology","8":"product_cat-philosophy-metaphysics-logic-ethics","9":"editore-vita-e-pensiero","10":"autore-ottobrini-tiziano","11":"condizione-new","12":"lingua-italian","13":"tipo_pubblicazione-monograph","14":"dewey-ancient-history","15":"dewey-philosophy-psychology","16":"contenuto-biografia-en","17":"contenuto-indice-en","19":"first","20":"instock","21":"shipping-taxable","22":"purchasable","23":"product-type-simple"},"acf":[],"yoast_head":"<!-- This site is optimized with the Yoast SEO plugin v25.8 - https:\/\/yoast.com\/wordpress\/plugins\/seo\/ -->\n<title>Giovanni Filopono e l&#8217;esegesi biblica di matrice aristotelica : il De opificio mundi - Liberdomus<\/title>\n<meta name=\"robots\" content=\"index, follow, max-snippet:-1, max-image-preview:large, max-video-preview:-1\" \/>\n<link rel=\"canonical\" href=\"https:\/\/www.liberdomus.it\/en\/prodotto\/giovanni-filopono-e-lesegesi-biblica-9788834344545-2\/\" \/>\n<meta property=\"og:locale\" content=\"en_US\" \/>\n<meta property=\"og:type\" content=\"article\" \/>\n<meta property=\"og:title\" content=\"Giovanni Filopono e l&#8217;esegesi biblica di matrice aristotelica : il De opificio mundi - Liberdomus\" \/>\n<meta property=\"og:description\" content=\"Il presente volume intende offrire un punto di vista privilegiato [...]\" \/>\n<meta property=\"og:url\" content=\"https:\/\/www.liberdomus.it\/en\/prodotto\/giovanni-filopono-e-lesegesi-biblica-9788834344545-2\/\" \/>\n<meta property=\"og:site_name\" content=\"Liberdomus\" \/>\n<meta property=\"article:modified_time\" content=\"2024-07-29T14:10:31+00:00\" \/>\n<meta property=\"og:image\" content=\"https:\/\/www.liberdomus.it\/wp-content\/uploads\/2023\/05\/D0281068518.JPG\" \/>\n\t<meta property=\"og:image:width\" content=\"180\" \/>\n\t<meta property=\"og:image:height\" content=\"250\" \/>\n\t<meta property=\"og:image:type\" content=\"image\/jpeg\" \/>\n<meta name=\"twitter:card\" content=\"summary_large_image\" \/>\n<meta name=\"twitter:label1\" content=\"Est. reading time\" \/>\n\t<meta name=\"twitter:data1\" content=\"1 minute\" \/>\n<script type=\"application\/ld+json\" class=\"yoast-schema-graph\">{\"@context\":\"https:\/\/schema.org\",\"@graph\":[{\"@type\":\"WebPage\",\"@id\":\"https:\/\/www.liberdomus.it\/en\/prodotto\/giovanni-filopono-e-lesegesi-biblica-9788834344545-2\/\",\"url\":\"https:\/\/www.liberdomus.it\/en\/prodotto\/giovanni-filopono-e-lesegesi-biblica-9788834344545-2\/\",\"name\":\"Giovanni Filopono e l&#8217;esegesi biblica di matrice aristotelica : il De opificio mundi - Liberdomus\",\"isPartOf\":{\"@id\":\"https:\/\/www.liberdomus.it\/en\/#website\"},\"primaryImageOfPage\":{\"@id\":\"https:\/\/www.liberdomus.it\/en\/prodotto\/giovanni-filopono-e-lesegesi-biblica-9788834344545-2\/#primaryimage\"},\"image\":{\"@id\":\"https:\/\/www.liberdomus.it\/en\/prodotto\/giovanni-filopono-e-lesegesi-biblica-9788834344545-2\/#primaryimage\"},\"thumbnailUrl\":\"https:\/\/www.liberdomus.it\/wp-content\/uploads\/2023\/05\/D0281068518.JPG\",\"datePublished\":\"2023-05-24T22:00:00+00:00\",\"dateModified\":\"2024-07-29T14:10:31+00:00\",\"breadcrumb\":{\"@id\":\"https:\/\/www.liberdomus.it\/en\/prodotto\/giovanni-filopono-e-lesegesi-biblica-9788834344545-2\/#breadcrumb\"},\"inLanguage\":\"en-US\",\"potentialAction\":[{\"@type\":\"ReadAction\",\"target\":[\"https:\/\/www.liberdomus.it\/en\/prodotto\/giovanni-filopono-e-lesegesi-biblica-9788834344545-2\/\"]}]},{\"@type\":\"ImageObject\",\"inLanguage\":\"en-US\",\"@id\":\"https:\/\/www.liberdomus.it\/en\/prodotto\/giovanni-filopono-e-lesegesi-biblica-9788834344545-2\/#primaryimage\",\"url\":\"https:\/\/www.liberdomus.it\/wp-content\/uploads\/2023\/05\/D0281068518.JPG\",\"contentUrl\":\"https:\/\/www.liberdomus.it\/wp-content\/uploads\/2023\/05\/D0281068518.JPG\",\"width\":180,\"height\":250},{\"@type\":\"BreadcrumbList\",\"@id\":\"https:\/\/www.liberdomus.it\/en\/prodotto\/giovanni-filopono-e-lesegesi-biblica-9788834344545-2\/#breadcrumb\",\"itemListElement\":[{\"@type\":\"ListItem\",\"position\":1,\"name\":\"Home\",\"item\":\"https:\/\/www.liberdomus.it\/en\/\"},{\"@type\":\"ListItem\",\"position\":2,\"name\":\"Shop\",\"item\":\"https:\/\/www.liberdomus.it\/en\/shop\/\"},{\"@type\":\"ListItem\",\"position\":3,\"name\":\"Giovanni Filopono e l&#8217;esegesi biblica di matrice aristotelica : il De opificio mundi\"}]},{\"@type\":\"WebSite\",\"@id\":\"https:\/\/www.liberdomus.it\/en\/#website\",\"url\":\"https:\/\/www.liberdomus.it\/en\/\",\"name\":\"Liberdomus\",\"description\":\"La tua libreria a casa\",\"potentialAction\":[{\"@type\":\"SearchAction\",\"target\":{\"@type\":\"EntryPoint\",\"urlTemplate\":\"https:\/\/www.liberdomus.it\/en\/?s={search_term_string}\"},\"query-input\":{\"@type\":\"PropertyValueSpecification\",\"valueRequired\":true,\"valueName\":\"search_term_string\"}}],\"inLanguage\":\"en-US\"}]}<\/script>\n<!-- \/ Yoast SEO plugin. -->","yoast_head_json":{"title":"Giovanni Filopono e l&#8217;esegesi biblica di matrice aristotelica : il De opificio mundi - Liberdomus","robots":{"index":"index","follow":"follow","max-snippet":"max-snippet:-1","max-image-preview":"max-image-preview:large","max-video-preview":"max-video-preview:-1"},"canonical":"https:\/\/www.liberdomus.it\/en\/prodotto\/giovanni-filopono-e-lesegesi-biblica-9788834344545-2\/","og_locale":"en_US","og_type":"article","og_title":"Giovanni Filopono e l&#8217;esegesi biblica di matrice aristotelica : il De opificio mundi - Liberdomus","og_description":"Il presente volume intende offrire un punto di vista privilegiato [...]","og_url":"https:\/\/www.liberdomus.it\/en\/prodotto\/giovanni-filopono-e-lesegesi-biblica-9788834344545-2\/","og_site_name":"Liberdomus","article_modified_time":"2024-07-29T14:10:31+00:00","og_image":[{"width":180,"height":250,"url":"https:\/\/www.liberdomus.it\/wp-content\/uploads\/2023\/05\/D0281068518.JPG","type":"image\/jpeg"}],"twitter_card":"summary_large_image","twitter_misc":{"Est. reading time":"1 minute"},"schema":{"@context":"https:\/\/schema.org","@graph":[{"@type":"WebPage","@id":"https:\/\/www.liberdomus.it\/en\/prodotto\/giovanni-filopono-e-lesegesi-biblica-9788834344545-2\/","url":"https:\/\/www.liberdomus.it\/en\/prodotto\/giovanni-filopono-e-lesegesi-biblica-9788834344545-2\/","name":"Giovanni Filopono e l&#8217;esegesi biblica di matrice aristotelica : il De opificio mundi - Liberdomus","isPartOf":{"@id":"https:\/\/www.liberdomus.it\/en\/#website"},"primaryImageOfPage":{"@id":"https:\/\/www.liberdomus.it\/en\/prodotto\/giovanni-filopono-e-lesegesi-biblica-9788834344545-2\/#primaryimage"},"image":{"@id":"https:\/\/www.liberdomus.it\/en\/prodotto\/giovanni-filopono-e-lesegesi-biblica-9788834344545-2\/#primaryimage"},"thumbnailUrl":"https:\/\/www.liberdomus.it\/wp-content\/uploads\/2023\/05\/D0281068518.JPG","datePublished":"2023-05-24T22:00:00+00:00","dateModified":"2024-07-29T14:10:31+00:00","breadcrumb":{"@id":"https:\/\/www.liberdomus.it\/en\/prodotto\/giovanni-filopono-e-lesegesi-biblica-9788834344545-2\/#breadcrumb"},"inLanguage":"en-US","potentialAction":[{"@type":"ReadAction","target":["https:\/\/www.liberdomus.it\/en\/prodotto\/giovanni-filopono-e-lesegesi-biblica-9788834344545-2\/"]}]},{"@type":"ImageObject","inLanguage":"en-US","@id":"https:\/\/www.liberdomus.it\/en\/prodotto\/giovanni-filopono-e-lesegesi-biblica-9788834344545-2\/#primaryimage","url":"https:\/\/www.liberdomus.it\/wp-content\/uploads\/2023\/05\/D0281068518.JPG","contentUrl":"https:\/\/www.liberdomus.it\/wp-content\/uploads\/2023\/05\/D0281068518.JPG","width":180,"height":250},{"@type":"BreadcrumbList","@id":"https:\/\/www.liberdomus.it\/en\/prodotto\/giovanni-filopono-e-lesegesi-biblica-9788834344545-2\/#breadcrumb","itemListElement":[{"@type":"ListItem","position":1,"name":"Home","item":"https:\/\/www.liberdomus.it\/en\/"},{"@type":"ListItem","position":2,"name":"Shop","item":"https:\/\/www.liberdomus.it\/en\/shop\/"},{"@type":"ListItem","position":3,"name":"Giovanni Filopono e l&#8217;esegesi biblica di matrice aristotelica : il De opificio mundi"}]},{"@type":"WebSite","@id":"https:\/\/www.liberdomus.it\/en\/#website","url":"https:\/\/www.liberdomus.it\/en\/","name":"Liberdomus","description":"La tua libreria a casa","potentialAction":[{"@type":"SearchAction","target":{"@type":"EntryPoint","urlTemplate":"https:\/\/www.liberdomus.it\/en\/?s={search_term_string}"},"query-input":{"@type":"PropertyValueSpecification","valueRequired":true,"valueName":"search_term_string"}}],"inLanguage":"en-US"}]}},"_links":{"self":[{"href":"https:\/\/www.liberdomus.it\/en\/wp-json\/wp\/v2\/product\/320086","targetHints":{"allow":["GET"]}}],"collection":[{"href":"https:\/\/www.liberdomus.it\/en\/wp-json\/wp\/v2\/product"}],"about":[{"href":"https:\/\/www.liberdomus.it\/en\/wp-json\/wp\/v2\/types\/product"}],"wp:featuredmedia":[{"embeddable":true,"href":"https:\/\/www.liberdomus.it\/en\/wp-json\/wp\/v2\/media\/264398"}],"wp:attachment":[{"href":"https:\/\/www.liberdomus.it\/en\/wp-json\/wp\/v2\/media?parent=320086"}],"wp:term":[{"taxonomy":"product_brand","embeddable":true,"href":"https:\/\/www.liberdomus.it\/en\/wp-json\/wp\/v2\/product_brand?post=320086"},{"taxonomy":"product_cat","embeddable":true,"href":"https:\/\/www.liberdomus.it\/en\/wp-json\/wp\/v2\/product_cat?post=320086"},{"taxonomy":"product_tag","embeddable":true,"href":"https:\/\/www.liberdomus.it\/en\/wp-json\/wp\/v2\/product_tag?post=320086"},{"taxonomy":"editore","embeddable":true,"href":"https:\/\/www.liberdomus.it\/en\/wp-json\/wp\/v2\/editore?post=320086"},{"taxonomy":"autore","embeddable":true,"href":"https:\/\/www.liberdomus.it\/en\/wp-json\/wp\/v2\/autore?post=320086"},{"taxonomy":"curatore","embeddable":true,"href":"https:\/\/www.liberdomus.it\/en\/wp-json\/wp\/v2\/curatore?post=320086"},{"taxonomy":"condizione","embeddable":true,"href":"https:\/\/www.liberdomus.it\/en\/wp-json\/wp\/v2\/condizione?post=320086"},{"taxonomy":"lingua","embeddable":true,"href":"https:\/\/www.liberdomus.it\/en\/wp-json\/wp\/v2\/lingua?post=320086"},{"taxonomy":"tipo_edizione","embeddable":true,"href":"https:\/\/www.liberdomus.it\/en\/wp-json\/wp\/v2\/tipo_edizione?post=320086"},{"taxonomy":"tipo_pubblicazione","embeddable":true,"href":"https:\/\/www.liberdomus.it\/en\/wp-json\/wp\/v2\/tipo_pubblicazione?post=320086"},{"taxonomy":"dewey","embeddable":true,"href":"https:\/\/www.liberdomus.it\/en\/wp-json\/wp\/v2\/dewey?post=320086"},{"taxonomy":"genere","embeddable":true,"href":"https:\/\/www.liberdomus.it\/en\/wp-json\/wp\/v2\/genere?post=320086"},{"taxonomy":"contenuto","embeddable":true,"href":"https:\/\/www.liberdomus.it\/en\/wp-json\/wp\/v2\/contenuto?post=320086"}],"curies":[{"name":"wp","href":"https:\/\/api.w.org\/{rel}","templated":true}]}}