{"id":318385,"date":"2022-07-21T00:00:00","date_gmt":"2022-07-20T22:00:00","guid":{"rendered":"https:\/\/www.liberdomus.it\/prodotto\/gela-il-thesmophorion-di-bitalemi-9788876893360-2\/"},"modified":"2024-07-29T15:58:12","modified_gmt":"2024-07-29T13:58:12","slug":"gela-il-thesmophorion-di-bitalemi-9788876893360-2","status":"publish","type":"product","link":"https:\/\/www.liberdomus.it\/en\/prodotto\/gela-il-thesmophorion-di-bitalemi-9788876893360-2\/","title":{"rendered":"Gela : il Thesmophorion di Bitalemi : la fase arcaica : scavi Orlandini, 1963-1967"},"content":{"rendered":"<p>Il santuario posto sulla collinetta di Bitalemi a Gela \u00e8 uno dei luoghi di culto demetriaci pi\u00f9 noti nella Sicilia greca, grazie anche alla precisa possibilit\u00e0 di identificazione della divinit\u00e0 ivi venerata (Demetra Thesmophoros) menzionata in alcuni graffiti vascolari; la ricchezza e la particolarit\u00e0 dei suoi rinvenimenti hanno contribuito alla notoriet\u00e0 dell\u2019area sacra. Il volume presenta l\u2019attesa pubblicazione sistematica degli scavi condotti a Bitalemi da Piero Orlandini nelle campagne del 1963, 1964 e 1967.  Il focus del volume \u00e8 di tipo storico-religioso, date le circostanze eccezionali di rinvenimento dei depositi votivi protetti da una coltre di sabbia che li ha preservati in buono stato di conservazione. Viene dunque offerta una rapida presentazione dei rinvenimenti, comprendente le quasi tremila deposizioni rinvenute in situ e gli oggetti frammentari, non in deposito. Al catalogo fa seguito un rapido commento classe per classe, utile all\u2019inquadramento degli oggetti rituali, composti nella maggior parte dei casi da vasellame importato e di fabbrica locale, oltre che da oggetti metallici, terrecotte e pesi da telaio. Dopo la formulazione di alcune ipotesi sul funzionamento del santuario in questa prima fase di frequentazione e sul quantitativo delle offerte, viene proposta un\u2019ampia discussione sulla prassi votiva e rituale desumibile dai dati archeologici e sul culto tributato. La non comune possibilit\u00e0 di mettere a confronto i rinvenimenti e le loro modalit\u00e0 di&#8230;<\/p>\n","protected":false},"excerpt":{"rendered":"<p>Il santuario posto sulla collinetta di Bitalemi a Gela \u00e8  [&#8230;]<\/p>\n","protected":false},"featured_media":260872,"template":"","meta":{"_acf_changed":false},"product_brand":[],"product_cat":[72356,24157],"product_tag":[],"editore":[27523],"autore":[],"curatore":[39889],"condizione":[26342],"lingua":[26340],"tipo_edizione":[],"tipo_pubblicazione":[24232],"dewey":[26019,26206],"genere":[],"contenuto":[24238],"class_list":{"0":"post-318385","1":"product","2":"type-product","3":"status-publish","4":"has-post-thumbnail","6":"product_cat-archaeology","7":"product_cat-art-architecture","8":"editore-giorgio-bretschneider-editore","9":"curatore-albertocchi-marina","10":"condizione-new","11":"lingua-italian","12":"tipo_pubblicazione-monograph","13":"dewey-buildings-for-religious-purposes","14":"dewey-history-of-ancient-world-to-ca-499","15":"contenuto-indice-en","17":"first","18":"instock","19":"shipping-taxable","20":"purchasable","21":"product-type-simple"},"acf":[],"yoast_head":"<!-- This site is optimized with the Yoast SEO plugin v25.8 - https:\/\/yoast.com\/wordpress\/plugins\/seo\/ -->\n<title>Gela : il Thesmophorion di Bitalemi : la fase arcaica : scavi Orlandini, 1963-1967 - Liberdomus<\/title>\n<meta name=\"robots\" content=\"index, follow, max-snippet:-1, max-image-preview:large, max-video-preview:-1\" \/>\n<link rel=\"canonical\" href=\"https:\/\/www.liberdomus.it\/en\/prodotto\/gela-il-thesmophorion-di-bitalemi-9788876893360-2\/\" \/>\n<meta property=\"og:locale\" content=\"en_US\" \/>\n<meta property=\"og:type\" content=\"article\" \/>\n<meta property=\"og:title\" content=\"Gela : il Thesmophorion di Bitalemi : la fase arcaica : scavi Orlandini, 1963-1967 - Liberdomus\" \/>\n<meta property=\"og:description\" content=\"Il santuario posto sulla collinetta di Bitalemi a Gela \u00e8 [...]\" \/>\n<meta property=\"og:url\" content=\"https:\/\/www.liberdomus.it\/en\/prodotto\/gela-il-thesmophorion-di-bitalemi-9788876893360-2\/\" \/>\n<meta property=\"og:site_name\" content=\"Liberdomus\" \/>\n<meta property=\"article:modified_time\" content=\"2024-07-29T13:58:12+00:00\" \/>\n<meta property=\"og:image\" content=\"https:\/\/www.liberdomus.it\/wp-content\/uploads\/2022\/07\/D0181066800.JPG\" \/>\n\t<meta property=\"og:image:width\" content=\"178\" \/>\n\t<meta property=\"og:image:height\" content=\"250\" \/>\n\t<meta property=\"og:image:type\" content=\"image\/jpeg\" \/>\n<meta name=\"twitter:card\" content=\"summary_large_image\" \/>\n<meta name=\"twitter:label1\" content=\"Est. reading time\" \/>\n\t<meta name=\"twitter:data1\" content=\"1 minute\" \/>\n<script type=\"application\/ld+json\" class=\"yoast-schema-graph\">{\"@context\":\"https:\/\/schema.org\",\"@graph\":[{\"@type\":\"WebPage\",\"@id\":\"https:\/\/www.liberdomus.it\/en\/prodotto\/gela-il-thesmophorion-di-bitalemi-9788876893360-2\/\",\"url\":\"https:\/\/www.liberdomus.it\/en\/prodotto\/gela-il-thesmophorion-di-bitalemi-9788876893360-2\/\",\"name\":\"Gela : il Thesmophorion di Bitalemi : la fase arcaica : scavi Orlandini, 1963-1967 - Liberdomus\",\"isPartOf\":{\"@id\":\"https:\/\/www.liberdomus.it\/en\/#website\"},\"primaryImageOfPage\":{\"@id\":\"https:\/\/www.liberdomus.it\/en\/prodotto\/gela-il-thesmophorion-di-bitalemi-9788876893360-2\/#primaryimage\"},\"image\":{\"@id\":\"https:\/\/www.liberdomus.it\/en\/prodotto\/gela-il-thesmophorion-di-bitalemi-9788876893360-2\/#primaryimage\"},\"thumbnailUrl\":\"https:\/\/www.liberdomus.it\/wp-content\/uploads\/2022\/07\/D0181066800.JPG\",\"datePublished\":\"2022-07-20T22:00:00+00:00\",\"dateModified\":\"2024-07-29T13:58:12+00:00\",\"breadcrumb\":{\"@id\":\"https:\/\/www.liberdomus.it\/en\/prodotto\/gela-il-thesmophorion-di-bitalemi-9788876893360-2\/#breadcrumb\"},\"inLanguage\":\"en-US\",\"potentialAction\":[{\"@type\":\"ReadAction\",\"target\":[\"https:\/\/www.liberdomus.it\/en\/prodotto\/gela-il-thesmophorion-di-bitalemi-9788876893360-2\/\"]}]},{\"@type\":\"ImageObject\",\"inLanguage\":\"en-US\",\"@id\":\"https:\/\/www.liberdomus.it\/en\/prodotto\/gela-il-thesmophorion-di-bitalemi-9788876893360-2\/#primaryimage\",\"url\":\"https:\/\/www.liberdomus.it\/wp-content\/uploads\/2022\/07\/D0181066800.JPG\",\"contentUrl\":\"https:\/\/www.liberdomus.it\/wp-content\/uploads\/2022\/07\/D0181066800.JPG\",\"width\":178,\"height\":250},{\"@type\":\"BreadcrumbList\",\"@id\":\"https:\/\/www.liberdomus.it\/en\/prodotto\/gela-il-thesmophorion-di-bitalemi-9788876893360-2\/#breadcrumb\",\"itemListElement\":[{\"@type\":\"ListItem\",\"position\":1,\"name\":\"Home\",\"item\":\"https:\/\/www.liberdomus.it\/en\/\"},{\"@type\":\"ListItem\",\"position\":2,\"name\":\"Shop\",\"item\":\"https:\/\/www.liberdomus.it\/en\/shop\/\"},{\"@type\":\"ListItem\",\"position\":3,\"name\":\"Gela : il Thesmophorion di Bitalemi : la fase arcaica : scavi Orlandini, 1963-1967\"}]},{\"@type\":\"WebSite\",\"@id\":\"https:\/\/www.liberdomus.it\/en\/#website\",\"url\":\"https:\/\/www.liberdomus.it\/en\/\",\"name\":\"Liberdomus\",\"description\":\"La tua libreria a casa\",\"potentialAction\":[{\"@type\":\"SearchAction\",\"target\":{\"@type\":\"EntryPoint\",\"urlTemplate\":\"https:\/\/www.liberdomus.it\/en\/?s={search_term_string}\"},\"query-input\":{\"@type\":\"PropertyValueSpecification\",\"valueRequired\":true,\"valueName\":\"search_term_string\"}}],\"inLanguage\":\"en-US\"}]}<\/script>\n<!-- \/ Yoast SEO plugin. -->","yoast_head_json":{"title":"Gela : il Thesmophorion di Bitalemi : la fase arcaica : scavi Orlandini, 1963-1967 - Liberdomus","robots":{"index":"index","follow":"follow","max-snippet":"max-snippet:-1","max-image-preview":"max-image-preview:large","max-video-preview":"max-video-preview:-1"},"canonical":"https:\/\/www.liberdomus.it\/en\/prodotto\/gela-il-thesmophorion-di-bitalemi-9788876893360-2\/","og_locale":"en_US","og_type":"article","og_title":"Gela : il Thesmophorion di Bitalemi : la fase arcaica : scavi Orlandini, 1963-1967 - Liberdomus","og_description":"Il santuario posto sulla collinetta di Bitalemi a Gela \u00e8 [...]","og_url":"https:\/\/www.liberdomus.it\/en\/prodotto\/gela-il-thesmophorion-di-bitalemi-9788876893360-2\/","og_site_name":"Liberdomus","article_modified_time":"2024-07-29T13:58:12+00:00","og_image":[{"width":178,"height":250,"url":"https:\/\/www.liberdomus.it\/wp-content\/uploads\/2022\/07\/D0181066800.JPG","type":"image\/jpeg"}],"twitter_card":"summary_large_image","twitter_misc":{"Est. reading time":"1 minute"},"schema":{"@context":"https:\/\/schema.org","@graph":[{"@type":"WebPage","@id":"https:\/\/www.liberdomus.it\/en\/prodotto\/gela-il-thesmophorion-di-bitalemi-9788876893360-2\/","url":"https:\/\/www.liberdomus.it\/en\/prodotto\/gela-il-thesmophorion-di-bitalemi-9788876893360-2\/","name":"Gela : il Thesmophorion di Bitalemi : la fase arcaica : scavi Orlandini, 1963-1967 - Liberdomus","isPartOf":{"@id":"https:\/\/www.liberdomus.it\/en\/#website"},"primaryImageOfPage":{"@id":"https:\/\/www.liberdomus.it\/en\/prodotto\/gela-il-thesmophorion-di-bitalemi-9788876893360-2\/#primaryimage"},"image":{"@id":"https:\/\/www.liberdomus.it\/en\/prodotto\/gela-il-thesmophorion-di-bitalemi-9788876893360-2\/#primaryimage"},"thumbnailUrl":"https:\/\/www.liberdomus.it\/wp-content\/uploads\/2022\/07\/D0181066800.JPG","datePublished":"2022-07-20T22:00:00+00:00","dateModified":"2024-07-29T13:58:12+00:00","breadcrumb":{"@id":"https:\/\/www.liberdomus.it\/en\/prodotto\/gela-il-thesmophorion-di-bitalemi-9788876893360-2\/#breadcrumb"},"inLanguage":"en-US","potentialAction":[{"@type":"ReadAction","target":["https:\/\/www.liberdomus.it\/en\/prodotto\/gela-il-thesmophorion-di-bitalemi-9788876893360-2\/"]}]},{"@type":"ImageObject","inLanguage":"en-US","@id":"https:\/\/www.liberdomus.it\/en\/prodotto\/gela-il-thesmophorion-di-bitalemi-9788876893360-2\/#primaryimage","url":"https:\/\/www.liberdomus.it\/wp-content\/uploads\/2022\/07\/D0181066800.JPG","contentUrl":"https:\/\/www.liberdomus.it\/wp-content\/uploads\/2022\/07\/D0181066800.JPG","width":178,"height":250},{"@type":"BreadcrumbList","@id":"https:\/\/www.liberdomus.it\/en\/prodotto\/gela-il-thesmophorion-di-bitalemi-9788876893360-2\/#breadcrumb","itemListElement":[{"@type":"ListItem","position":1,"name":"Home","item":"https:\/\/www.liberdomus.it\/en\/"},{"@type":"ListItem","position":2,"name":"Shop","item":"https:\/\/www.liberdomus.it\/en\/shop\/"},{"@type":"ListItem","position":3,"name":"Gela : il Thesmophorion di Bitalemi : la fase arcaica : scavi Orlandini, 1963-1967"}]},{"@type":"WebSite","@id":"https:\/\/www.liberdomus.it\/en\/#website","url":"https:\/\/www.liberdomus.it\/en\/","name":"Liberdomus","description":"La tua libreria a casa","potentialAction":[{"@type":"SearchAction","target":{"@type":"EntryPoint","urlTemplate":"https:\/\/www.liberdomus.it\/en\/?s={search_term_string}"},"query-input":{"@type":"PropertyValueSpecification","valueRequired":true,"valueName":"search_term_string"}}],"inLanguage":"en-US"}]}},"_links":{"self":[{"href":"https:\/\/www.liberdomus.it\/en\/wp-json\/wp\/v2\/product\/318385","targetHints":{"allow":["GET"]}}],"collection":[{"href":"https:\/\/www.liberdomus.it\/en\/wp-json\/wp\/v2\/product"}],"about":[{"href":"https:\/\/www.liberdomus.it\/en\/wp-json\/wp\/v2\/types\/product"}],"wp:featuredmedia":[{"embeddable":true,"href":"https:\/\/www.liberdomus.it\/en\/wp-json\/wp\/v2\/media\/260872"}],"wp:attachment":[{"href":"https:\/\/www.liberdomus.it\/en\/wp-json\/wp\/v2\/media?parent=318385"}],"wp:term":[{"taxonomy":"product_brand","embeddable":true,"href":"https:\/\/www.liberdomus.it\/en\/wp-json\/wp\/v2\/product_brand?post=318385"},{"taxonomy":"product_cat","embeddable":true,"href":"https:\/\/www.liberdomus.it\/en\/wp-json\/wp\/v2\/product_cat?post=318385"},{"taxonomy":"product_tag","embeddable":true,"href":"https:\/\/www.liberdomus.it\/en\/wp-json\/wp\/v2\/product_tag?post=318385"},{"taxonomy":"editore","embeddable":true,"href":"https:\/\/www.liberdomus.it\/en\/wp-json\/wp\/v2\/editore?post=318385"},{"taxonomy":"autore","embeddable":true,"href":"https:\/\/www.liberdomus.it\/en\/wp-json\/wp\/v2\/autore?post=318385"},{"taxonomy":"curatore","embeddable":true,"href":"https:\/\/www.liberdomus.it\/en\/wp-json\/wp\/v2\/curatore?post=318385"},{"taxonomy":"condizione","embeddable":true,"href":"https:\/\/www.liberdomus.it\/en\/wp-json\/wp\/v2\/condizione?post=318385"},{"taxonomy":"lingua","embeddable":true,"href":"https:\/\/www.liberdomus.it\/en\/wp-json\/wp\/v2\/lingua?post=318385"},{"taxonomy":"tipo_edizione","embeddable":true,"href":"https:\/\/www.liberdomus.it\/en\/wp-json\/wp\/v2\/tipo_edizione?post=318385"},{"taxonomy":"tipo_pubblicazione","embeddable":true,"href":"https:\/\/www.liberdomus.it\/en\/wp-json\/wp\/v2\/tipo_pubblicazione?post=318385"},{"taxonomy":"dewey","embeddable":true,"href":"https:\/\/www.liberdomus.it\/en\/wp-json\/wp\/v2\/dewey?post=318385"},{"taxonomy":"genere","embeddable":true,"href":"https:\/\/www.liberdomus.it\/en\/wp-json\/wp\/v2\/genere?post=318385"},{"taxonomy":"contenuto","embeddable":true,"href":"https:\/\/www.liberdomus.it\/en\/wp-json\/wp\/v2\/contenuto?post=318385"}],"curies":[{"name":"wp","href":"https:\/\/api.w.org\/{rel}","templated":true}]}}