{"id":317060,"date":"2021-12-16T00:00:00","date_gmt":"2021-12-15T23:00:00","guid":{"rendered":"https:\/\/www.liberdomus.it\/prodotto\/capitolati-informativi-con-metodi-e-9788848142519-2\/"},"modified":"2024-07-29T15:48:56","modified_gmt":"2024-07-29T13:48:56","slug":"capitolati-informativi-con-metodi-e-9788848142519-2","status":"publish","type":"product","link":"https:\/\/www.liberdomus.it\/en\/prodotto\/capitolati-informativi-con-metodi-e-9788848142519-2\/","title":{"rendered":"I apitolati informativi con metodi e strumenti BIM : guida alla stesura per appalti digitali"},"content":{"rendered":"<p>Il Capitolato Informativo \u00e8 un documento &#8211; con finalit\u00e0 tecniche e contrattuali &#8211; indispensabile all&#8217;interno del processo digitale BIM, richiesto negli appalti pubblici e privati, regolamentato dalla normativa in materia. Scritto da un team di professionisti diversi per specifica competenza (due architetti, un ingegnere e un avvocato) e tutti esperti di progettazione e commesse d&#8217;appalto in ambito BIM, il testo \u00e8 strutturato in modo tale da garantire l&#8217;acquisizione delle informazioni di base del Building Information Modeling e di una commessa digitale, comprendere l&#8217;ambito tecnico e giuridico entro cui si colloca il Capitolato Informativo e affrontare in modo consapevole la sua lettura e la sua redazione. Sono anche presenti accenni introduttivi alle fondamenta strumentali e regolamentali del BIM: che cos&#8217;\u00e8, quali gli standard e i riferimenti normativi, i suoi strumenti e le delivery. Il testo \u00e8 aggiornato con le novit\u00e0 introdotte dal Decreto Ministeriale n. 312 del 2.8.2021, che ha modificato e integrato il Decreto Ministeriale n. 560\/2017 in materia di utilizzo della metodologia BIM da parte delle stazioni appaltanti. Il manuale \u00e8 di grande importanza per tutta la filiera dell&#8217;edilizia, sia per gli uffici tecnici degli enti committenti sia per i progettisti e per le aziende costruttrici e i subappaltatori.<\/p>\n","protected":false},"excerpt":{"rendered":"<p>Il Capitolato Informativo \u00e8 un documento &#8211; con finalit\u00e0 tecniche  [&#8230;]<\/p>\n","protected":false},"featured_media":258368,"template":"","meta":{"_acf_changed":false},"product_brand":[],"product_cat":[24157],"product_tag":[],"editore":[28429],"autore":[68397],"curatore":[],"condizione":[26342],"lingua":[26340],"tipo_edizione":[],"tipo_pubblicazione":[24232],"dewey":[26014,25986],"genere":[],"contenuto":[24238],"class_list":{"0":"post-317060","1":"product","2":"type-product","3":"status-publish","4":"has-post-thumbnail","6":"product_cat-art-architecture","7":"editore-tecniche-nuove","8":"autore-rota-angelo","9":"condizione-new","10":"lingua-italian","11":"tipo_pubblicazione-monograph","12":"dewey-architecture","13":"dewey-buildings","14":"contenuto-indice-en","16":"first","17":"instock","18":"shipping-taxable","19":"purchasable","20":"product-type-simple"},"acf":[],"yoast_head":"<!-- This site is optimized with the Yoast SEO plugin v25.8 - https:\/\/yoast.com\/wordpress\/plugins\/seo\/ -->\n<title>apitolati informativi con metodi e strumenti BIM : guida alla stesura per appalti digitali - Liberdomus<\/title>\n<meta name=\"robots\" content=\"index, follow, max-snippet:-1, max-image-preview:large, max-video-preview:-1\" \/>\n<link rel=\"canonical\" href=\"https:\/\/www.liberdomus.it\/en\/prodotto\/capitolati-informativi-con-metodi-e-9788848142519-2\/\" \/>\n<meta property=\"og:locale\" content=\"en_US\" \/>\n<meta property=\"og:type\" content=\"article\" \/>\n<meta property=\"og:title\" content=\"apitolati informativi con metodi e strumenti BIM : guida alla stesura per appalti digitali - Liberdomus\" \/>\n<meta property=\"og:description\" content=\"Il Capitolato Informativo \u00e8 un documento &#8211; con finalit\u00e0 tecniche [...]\" \/>\n<meta property=\"og:url\" content=\"https:\/\/www.liberdomus.it\/en\/prodotto\/capitolati-informativi-con-metodi-e-9788848142519-2\/\" \/>\n<meta property=\"og:site_name\" content=\"Liberdomus\" \/>\n<meta property=\"article:modified_time\" content=\"2024-07-29T13:48:56+00:00\" \/>\n<meta property=\"og:image\" content=\"https:\/\/www.liberdomus.it\/wp-content\/uploads\/2021\/12\/D1107064524.JPG\" \/>\n\t<meta property=\"og:image:width\" content=\"176\" \/>\n\t<meta property=\"og:image:height\" content=\"250\" \/>\n\t<meta property=\"og:image:type\" content=\"image\/jpeg\" \/>\n<meta name=\"twitter:card\" content=\"summary_large_image\" \/>\n<meta name=\"twitter:label1\" content=\"Est. reading time\" \/>\n\t<meta name=\"twitter:data1\" content=\"1 minute\" \/>\n<script type=\"application\/ld+json\" class=\"yoast-schema-graph\">{\"@context\":\"https:\/\/schema.org\",\"@graph\":[{\"@type\":\"WebPage\",\"@id\":\"https:\/\/www.liberdomus.it\/en\/prodotto\/capitolati-informativi-con-metodi-e-9788848142519-2\/\",\"url\":\"https:\/\/www.liberdomus.it\/en\/prodotto\/capitolati-informativi-con-metodi-e-9788848142519-2\/\",\"name\":\"apitolati informativi con metodi e strumenti BIM : guida alla stesura per appalti digitali - Liberdomus\",\"isPartOf\":{\"@id\":\"https:\/\/www.liberdomus.it\/en\/#website\"},\"primaryImageOfPage\":{\"@id\":\"https:\/\/www.liberdomus.it\/en\/prodotto\/capitolati-informativi-con-metodi-e-9788848142519-2\/#primaryimage\"},\"image\":{\"@id\":\"https:\/\/www.liberdomus.it\/en\/prodotto\/capitolati-informativi-con-metodi-e-9788848142519-2\/#primaryimage\"},\"thumbnailUrl\":\"https:\/\/www.liberdomus.it\/wp-content\/uploads\/2021\/12\/D1107064524.JPG\",\"datePublished\":\"2021-12-15T23:00:00+00:00\",\"dateModified\":\"2024-07-29T13:48:56+00:00\",\"breadcrumb\":{\"@id\":\"https:\/\/www.liberdomus.it\/en\/prodotto\/capitolati-informativi-con-metodi-e-9788848142519-2\/#breadcrumb\"},\"inLanguage\":\"en-US\",\"potentialAction\":[{\"@type\":\"ReadAction\",\"target\":[\"https:\/\/www.liberdomus.it\/en\/prodotto\/capitolati-informativi-con-metodi-e-9788848142519-2\/\"]}]},{\"@type\":\"ImageObject\",\"inLanguage\":\"en-US\",\"@id\":\"https:\/\/www.liberdomus.it\/en\/prodotto\/capitolati-informativi-con-metodi-e-9788848142519-2\/#primaryimage\",\"url\":\"https:\/\/www.liberdomus.it\/wp-content\/uploads\/2021\/12\/D1107064524.JPG\",\"contentUrl\":\"https:\/\/www.liberdomus.it\/wp-content\/uploads\/2021\/12\/D1107064524.JPG\",\"width\":176,\"height\":250},{\"@type\":\"BreadcrumbList\",\"@id\":\"https:\/\/www.liberdomus.it\/en\/prodotto\/capitolati-informativi-con-metodi-e-9788848142519-2\/#breadcrumb\",\"itemListElement\":[{\"@type\":\"ListItem\",\"position\":1,\"name\":\"Home\",\"item\":\"https:\/\/www.liberdomus.it\/en\/\"},{\"@type\":\"ListItem\",\"position\":2,\"name\":\"Shop\",\"item\":\"https:\/\/www.liberdomus.it\/en\/shop\/\"},{\"@type\":\"ListItem\",\"position\":3,\"name\":\"I apitolati informativi con metodi e strumenti BIM : guida alla stesura per appalti digitali\"}]},{\"@type\":\"WebSite\",\"@id\":\"https:\/\/www.liberdomus.it\/en\/#website\",\"url\":\"https:\/\/www.liberdomus.it\/en\/\",\"name\":\"Liberdomus\",\"description\":\"La tua libreria a casa\",\"potentialAction\":[{\"@type\":\"SearchAction\",\"target\":{\"@type\":\"EntryPoint\",\"urlTemplate\":\"https:\/\/www.liberdomus.it\/en\/?s={search_term_string}\"},\"query-input\":{\"@type\":\"PropertyValueSpecification\",\"valueRequired\":true,\"valueName\":\"search_term_string\"}}],\"inLanguage\":\"en-US\"}]}<\/script>\n<!-- \/ Yoast SEO plugin. -->","yoast_head_json":{"title":"apitolati informativi con metodi e strumenti BIM : guida alla stesura per appalti digitali - Liberdomus","robots":{"index":"index","follow":"follow","max-snippet":"max-snippet:-1","max-image-preview":"max-image-preview:large","max-video-preview":"max-video-preview:-1"},"canonical":"https:\/\/www.liberdomus.it\/en\/prodotto\/capitolati-informativi-con-metodi-e-9788848142519-2\/","og_locale":"en_US","og_type":"article","og_title":"apitolati informativi con metodi e strumenti BIM : guida alla stesura per appalti digitali - Liberdomus","og_description":"Il Capitolato Informativo \u00e8 un documento &#8211; con finalit\u00e0 tecniche [...]","og_url":"https:\/\/www.liberdomus.it\/en\/prodotto\/capitolati-informativi-con-metodi-e-9788848142519-2\/","og_site_name":"Liberdomus","article_modified_time":"2024-07-29T13:48:56+00:00","og_image":[{"width":176,"height":250,"url":"https:\/\/www.liberdomus.it\/wp-content\/uploads\/2021\/12\/D1107064524.JPG","type":"image\/jpeg"}],"twitter_card":"summary_large_image","twitter_misc":{"Est. reading time":"1 minute"},"schema":{"@context":"https:\/\/schema.org","@graph":[{"@type":"WebPage","@id":"https:\/\/www.liberdomus.it\/en\/prodotto\/capitolati-informativi-con-metodi-e-9788848142519-2\/","url":"https:\/\/www.liberdomus.it\/en\/prodotto\/capitolati-informativi-con-metodi-e-9788848142519-2\/","name":"apitolati informativi con metodi e strumenti BIM : guida alla stesura per appalti digitali - Liberdomus","isPartOf":{"@id":"https:\/\/www.liberdomus.it\/en\/#website"},"primaryImageOfPage":{"@id":"https:\/\/www.liberdomus.it\/en\/prodotto\/capitolati-informativi-con-metodi-e-9788848142519-2\/#primaryimage"},"image":{"@id":"https:\/\/www.liberdomus.it\/en\/prodotto\/capitolati-informativi-con-metodi-e-9788848142519-2\/#primaryimage"},"thumbnailUrl":"https:\/\/www.liberdomus.it\/wp-content\/uploads\/2021\/12\/D1107064524.JPG","datePublished":"2021-12-15T23:00:00+00:00","dateModified":"2024-07-29T13:48:56+00:00","breadcrumb":{"@id":"https:\/\/www.liberdomus.it\/en\/prodotto\/capitolati-informativi-con-metodi-e-9788848142519-2\/#breadcrumb"},"inLanguage":"en-US","potentialAction":[{"@type":"ReadAction","target":["https:\/\/www.liberdomus.it\/en\/prodotto\/capitolati-informativi-con-metodi-e-9788848142519-2\/"]}]},{"@type":"ImageObject","inLanguage":"en-US","@id":"https:\/\/www.liberdomus.it\/en\/prodotto\/capitolati-informativi-con-metodi-e-9788848142519-2\/#primaryimage","url":"https:\/\/www.liberdomus.it\/wp-content\/uploads\/2021\/12\/D1107064524.JPG","contentUrl":"https:\/\/www.liberdomus.it\/wp-content\/uploads\/2021\/12\/D1107064524.JPG","width":176,"height":250},{"@type":"BreadcrumbList","@id":"https:\/\/www.liberdomus.it\/en\/prodotto\/capitolati-informativi-con-metodi-e-9788848142519-2\/#breadcrumb","itemListElement":[{"@type":"ListItem","position":1,"name":"Home","item":"https:\/\/www.liberdomus.it\/en\/"},{"@type":"ListItem","position":2,"name":"Shop","item":"https:\/\/www.liberdomus.it\/en\/shop\/"},{"@type":"ListItem","position":3,"name":"I apitolati informativi con metodi e strumenti BIM : guida alla stesura per appalti digitali"}]},{"@type":"WebSite","@id":"https:\/\/www.liberdomus.it\/en\/#website","url":"https:\/\/www.liberdomus.it\/en\/","name":"Liberdomus","description":"La tua libreria a casa","potentialAction":[{"@type":"SearchAction","target":{"@type":"EntryPoint","urlTemplate":"https:\/\/www.liberdomus.it\/en\/?s={search_term_string}"},"query-input":{"@type":"PropertyValueSpecification","valueRequired":true,"valueName":"search_term_string"}}],"inLanguage":"en-US"}]}},"_links":{"self":[{"href":"https:\/\/www.liberdomus.it\/en\/wp-json\/wp\/v2\/product\/317060","targetHints":{"allow":["GET"]}}],"collection":[{"href":"https:\/\/www.liberdomus.it\/en\/wp-json\/wp\/v2\/product"}],"about":[{"href":"https:\/\/www.liberdomus.it\/en\/wp-json\/wp\/v2\/types\/product"}],"wp:featuredmedia":[{"embeddable":true,"href":"https:\/\/www.liberdomus.it\/en\/wp-json\/wp\/v2\/media\/258368"}],"wp:attachment":[{"href":"https:\/\/www.liberdomus.it\/en\/wp-json\/wp\/v2\/media?parent=317060"}],"wp:term":[{"taxonomy":"product_brand","embeddable":true,"href":"https:\/\/www.liberdomus.it\/en\/wp-json\/wp\/v2\/product_brand?post=317060"},{"taxonomy":"product_cat","embeddable":true,"href":"https:\/\/www.liberdomus.it\/en\/wp-json\/wp\/v2\/product_cat?post=317060"},{"taxonomy":"product_tag","embeddable":true,"href":"https:\/\/www.liberdomus.it\/en\/wp-json\/wp\/v2\/product_tag?post=317060"},{"taxonomy":"editore","embeddable":true,"href":"https:\/\/www.liberdomus.it\/en\/wp-json\/wp\/v2\/editore?post=317060"},{"taxonomy":"autore","embeddable":true,"href":"https:\/\/www.liberdomus.it\/en\/wp-json\/wp\/v2\/autore?post=317060"},{"taxonomy":"curatore","embeddable":true,"href":"https:\/\/www.liberdomus.it\/en\/wp-json\/wp\/v2\/curatore?post=317060"},{"taxonomy":"condizione","embeddable":true,"href":"https:\/\/www.liberdomus.it\/en\/wp-json\/wp\/v2\/condizione?post=317060"},{"taxonomy":"lingua","embeddable":true,"href":"https:\/\/www.liberdomus.it\/en\/wp-json\/wp\/v2\/lingua?post=317060"},{"taxonomy":"tipo_edizione","embeddable":true,"href":"https:\/\/www.liberdomus.it\/en\/wp-json\/wp\/v2\/tipo_edizione?post=317060"},{"taxonomy":"tipo_pubblicazione","embeddable":true,"href":"https:\/\/www.liberdomus.it\/en\/wp-json\/wp\/v2\/tipo_pubblicazione?post=317060"},{"taxonomy":"dewey","embeddable":true,"href":"https:\/\/www.liberdomus.it\/en\/wp-json\/wp\/v2\/dewey?post=317060"},{"taxonomy":"genere","embeddable":true,"href":"https:\/\/www.liberdomus.it\/en\/wp-json\/wp\/v2\/genere?post=317060"},{"taxonomy":"contenuto","embeddable":true,"href":"https:\/\/www.liberdomus.it\/en\/wp-json\/wp\/v2\/contenuto?post=317060"}],"curies":[{"name":"wp","href":"https:\/\/api.w.org\/{rel}","templated":true}]}}