{"id":316106,"date":"2021-09-02T00:00:00","date_gmt":"2021-09-01T22:00:00","guid":{"rendered":"https:\/\/www.liberdomus.it\/prodotto\/caravaggio-a-napoli-e-lecce-9788885311855-2\/"},"modified":"2024-07-29T15:42:13","modified_gmt":"2024-07-29T13:42:13","slug":"caravaggio-a-napoli-e-lecce-9788885311855-2","status":"publish","type":"product","link":"https:\/\/www.liberdomus.it\/en\/prodotto\/caravaggio-a-napoli-e-lecce-9788885311855-2\/","title":{"rendered":"Caravaggio a Napoli e l&#8217;Ecce Homo di Madrid : nuovi dati e nuove idee"},"content":{"rendered":"<p>\u00c8 ancora possibile dire qualcosa di nuovo su Caravaggio, un artista che ha occupato i pensieri degli studiosi di tutto il mondo da oltre un secolo? Il volume che raccoglie gli atti del convegno tenutosi a Napoli nel gennaio 2020, appena prima che il mondo chiudesse per pandemia, riesce davvero a stupire in tal senso, raccogliendo dati rivoluzionari per le conoscenze sul periodo napoletano dell&#8217;artista. Ne esce un&#8217;idea di Caravaggio incredibilmente diversa e aggiornata. Innanzitutto, apprendiamo che il realismo del maestro ebbe vita autonoma rispetto al libertinismo contemporaneo, giacch\u00e9 il nesso con gli scritti di Giordano Bruno, Tommaso Campanella e Galileo Galilei si rivela storicamente infondato. Nuovi dati emergono inoltre sull&#8217;iconografia delle Sette Opere di Misericordia, ricalibrata sul dettato evangelico pi\u00f9 stringente, e sul suo assetto nel contesto della Chiesa del Pio Monte. Non meno normative paiono le analisi (stilistiche, documentarie, diagnostiche) condotte sulle pi\u00f9 recenti attribuzioni all&#8217;artista: la Giuditta di Tolosa e la Maddalena Gregori, per non parlare dello scandaglio sul c\u00f4t\u00e9 pittorico partenopeo tardomanierista e proto caravaggesco. Una ricca sezione \u00e8 poi dedicata alla pi\u00f9 sofisticata diagnostica esercitata sui certi capolavori napoletani. I riflettori si accendono infine sul nuovo Ecce Homo scoperto a Madrid : ne viene qui proposta l&#8217;attribuzione al maestro dalla studiosa che per prima ha potuto vedere il dipinto, e ricostruita integralmente&#8230;<\/p>\n","protected":false},"excerpt":{"rendered":"<p>\u00c8 ancora possibile dire qualcosa di nuovo su Caravaggio, un  [&#8230;]<\/p>\n","protected":false},"featured_media":256746,"template":"","meta":{"_acf_changed":false},"product_brand":[],"product_cat":[72360,51772],"product_tag":[],"editore":[27909],"autore":[38958],"curatore":[50715],"condizione":[26342],"lingua":[26340],"tipo_edizione":[],"tipo_pubblicazione":[24232],"dewey":[70267,26042],"genere":[24213],"contenuto":[24238],"class_list":{"0":"post-316106","1":"product","2":"type-product","3":"status-publish","4":"has-post-thumbnail","6":"product_cat-modern-and-contemporary-art","7":"product_cat-painting","8":"editore-ediart","9":"curatore-terzaghi-mariacristina","10":"condizione-new","11":"lingua-italian","12":"tipo_pubblicazione-monograph","13":"dewey-modern-arts","14":"dewey-painting-paintings","15":"genere-atti-di-convegno-en","16":"contenuto-indice-en","18":"first","19":"instock","20":"shipping-taxable","21":"purchasable","22":"product-type-simple"},"acf":[],"yoast_head":"<!-- This site is optimized with the Yoast SEO plugin v25.8 - https:\/\/yoast.com\/wordpress\/plugins\/seo\/ -->\n<title>Caravaggio a Napoli e l&#8217;Ecce Homo di Madrid : nuovi dati e nuove idee - Liberdomus<\/title>\n<meta name=\"robots\" content=\"index, follow, max-snippet:-1, max-image-preview:large, max-video-preview:-1\" \/>\n<link rel=\"canonical\" href=\"https:\/\/www.liberdomus.it\/en\/prodotto\/caravaggio-a-napoli-e-lecce-9788885311855-2\/\" \/>\n<meta property=\"og:locale\" content=\"en_US\" \/>\n<meta property=\"og:type\" content=\"article\" \/>\n<meta property=\"og:title\" content=\"Caravaggio a Napoli e l&#8217;Ecce Homo di Madrid : nuovi dati e nuove idee - Liberdomus\" \/>\n<meta property=\"og:description\" content=\"\u00c8 ancora possibile dire qualcosa di nuovo su Caravaggio, un [...]\" \/>\n<meta property=\"og:url\" content=\"https:\/\/www.liberdomus.it\/en\/prodotto\/caravaggio-a-napoli-e-lecce-9788885311855-2\/\" \/>\n<meta property=\"og:site_name\" content=\"Liberdomus\" \/>\n<meta property=\"article:modified_time\" content=\"2024-07-29T13:42:13+00:00\" \/>\n<meta property=\"og:image\" content=\"https:\/\/www.liberdomus.it\/wp-content\/uploads\/2021\/09\/D0579063564.JPG\" \/>\n\t<meta property=\"og:image:width\" content=\"176\" \/>\n\t<meta property=\"og:image:height\" content=\"250\" \/>\n\t<meta property=\"og:image:type\" content=\"image\/jpeg\" \/>\n<meta name=\"twitter:card\" content=\"summary_large_image\" \/>\n<meta name=\"twitter:label1\" content=\"Est. reading time\" \/>\n\t<meta name=\"twitter:data1\" content=\"1 minute\" \/>\n<script type=\"application\/ld+json\" class=\"yoast-schema-graph\">{\"@context\":\"https:\/\/schema.org\",\"@graph\":[{\"@type\":\"WebPage\",\"@id\":\"https:\/\/www.liberdomus.it\/en\/prodotto\/caravaggio-a-napoli-e-lecce-9788885311855-2\/\",\"url\":\"https:\/\/www.liberdomus.it\/en\/prodotto\/caravaggio-a-napoli-e-lecce-9788885311855-2\/\",\"name\":\"Caravaggio a Napoli e l&#8217;Ecce Homo di Madrid : nuovi dati e nuove idee - Liberdomus\",\"isPartOf\":{\"@id\":\"https:\/\/www.liberdomus.it\/en\/#website\"},\"primaryImageOfPage\":{\"@id\":\"https:\/\/www.liberdomus.it\/en\/prodotto\/caravaggio-a-napoli-e-lecce-9788885311855-2\/#primaryimage\"},\"image\":{\"@id\":\"https:\/\/www.liberdomus.it\/en\/prodotto\/caravaggio-a-napoli-e-lecce-9788885311855-2\/#primaryimage\"},\"thumbnailUrl\":\"https:\/\/www.liberdomus.it\/wp-content\/uploads\/2021\/09\/D0579063564.JPG\",\"datePublished\":\"2021-09-01T22:00:00+00:00\",\"dateModified\":\"2024-07-29T13:42:13+00:00\",\"breadcrumb\":{\"@id\":\"https:\/\/www.liberdomus.it\/en\/prodotto\/caravaggio-a-napoli-e-lecce-9788885311855-2\/#breadcrumb\"},\"inLanguage\":\"en-US\",\"potentialAction\":[{\"@type\":\"ReadAction\",\"target\":[\"https:\/\/www.liberdomus.it\/en\/prodotto\/caravaggio-a-napoli-e-lecce-9788885311855-2\/\"]}]},{\"@type\":\"ImageObject\",\"inLanguage\":\"en-US\",\"@id\":\"https:\/\/www.liberdomus.it\/en\/prodotto\/caravaggio-a-napoli-e-lecce-9788885311855-2\/#primaryimage\",\"url\":\"https:\/\/www.liberdomus.it\/wp-content\/uploads\/2021\/09\/D0579063564.JPG\",\"contentUrl\":\"https:\/\/www.liberdomus.it\/wp-content\/uploads\/2021\/09\/D0579063564.JPG\",\"width\":176,\"height\":250},{\"@type\":\"BreadcrumbList\",\"@id\":\"https:\/\/www.liberdomus.it\/en\/prodotto\/caravaggio-a-napoli-e-lecce-9788885311855-2\/#breadcrumb\",\"itemListElement\":[{\"@type\":\"ListItem\",\"position\":1,\"name\":\"Home\",\"item\":\"https:\/\/www.liberdomus.it\/en\/\"},{\"@type\":\"ListItem\",\"position\":2,\"name\":\"Shop\",\"item\":\"https:\/\/www.liberdomus.it\/en\/shop\/\"},{\"@type\":\"ListItem\",\"position\":3,\"name\":\"Caravaggio a Napoli e l&#8217;Ecce Homo di Madrid : nuovi dati e nuove idee\"}]},{\"@type\":\"WebSite\",\"@id\":\"https:\/\/www.liberdomus.it\/en\/#website\",\"url\":\"https:\/\/www.liberdomus.it\/en\/\",\"name\":\"Liberdomus\",\"description\":\"La tua libreria a casa\",\"potentialAction\":[{\"@type\":\"SearchAction\",\"target\":{\"@type\":\"EntryPoint\",\"urlTemplate\":\"https:\/\/www.liberdomus.it\/en\/?s={search_term_string}\"},\"query-input\":{\"@type\":\"PropertyValueSpecification\",\"valueRequired\":true,\"valueName\":\"search_term_string\"}}],\"inLanguage\":\"en-US\"}]}<\/script>\n<!-- \/ Yoast SEO plugin. -->","yoast_head_json":{"title":"Caravaggio a Napoli e l&#8217;Ecce Homo di Madrid : nuovi dati e nuove idee - Liberdomus","robots":{"index":"index","follow":"follow","max-snippet":"max-snippet:-1","max-image-preview":"max-image-preview:large","max-video-preview":"max-video-preview:-1"},"canonical":"https:\/\/www.liberdomus.it\/en\/prodotto\/caravaggio-a-napoli-e-lecce-9788885311855-2\/","og_locale":"en_US","og_type":"article","og_title":"Caravaggio a Napoli e l&#8217;Ecce Homo di Madrid : nuovi dati e nuove idee - Liberdomus","og_description":"\u00c8 ancora possibile dire qualcosa di nuovo su Caravaggio, un [...]","og_url":"https:\/\/www.liberdomus.it\/en\/prodotto\/caravaggio-a-napoli-e-lecce-9788885311855-2\/","og_site_name":"Liberdomus","article_modified_time":"2024-07-29T13:42:13+00:00","og_image":[{"width":176,"height":250,"url":"https:\/\/www.liberdomus.it\/wp-content\/uploads\/2021\/09\/D0579063564.JPG","type":"image\/jpeg"}],"twitter_card":"summary_large_image","twitter_misc":{"Est. reading time":"1 minute"},"schema":{"@context":"https:\/\/schema.org","@graph":[{"@type":"WebPage","@id":"https:\/\/www.liberdomus.it\/en\/prodotto\/caravaggio-a-napoli-e-lecce-9788885311855-2\/","url":"https:\/\/www.liberdomus.it\/en\/prodotto\/caravaggio-a-napoli-e-lecce-9788885311855-2\/","name":"Caravaggio a Napoli e l&#8217;Ecce Homo di Madrid : nuovi dati e nuove idee - Liberdomus","isPartOf":{"@id":"https:\/\/www.liberdomus.it\/en\/#website"},"primaryImageOfPage":{"@id":"https:\/\/www.liberdomus.it\/en\/prodotto\/caravaggio-a-napoli-e-lecce-9788885311855-2\/#primaryimage"},"image":{"@id":"https:\/\/www.liberdomus.it\/en\/prodotto\/caravaggio-a-napoli-e-lecce-9788885311855-2\/#primaryimage"},"thumbnailUrl":"https:\/\/www.liberdomus.it\/wp-content\/uploads\/2021\/09\/D0579063564.JPG","datePublished":"2021-09-01T22:00:00+00:00","dateModified":"2024-07-29T13:42:13+00:00","breadcrumb":{"@id":"https:\/\/www.liberdomus.it\/en\/prodotto\/caravaggio-a-napoli-e-lecce-9788885311855-2\/#breadcrumb"},"inLanguage":"en-US","potentialAction":[{"@type":"ReadAction","target":["https:\/\/www.liberdomus.it\/en\/prodotto\/caravaggio-a-napoli-e-lecce-9788885311855-2\/"]}]},{"@type":"ImageObject","inLanguage":"en-US","@id":"https:\/\/www.liberdomus.it\/en\/prodotto\/caravaggio-a-napoli-e-lecce-9788885311855-2\/#primaryimage","url":"https:\/\/www.liberdomus.it\/wp-content\/uploads\/2021\/09\/D0579063564.JPG","contentUrl":"https:\/\/www.liberdomus.it\/wp-content\/uploads\/2021\/09\/D0579063564.JPG","width":176,"height":250},{"@type":"BreadcrumbList","@id":"https:\/\/www.liberdomus.it\/en\/prodotto\/caravaggio-a-napoli-e-lecce-9788885311855-2\/#breadcrumb","itemListElement":[{"@type":"ListItem","position":1,"name":"Home","item":"https:\/\/www.liberdomus.it\/en\/"},{"@type":"ListItem","position":2,"name":"Shop","item":"https:\/\/www.liberdomus.it\/en\/shop\/"},{"@type":"ListItem","position":3,"name":"Caravaggio a Napoli e l&#8217;Ecce Homo di Madrid : nuovi dati e nuove idee"}]},{"@type":"WebSite","@id":"https:\/\/www.liberdomus.it\/en\/#website","url":"https:\/\/www.liberdomus.it\/en\/","name":"Liberdomus","description":"La tua libreria a casa","potentialAction":[{"@type":"SearchAction","target":{"@type":"EntryPoint","urlTemplate":"https:\/\/www.liberdomus.it\/en\/?s={search_term_string}"},"query-input":{"@type":"PropertyValueSpecification","valueRequired":true,"valueName":"search_term_string"}}],"inLanguage":"en-US"}]}},"_links":{"self":[{"href":"https:\/\/www.liberdomus.it\/en\/wp-json\/wp\/v2\/product\/316106","targetHints":{"allow":["GET"]}}],"collection":[{"href":"https:\/\/www.liberdomus.it\/en\/wp-json\/wp\/v2\/product"}],"about":[{"href":"https:\/\/www.liberdomus.it\/en\/wp-json\/wp\/v2\/types\/product"}],"wp:featuredmedia":[{"embeddable":true,"href":"https:\/\/www.liberdomus.it\/en\/wp-json\/wp\/v2\/media\/256746"}],"wp:attachment":[{"href":"https:\/\/www.liberdomus.it\/en\/wp-json\/wp\/v2\/media?parent=316106"}],"wp:term":[{"taxonomy":"product_brand","embeddable":true,"href":"https:\/\/www.liberdomus.it\/en\/wp-json\/wp\/v2\/product_brand?post=316106"},{"taxonomy":"product_cat","embeddable":true,"href":"https:\/\/www.liberdomus.it\/en\/wp-json\/wp\/v2\/product_cat?post=316106"},{"taxonomy":"product_tag","embeddable":true,"href":"https:\/\/www.liberdomus.it\/en\/wp-json\/wp\/v2\/product_tag?post=316106"},{"taxonomy":"editore","embeddable":true,"href":"https:\/\/www.liberdomus.it\/en\/wp-json\/wp\/v2\/editore?post=316106"},{"taxonomy":"autore","embeddable":true,"href":"https:\/\/www.liberdomus.it\/en\/wp-json\/wp\/v2\/autore?post=316106"},{"taxonomy":"curatore","embeddable":true,"href":"https:\/\/www.liberdomus.it\/en\/wp-json\/wp\/v2\/curatore?post=316106"},{"taxonomy":"condizione","embeddable":true,"href":"https:\/\/www.liberdomus.it\/en\/wp-json\/wp\/v2\/condizione?post=316106"},{"taxonomy":"lingua","embeddable":true,"href":"https:\/\/www.liberdomus.it\/en\/wp-json\/wp\/v2\/lingua?post=316106"},{"taxonomy":"tipo_edizione","embeddable":true,"href":"https:\/\/www.liberdomus.it\/en\/wp-json\/wp\/v2\/tipo_edizione?post=316106"},{"taxonomy":"tipo_pubblicazione","embeddable":true,"href":"https:\/\/www.liberdomus.it\/en\/wp-json\/wp\/v2\/tipo_pubblicazione?post=316106"},{"taxonomy":"dewey","embeddable":true,"href":"https:\/\/www.liberdomus.it\/en\/wp-json\/wp\/v2\/dewey?post=316106"},{"taxonomy":"genere","embeddable":true,"href":"https:\/\/www.liberdomus.it\/en\/wp-json\/wp\/v2\/genere?post=316106"},{"taxonomy":"contenuto","embeddable":true,"href":"https:\/\/www.liberdomus.it\/en\/wp-json\/wp\/v2\/contenuto?post=316106"}],"curies":[{"name":"wp","href":"https:\/\/api.w.org\/{rel}","templated":true}]}}