{"id":308509,"date":"2017-10-11T00:00:00","date_gmt":"2017-10-10T22:00:00","guid":{"rendered":"https:\/\/www.liberdomus.it\/prodotto\/immaginazione-e-presenza-dellantico-pompei-9788899130381-2\/"},"modified":"2024-07-29T14:55:13","modified_gmt":"2024-07-29T12:55:13","slug":"immaginazione-e-presenza-dellantico-pompei-9788899130381-2","status":"publish","type":"product","link":"https:\/\/www.liberdomus.it\/en\/prodotto\/immaginazione-e-presenza-dellantico-pompei-9788899130381-2\/","title":{"rendered":"Immaginazione e presenza dell&#8217;antico : Pompei e l&#8217;architettura di et\u00e0 contemporanea"},"content":{"rendered":"<p>In prima battuta, potrebbe sembrare che l&#8217;influenza di Pompei sull&#8217;architettura di et\u00e0 contemporanea confi-guri un tema addirittura ovvio: appare per\u00f2 meno ovvio allorch\u00e9 se ne vogliano delineare i confini cronologi-ci, l&#8217;ampiezza problematica, l&#8217;estensione geografica, i molteplici e contraddittori aspetti. Attraverso punti di vista nuovi e affascinanti, il presente volume \u00e8 teso a ricostruire in tutta la loro pregnanza le molteplici sfac-cettature dell&#8217;influsso di Pompei, della sua realt\u00e0 archeologica e del suo immaginario, su ambiti e contesti eterogenei dell&#8217;architettura contemporanea.<\/p>\n","protected":false},"excerpt":{"rendered":"<p>In prima battuta, potrebbe sembrare che l&#8217;influenza di Pompei sull&#8217;architettura  [&#8230;]<\/p>\n","protected":false},"featured_media":240310,"template":"","meta":{"_acf_changed":false},"product_brand":[],"product_cat":[72356,24157],"product_tag":[],"editore":[28022],"autore":[35734],"curatore":[],"condizione":[26342],"lingua":[26340],"tipo_edizione":[],"tipo_pubblicazione":[24232],"dewey":[26213,70262],"genere":[],"contenuto":[24238],"class_list":{"0":"post-308509","1":"product","2":"type-product","3":"status-publish","4":"has-post-thumbnail","6":"product_cat-archaeology","7":"product_cat-art-architecture","8":"editore-artstudiopaparo","9":"condizione-new","10":"lingua-italian","11":"tipo_pubblicazione-monograph","12":"dewey-italy-adjacent-territories-to-476","13":"dewey-modern-architecture","14":"contenuto-indice-en","16":"first","17":"instock","18":"shipping-taxable","19":"purchasable","20":"product-type-simple"},"acf":[],"yoast_head":"<!-- This site is optimized with the Yoast SEO plugin v25.8 - https:\/\/yoast.com\/wordpress\/plugins\/seo\/ -->\n<title>Immaginazione e presenza dell&#8217;antico : Pompei e l&#039;architettura di et\u00e0 contemporanea - Liberdomus<\/title>\n<meta name=\"robots\" content=\"index, follow, max-snippet:-1, max-image-preview:large, max-video-preview:-1\" \/>\n<link rel=\"canonical\" href=\"https:\/\/www.liberdomus.it\/en\/prodotto\/immaginazione-e-presenza-dellantico-pompei-9788899130381-2\/\" \/>\n<meta property=\"og:locale\" content=\"en_US\" \/>\n<meta property=\"og:type\" content=\"article\" \/>\n<meta property=\"og:title\" content=\"Immaginazione e presenza dell&#8217;antico : Pompei e l&#039;architettura di et\u00e0 contemporanea - Liberdomus\" \/>\n<meta property=\"og:description\" content=\"In prima battuta, potrebbe sembrare che l&#8217;influenza di Pompei sull&#8217;architettura [...]\" \/>\n<meta property=\"og:url\" content=\"https:\/\/www.liberdomus.it\/en\/prodotto\/immaginazione-e-presenza-dellantico-pompei-9788899130381-2\/\" \/>\n<meta property=\"og:site_name\" content=\"Liberdomus\" \/>\n<meta property=\"article:modified_time\" content=\"2024-07-29T12:55:13+00:00\" \/>\n<meta property=\"og:image\" content=\"https:\/\/www.liberdomus.it\/wp-content\/uploads\/2017\/10\/D0694055505.JPG\" \/>\n\t<meta property=\"og:image:width\" content=\"175\" \/>\n\t<meta property=\"og:image:height\" content=\"250\" \/>\n\t<meta property=\"og:image:type\" content=\"image\/jpeg\" \/>\n<meta name=\"twitter:card\" content=\"summary_large_image\" \/>\n<script type=\"application\/ld+json\" class=\"yoast-schema-graph\">{\"@context\":\"https:\/\/schema.org\",\"@graph\":[{\"@type\":\"WebPage\",\"@id\":\"https:\/\/www.liberdomus.it\/en\/prodotto\/immaginazione-e-presenza-dellantico-pompei-9788899130381-2\/\",\"url\":\"https:\/\/www.liberdomus.it\/en\/prodotto\/immaginazione-e-presenza-dellantico-pompei-9788899130381-2\/\",\"name\":\"Immaginazione e presenza dell&#8217;antico : Pompei e l'architettura di et\u00e0 contemporanea - Liberdomus\",\"isPartOf\":{\"@id\":\"https:\/\/www.liberdomus.it\/en\/#website\"},\"primaryImageOfPage\":{\"@id\":\"https:\/\/www.liberdomus.it\/en\/prodotto\/immaginazione-e-presenza-dellantico-pompei-9788899130381-2\/#primaryimage\"},\"image\":{\"@id\":\"https:\/\/www.liberdomus.it\/en\/prodotto\/immaginazione-e-presenza-dellantico-pompei-9788899130381-2\/#primaryimage\"},\"thumbnailUrl\":\"https:\/\/www.liberdomus.it\/wp-content\/uploads\/2017\/10\/D0694055505.JPG\",\"datePublished\":\"2017-10-10T22:00:00+00:00\",\"dateModified\":\"2024-07-29T12:55:13+00:00\",\"breadcrumb\":{\"@id\":\"https:\/\/www.liberdomus.it\/en\/prodotto\/immaginazione-e-presenza-dellantico-pompei-9788899130381-2\/#breadcrumb\"},\"inLanguage\":\"en-US\",\"potentialAction\":[{\"@type\":\"ReadAction\",\"target\":[\"https:\/\/www.liberdomus.it\/en\/prodotto\/immaginazione-e-presenza-dellantico-pompei-9788899130381-2\/\"]}]},{\"@type\":\"ImageObject\",\"inLanguage\":\"en-US\",\"@id\":\"https:\/\/www.liberdomus.it\/en\/prodotto\/immaginazione-e-presenza-dellantico-pompei-9788899130381-2\/#primaryimage\",\"url\":\"https:\/\/www.liberdomus.it\/wp-content\/uploads\/2017\/10\/D0694055505.JPG\",\"contentUrl\":\"https:\/\/www.liberdomus.it\/wp-content\/uploads\/2017\/10\/D0694055505.JPG\",\"width\":175,\"height\":250},{\"@type\":\"BreadcrumbList\",\"@id\":\"https:\/\/www.liberdomus.it\/en\/prodotto\/immaginazione-e-presenza-dellantico-pompei-9788899130381-2\/#breadcrumb\",\"itemListElement\":[{\"@type\":\"ListItem\",\"position\":1,\"name\":\"Home\",\"item\":\"https:\/\/www.liberdomus.it\/en\/\"},{\"@type\":\"ListItem\",\"position\":2,\"name\":\"Shop\",\"item\":\"https:\/\/www.liberdomus.it\/en\/shop\/\"},{\"@type\":\"ListItem\",\"position\":3,\"name\":\"Immaginazione e presenza dell&#8217;antico : Pompei e l&#8217;architettura di et\u00e0 contemporanea\"}]},{\"@type\":\"WebSite\",\"@id\":\"https:\/\/www.liberdomus.it\/en\/#website\",\"url\":\"https:\/\/www.liberdomus.it\/en\/\",\"name\":\"Liberdomus\",\"description\":\"La tua libreria a casa\",\"potentialAction\":[{\"@type\":\"SearchAction\",\"target\":{\"@type\":\"EntryPoint\",\"urlTemplate\":\"https:\/\/www.liberdomus.it\/en\/?s={search_term_string}\"},\"query-input\":{\"@type\":\"PropertyValueSpecification\",\"valueRequired\":true,\"valueName\":\"search_term_string\"}}],\"inLanguage\":\"en-US\"}]}<\/script>\n<!-- \/ Yoast SEO plugin. -->","yoast_head_json":{"title":"Immaginazione e presenza dell&#8217;antico : Pompei e l'architettura di et\u00e0 contemporanea - Liberdomus","robots":{"index":"index","follow":"follow","max-snippet":"max-snippet:-1","max-image-preview":"max-image-preview:large","max-video-preview":"max-video-preview:-1"},"canonical":"https:\/\/www.liberdomus.it\/en\/prodotto\/immaginazione-e-presenza-dellantico-pompei-9788899130381-2\/","og_locale":"en_US","og_type":"article","og_title":"Immaginazione e presenza dell&#8217;antico : Pompei e l'architettura di et\u00e0 contemporanea - Liberdomus","og_description":"In prima battuta, potrebbe sembrare che l&#8217;influenza di Pompei sull&#8217;architettura [...]","og_url":"https:\/\/www.liberdomus.it\/en\/prodotto\/immaginazione-e-presenza-dellantico-pompei-9788899130381-2\/","og_site_name":"Liberdomus","article_modified_time":"2024-07-29T12:55:13+00:00","og_image":[{"width":175,"height":250,"url":"https:\/\/www.liberdomus.it\/wp-content\/uploads\/2017\/10\/D0694055505.JPG","type":"image\/jpeg"}],"twitter_card":"summary_large_image","schema":{"@context":"https:\/\/schema.org","@graph":[{"@type":"WebPage","@id":"https:\/\/www.liberdomus.it\/en\/prodotto\/immaginazione-e-presenza-dellantico-pompei-9788899130381-2\/","url":"https:\/\/www.liberdomus.it\/en\/prodotto\/immaginazione-e-presenza-dellantico-pompei-9788899130381-2\/","name":"Immaginazione e presenza dell&#8217;antico : Pompei e l'architettura di et\u00e0 contemporanea - Liberdomus","isPartOf":{"@id":"https:\/\/www.liberdomus.it\/en\/#website"},"primaryImageOfPage":{"@id":"https:\/\/www.liberdomus.it\/en\/prodotto\/immaginazione-e-presenza-dellantico-pompei-9788899130381-2\/#primaryimage"},"image":{"@id":"https:\/\/www.liberdomus.it\/en\/prodotto\/immaginazione-e-presenza-dellantico-pompei-9788899130381-2\/#primaryimage"},"thumbnailUrl":"https:\/\/www.liberdomus.it\/wp-content\/uploads\/2017\/10\/D0694055505.JPG","datePublished":"2017-10-10T22:00:00+00:00","dateModified":"2024-07-29T12:55:13+00:00","breadcrumb":{"@id":"https:\/\/www.liberdomus.it\/en\/prodotto\/immaginazione-e-presenza-dellantico-pompei-9788899130381-2\/#breadcrumb"},"inLanguage":"en-US","potentialAction":[{"@type":"ReadAction","target":["https:\/\/www.liberdomus.it\/en\/prodotto\/immaginazione-e-presenza-dellantico-pompei-9788899130381-2\/"]}]},{"@type":"ImageObject","inLanguage":"en-US","@id":"https:\/\/www.liberdomus.it\/en\/prodotto\/immaginazione-e-presenza-dellantico-pompei-9788899130381-2\/#primaryimage","url":"https:\/\/www.liberdomus.it\/wp-content\/uploads\/2017\/10\/D0694055505.JPG","contentUrl":"https:\/\/www.liberdomus.it\/wp-content\/uploads\/2017\/10\/D0694055505.JPG","width":175,"height":250},{"@type":"BreadcrumbList","@id":"https:\/\/www.liberdomus.it\/en\/prodotto\/immaginazione-e-presenza-dellantico-pompei-9788899130381-2\/#breadcrumb","itemListElement":[{"@type":"ListItem","position":1,"name":"Home","item":"https:\/\/www.liberdomus.it\/en\/"},{"@type":"ListItem","position":2,"name":"Shop","item":"https:\/\/www.liberdomus.it\/en\/shop\/"},{"@type":"ListItem","position":3,"name":"Immaginazione e presenza dell&#8217;antico : Pompei e l&#8217;architettura di et\u00e0 contemporanea"}]},{"@type":"WebSite","@id":"https:\/\/www.liberdomus.it\/en\/#website","url":"https:\/\/www.liberdomus.it\/en\/","name":"Liberdomus","description":"La tua libreria a casa","potentialAction":[{"@type":"SearchAction","target":{"@type":"EntryPoint","urlTemplate":"https:\/\/www.liberdomus.it\/en\/?s={search_term_string}"},"query-input":{"@type":"PropertyValueSpecification","valueRequired":true,"valueName":"search_term_string"}}],"inLanguage":"en-US"}]}},"_links":{"self":[{"href":"https:\/\/www.liberdomus.it\/en\/wp-json\/wp\/v2\/product\/308509","targetHints":{"allow":["GET"]}}],"collection":[{"href":"https:\/\/www.liberdomus.it\/en\/wp-json\/wp\/v2\/product"}],"about":[{"href":"https:\/\/www.liberdomus.it\/en\/wp-json\/wp\/v2\/types\/product"}],"wp:featuredmedia":[{"embeddable":true,"href":"https:\/\/www.liberdomus.it\/en\/wp-json\/wp\/v2\/media\/240310"}],"wp:attachment":[{"href":"https:\/\/www.liberdomus.it\/en\/wp-json\/wp\/v2\/media?parent=308509"}],"wp:term":[{"taxonomy":"product_brand","embeddable":true,"href":"https:\/\/www.liberdomus.it\/en\/wp-json\/wp\/v2\/product_brand?post=308509"},{"taxonomy":"product_cat","embeddable":true,"href":"https:\/\/www.liberdomus.it\/en\/wp-json\/wp\/v2\/product_cat?post=308509"},{"taxonomy":"product_tag","embeddable":true,"href":"https:\/\/www.liberdomus.it\/en\/wp-json\/wp\/v2\/product_tag?post=308509"},{"taxonomy":"editore","embeddable":true,"href":"https:\/\/www.liberdomus.it\/en\/wp-json\/wp\/v2\/editore?post=308509"},{"taxonomy":"autore","embeddable":true,"href":"https:\/\/www.liberdomus.it\/en\/wp-json\/wp\/v2\/autore?post=308509"},{"taxonomy":"curatore","embeddable":true,"href":"https:\/\/www.liberdomus.it\/en\/wp-json\/wp\/v2\/curatore?post=308509"},{"taxonomy":"condizione","embeddable":true,"href":"https:\/\/www.liberdomus.it\/en\/wp-json\/wp\/v2\/condizione?post=308509"},{"taxonomy":"lingua","embeddable":true,"href":"https:\/\/www.liberdomus.it\/en\/wp-json\/wp\/v2\/lingua?post=308509"},{"taxonomy":"tipo_edizione","embeddable":true,"href":"https:\/\/www.liberdomus.it\/en\/wp-json\/wp\/v2\/tipo_edizione?post=308509"},{"taxonomy":"tipo_pubblicazione","embeddable":true,"href":"https:\/\/www.liberdomus.it\/en\/wp-json\/wp\/v2\/tipo_pubblicazione?post=308509"},{"taxonomy":"dewey","embeddable":true,"href":"https:\/\/www.liberdomus.it\/en\/wp-json\/wp\/v2\/dewey?post=308509"},{"taxonomy":"genere","embeddable":true,"href":"https:\/\/www.liberdomus.it\/en\/wp-json\/wp\/v2\/genere?post=308509"},{"taxonomy":"contenuto","embeddable":true,"href":"https:\/\/www.liberdomus.it\/en\/wp-json\/wp\/v2\/contenuto?post=308509"}],"curies":[{"name":"wp","href":"https:\/\/api.w.org\/{rel}","templated":true}]}}