{"id":307112,"date":"2017-01-18T00:00:00","date_gmt":"2017-01-17T23:00:00","guid":{"rendered":"https:\/\/www.liberdomus.it\/prodotto\/dalle-parole-ai-termini-i-9788862747288-2\/"},"modified":"2024-07-29T14:47:38","modified_gmt":"2024-07-29T12:47:38","slug":"dalle-parole-ai-termini-i-9788862747288-2","status":"publish","type":"product","link":"https:\/\/www.liberdomus.it\/en\/prodotto\/dalle-parole-ai-termini-i-9788862747288-2\/","title":{"rendered":"Dalle parole ai termini : i percorsi di pensiero di Ferdinand de Saussure"},"content":{"rendered":"<p>La terminologia di Ferdinand de Saussure \u00e8 uno degli aspetti che ha maggiormente contribuito alla nascita della linguistica moderna. A cent&#8217;anni dalla pubblicazione del Cours de linguistique g\u00e9n\u00e9rale (1916), ci\u00f2 che emerge dagli studi sui documenti manoscritti di Saussure \u00e8 una riflessione sui termini tecnici della linguistica pi\u00f9 che una terminologia definita. In questo volume, a partire dall&#8217;analisi degli studi sulla terminologia saussuriana, si identifica l&#8217;inquadramento teorico di questi tentativi terminologici operati da Saussure e si definisce una delle possibili modalit\u00e0 di rappresentazione. Il volume \u00e8 completato da una raccolta di sedici sezioni terminologiche che evidenziano il percorso storico-evolutivo della riflessione terminologica del linguista ginevrino. Tali sezioni terminologiche sono in qualche misura lo specchio dei percorsi di pensiero di Saussure nel passaggio dalle parole a i termini.<\/p>\n","protected":false},"excerpt":{"rendered":"<p>La terminologia di Ferdinand de Saussure \u00e8 uno degli aspetti  [&#8230;]<\/p>\n","protected":false},"featured_media":237154,"template":"","meta":{"_acf_changed":false},"product_brand":[],"product_cat":[72364,51759],"product_tag":[],"editore":[27500],"autore":[32779],"curatore":[],"condizione":[26342],"lingua":[24186],"tipo_edizione":[],"tipo_pubblicazione":[24232],"dewey":[70270,25732],"genere":[],"contenuto":[24227],"class_list":{"0":"post-307112","1":"product","2":"type-product","3":"status-publish","4":"has-post-thumbnail","6":"product_cat-classical-and-romance-philology","7":"product_cat-classical-philology","8":"editore-edizioni-dellorso","9":"condizione-new","10":"lingua-multilingua-en","11":"tipo_pubblicazione-monograph","12":"dewey-classical-philology-and-literature","13":"dewey-linguistics","14":"contenuto-biografia-en","16":"first","17":"instock","18":"shipping-taxable","19":"purchasable","20":"product-type-simple"},"acf":[],"yoast_head":"<!-- This site is optimized with the Yoast SEO plugin v25.8 - https:\/\/yoast.com\/wordpress\/plugins\/seo\/ -->\n<title>Dalle parole ai termini : i percorsi di pensiero di Ferdinand de Saussure - Liberdomus<\/title>\n<meta name=\"robots\" content=\"index, follow, max-snippet:-1, max-image-preview:large, max-video-preview:-1\" \/>\n<link rel=\"canonical\" href=\"https:\/\/www.liberdomus.it\/en\/prodotto\/dalle-parole-ai-termini-i-9788862747288-2\/\" \/>\n<meta property=\"og:locale\" content=\"en_US\" \/>\n<meta property=\"og:type\" content=\"article\" \/>\n<meta property=\"og:title\" content=\"Dalle parole ai termini : i percorsi di pensiero di Ferdinand de Saussure - Liberdomus\" \/>\n<meta property=\"og:description\" content=\"La terminologia di Ferdinand de Saussure \u00e8 uno degli aspetti [...]\" \/>\n<meta property=\"og:url\" content=\"https:\/\/www.liberdomus.it\/en\/prodotto\/dalle-parole-ai-termini-i-9788862747288-2\/\" \/>\n<meta property=\"og:site_name\" content=\"Liberdomus\" \/>\n<meta property=\"article:modified_time\" content=\"2024-07-29T12:47:38+00:00\" \/>\n<meta property=\"og:image\" content=\"https:\/\/www.liberdomus.it\/wp-content\/uploads\/2017\/01\/D0153054042.JPG\" \/>\n\t<meta property=\"og:image:width\" content=\"178\" \/>\n\t<meta property=\"og:image:height\" content=\"250\" \/>\n\t<meta property=\"og:image:type\" content=\"image\/jpeg\" \/>\n<meta name=\"twitter:card\" content=\"summary_large_image\" \/>\n<meta name=\"twitter:label1\" content=\"Est. reading time\" \/>\n\t<meta name=\"twitter:data1\" content=\"1 minute\" \/>\n<script type=\"application\/ld+json\" class=\"yoast-schema-graph\">{\"@context\":\"https:\/\/schema.org\",\"@graph\":[{\"@type\":\"WebPage\",\"@id\":\"https:\/\/www.liberdomus.it\/en\/prodotto\/dalle-parole-ai-termini-i-9788862747288-2\/\",\"url\":\"https:\/\/www.liberdomus.it\/en\/prodotto\/dalle-parole-ai-termini-i-9788862747288-2\/\",\"name\":\"Dalle parole ai termini : i percorsi di pensiero di Ferdinand de Saussure - Liberdomus\",\"isPartOf\":{\"@id\":\"https:\/\/www.liberdomus.it\/en\/#website\"},\"primaryImageOfPage\":{\"@id\":\"https:\/\/www.liberdomus.it\/en\/prodotto\/dalle-parole-ai-termini-i-9788862747288-2\/#primaryimage\"},\"image\":{\"@id\":\"https:\/\/www.liberdomus.it\/en\/prodotto\/dalle-parole-ai-termini-i-9788862747288-2\/#primaryimage\"},\"thumbnailUrl\":\"https:\/\/www.liberdomus.it\/wp-content\/uploads\/2017\/01\/D0153054042.JPG\",\"datePublished\":\"2017-01-17T23:00:00+00:00\",\"dateModified\":\"2024-07-29T12:47:38+00:00\",\"breadcrumb\":{\"@id\":\"https:\/\/www.liberdomus.it\/en\/prodotto\/dalle-parole-ai-termini-i-9788862747288-2\/#breadcrumb\"},\"inLanguage\":\"en-US\",\"potentialAction\":[{\"@type\":\"ReadAction\",\"target\":[\"https:\/\/www.liberdomus.it\/en\/prodotto\/dalle-parole-ai-termini-i-9788862747288-2\/\"]}]},{\"@type\":\"ImageObject\",\"inLanguage\":\"en-US\",\"@id\":\"https:\/\/www.liberdomus.it\/en\/prodotto\/dalle-parole-ai-termini-i-9788862747288-2\/#primaryimage\",\"url\":\"https:\/\/www.liberdomus.it\/wp-content\/uploads\/2017\/01\/D0153054042.JPG\",\"contentUrl\":\"https:\/\/www.liberdomus.it\/wp-content\/uploads\/2017\/01\/D0153054042.JPG\",\"width\":178,\"height\":250},{\"@type\":\"BreadcrumbList\",\"@id\":\"https:\/\/www.liberdomus.it\/en\/prodotto\/dalle-parole-ai-termini-i-9788862747288-2\/#breadcrumb\",\"itemListElement\":[{\"@type\":\"ListItem\",\"position\":1,\"name\":\"Home\",\"item\":\"https:\/\/www.liberdomus.it\/en\/\"},{\"@type\":\"ListItem\",\"position\":2,\"name\":\"Shop\",\"item\":\"https:\/\/www.liberdomus.it\/en\/shop\/\"},{\"@type\":\"ListItem\",\"position\":3,\"name\":\"Dalle parole ai termini : i percorsi di pensiero di Ferdinand de Saussure\"}]},{\"@type\":\"WebSite\",\"@id\":\"https:\/\/www.liberdomus.it\/en\/#website\",\"url\":\"https:\/\/www.liberdomus.it\/en\/\",\"name\":\"Liberdomus\",\"description\":\"La tua libreria a casa\",\"potentialAction\":[{\"@type\":\"SearchAction\",\"target\":{\"@type\":\"EntryPoint\",\"urlTemplate\":\"https:\/\/www.liberdomus.it\/en\/?s={search_term_string}\"},\"query-input\":{\"@type\":\"PropertyValueSpecification\",\"valueRequired\":true,\"valueName\":\"search_term_string\"}}],\"inLanguage\":\"en-US\"}]}<\/script>\n<!-- \/ Yoast SEO plugin. -->","yoast_head_json":{"title":"Dalle parole ai termini : i percorsi di pensiero di Ferdinand de Saussure - Liberdomus","robots":{"index":"index","follow":"follow","max-snippet":"max-snippet:-1","max-image-preview":"max-image-preview:large","max-video-preview":"max-video-preview:-1"},"canonical":"https:\/\/www.liberdomus.it\/en\/prodotto\/dalle-parole-ai-termini-i-9788862747288-2\/","og_locale":"en_US","og_type":"article","og_title":"Dalle parole ai termini : i percorsi di pensiero di Ferdinand de Saussure - Liberdomus","og_description":"La terminologia di Ferdinand de Saussure \u00e8 uno degli aspetti [...]","og_url":"https:\/\/www.liberdomus.it\/en\/prodotto\/dalle-parole-ai-termini-i-9788862747288-2\/","og_site_name":"Liberdomus","article_modified_time":"2024-07-29T12:47:38+00:00","og_image":[{"width":178,"height":250,"url":"https:\/\/www.liberdomus.it\/wp-content\/uploads\/2017\/01\/D0153054042.JPG","type":"image\/jpeg"}],"twitter_card":"summary_large_image","twitter_misc":{"Est. reading time":"1 minute"},"schema":{"@context":"https:\/\/schema.org","@graph":[{"@type":"WebPage","@id":"https:\/\/www.liberdomus.it\/en\/prodotto\/dalle-parole-ai-termini-i-9788862747288-2\/","url":"https:\/\/www.liberdomus.it\/en\/prodotto\/dalle-parole-ai-termini-i-9788862747288-2\/","name":"Dalle parole ai termini : i percorsi di pensiero di Ferdinand de Saussure - Liberdomus","isPartOf":{"@id":"https:\/\/www.liberdomus.it\/en\/#website"},"primaryImageOfPage":{"@id":"https:\/\/www.liberdomus.it\/en\/prodotto\/dalle-parole-ai-termini-i-9788862747288-2\/#primaryimage"},"image":{"@id":"https:\/\/www.liberdomus.it\/en\/prodotto\/dalle-parole-ai-termini-i-9788862747288-2\/#primaryimage"},"thumbnailUrl":"https:\/\/www.liberdomus.it\/wp-content\/uploads\/2017\/01\/D0153054042.JPG","datePublished":"2017-01-17T23:00:00+00:00","dateModified":"2024-07-29T12:47:38+00:00","breadcrumb":{"@id":"https:\/\/www.liberdomus.it\/en\/prodotto\/dalle-parole-ai-termini-i-9788862747288-2\/#breadcrumb"},"inLanguage":"en-US","potentialAction":[{"@type":"ReadAction","target":["https:\/\/www.liberdomus.it\/en\/prodotto\/dalle-parole-ai-termini-i-9788862747288-2\/"]}]},{"@type":"ImageObject","inLanguage":"en-US","@id":"https:\/\/www.liberdomus.it\/en\/prodotto\/dalle-parole-ai-termini-i-9788862747288-2\/#primaryimage","url":"https:\/\/www.liberdomus.it\/wp-content\/uploads\/2017\/01\/D0153054042.JPG","contentUrl":"https:\/\/www.liberdomus.it\/wp-content\/uploads\/2017\/01\/D0153054042.JPG","width":178,"height":250},{"@type":"BreadcrumbList","@id":"https:\/\/www.liberdomus.it\/en\/prodotto\/dalle-parole-ai-termini-i-9788862747288-2\/#breadcrumb","itemListElement":[{"@type":"ListItem","position":1,"name":"Home","item":"https:\/\/www.liberdomus.it\/en\/"},{"@type":"ListItem","position":2,"name":"Shop","item":"https:\/\/www.liberdomus.it\/en\/shop\/"},{"@type":"ListItem","position":3,"name":"Dalle parole ai termini : i percorsi di pensiero di Ferdinand de Saussure"}]},{"@type":"WebSite","@id":"https:\/\/www.liberdomus.it\/en\/#website","url":"https:\/\/www.liberdomus.it\/en\/","name":"Liberdomus","description":"La tua libreria a casa","potentialAction":[{"@type":"SearchAction","target":{"@type":"EntryPoint","urlTemplate":"https:\/\/www.liberdomus.it\/en\/?s={search_term_string}"},"query-input":{"@type":"PropertyValueSpecification","valueRequired":true,"valueName":"search_term_string"}}],"inLanguage":"en-US"}]}},"_links":{"self":[{"href":"https:\/\/www.liberdomus.it\/en\/wp-json\/wp\/v2\/product\/307112","targetHints":{"allow":["GET"]}}],"collection":[{"href":"https:\/\/www.liberdomus.it\/en\/wp-json\/wp\/v2\/product"}],"about":[{"href":"https:\/\/www.liberdomus.it\/en\/wp-json\/wp\/v2\/types\/product"}],"wp:featuredmedia":[{"embeddable":true,"href":"https:\/\/www.liberdomus.it\/en\/wp-json\/wp\/v2\/media\/237154"}],"wp:attachment":[{"href":"https:\/\/www.liberdomus.it\/en\/wp-json\/wp\/v2\/media?parent=307112"}],"wp:term":[{"taxonomy":"product_brand","embeddable":true,"href":"https:\/\/www.liberdomus.it\/en\/wp-json\/wp\/v2\/product_brand?post=307112"},{"taxonomy":"product_cat","embeddable":true,"href":"https:\/\/www.liberdomus.it\/en\/wp-json\/wp\/v2\/product_cat?post=307112"},{"taxonomy":"product_tag","embeddable":true,"href":"https:\/\/www.liberdomus.it\/en\/wp-json\/wp\/v2\/product_tag?post=307112"},{"taxonomy":"editore","embeddable":true,"href":"https:\/\/www.liberdomus.it\/en\/wp-json\/wp\/v2\/editore?post=307112"},{"taxonomy":"autore","embeddable":true,"href":"https:\/\/www.liberdomus.it\/en\/wp-json\/wp\/v2\/autore?post=307112"},{"taxonomy":"curatore","embeddable":true,"href":"https:\/\/www.liberdomus.it\/en\/wp-json\/wp\/v2\/curatore?post=307112"},{"taxonomy":"condizione","embeddable":true,"href":"https:\/\/www.liberdomus.it\/en\/wp-json\/wp\/v2\/condizione?post=307112"},{"taxonomy":"lingua","embeddable":true,"href":"https:\/\/www.liberdomus.it\/en\/wp-json\/wp\/v2\/lingua?post=307112"},{"taxonomy":"tipo_edizione","embeddable":true,"href":"https:\/\/www.liberdomus.it\/en\/wp-json\/wp\/v2\/tipo_edizione?post=307112"},{"taxonomy":"tipo_pubblicazione","embeddable":true,"href":"https:\/\/www.liberdomus.it\/en\/wp-json\/wp\/v2\/tipo_pubblicazione?post=307112"},{"taxonomy":"dewey","embeddable":true,"href":"https:\/\/www.liberdomus.it\/en\/wp-json\/wp\/v2\/dewey?post=307112"},{"taxonomy":"genere","embeddable":true,"href":"https:\/\/www.liberdomus.it\/en\/wp-json\/wp\/v2\/genere?post=307112"},{"taxonomy":"contenuto","embeddable":true,"href":"https:\/\/www.liberdomus.it\/en\/wp-json\/wp\/v2\/contenuto?post=307112"}],"curies":[{"name":"wp","href":"https:\/\/api.w.org\/{rel}","templated":true}]}}