{"id":306170,"date":"2016-09-21T00:00:00","date_gmt":"2016-09-20T22:00:00","guid":{"rendered":"https:\/\/www.liberdomus.it\/prodotto\/luce-limmaginario-italiano-a-mantova-9788849232899-2\/"},"modified":"2024-07-29T14:43:07","modified_gmt":"2024-07-29T12:43:07","slug":"luce-limmaginario-italiano-a-mantova-9788849232899-2","status":"publish","type":"product","link":"https:\/\/www.liberdomus.it\/en\/prodotto\/luce-limmaginario-italiano-a-mantova-9788849232899-2\/","title":{"rendered":"Luce : l&#8217;immaginario italiano a Mantova"},"content":{"rendered":"<p>Catalogo della mostra aperta a Mantova, Palazzo della Ragione dal 20 agosto al 16 ottobre 2016.   Scegliere di rendere omaggio al Cinema, centoventi anni dopo, nella Capitale Italiana della Cultura, portare a Mantova una parte dell&#8217;immenso patrimonio dell&#8217;archivio Luce, dedicando una speciale sezione alla nostra citt\u00e0 attraverso materiali inediti esposti all&#8217;attenzione del pubblico grazie allo slancio di questa avventura, vuol dire celebrare quella che doveva essere per il mondo un&#8217;invenzione senza futuro, presto diventata industria e spesso trasformata in arte. Una invenzione che, a scapito dell&#8217;et\u00e0, si mostra sempre pi\u00f9 viva, anzi vivacemente anima ogni nostro giorno nei pi\u00f9 diversi modi imposti dalla modernit\u00e0. Come sempre, \u00e8 dalla memoria del passato che si alimenta il presente, anche quello cinematografico e, dunque, attingendo dal prezioso scrigno dell&#8217;Istituto Luce possiamo far rinascere la conoscenza storica, il sapere, la cultura del nostro tempo.<\/p>\n","protected":false},"excerpt":{"rendered":"<p>Catalogo della mostra aperta a Mantova, Palazzo della Ragione dal  [&#8230;]<\/p>\n","protected":false},"featured_media":235104,"template":"","meta":{"_acf_changed":false},"product_brand":[],"product_cat":[72616,72360,24160,51776],"product_tag":[],"editore":[27479],"autore":[32979],"curatore":[43145],"condizione":[26342],"lingua":[26340],"tipo_edizione":[],"tipo_pubblicazione":[24232],"dewey":[70265,26076],"genere":[24214],"contenuto":[24237],"class_list":{"0":"post-306170","1":"product","2":"type-product","3":"status-publish","4":"has-post-thumbnail","6":"product_cat-contemporary-art","7":"product_cat-modern-and-contemporary-art","8":"product_cat-music","9":"product_cat-sport-and-entertainment","10":"editore-gangemi-editore","11":"curatore-dautilia-gabriele","12":"condizione-new","13":"lingua-italian","14":"tipo_pubblicazione-monograph","15":"dewey-contemporary-art","16":"dewey-recreational-performing-arts","17":"genere-catalogo-di-mostra-en","18":"contenuto-fotografie-en","20":"first","21":"instock","22":"shipping-taxable","23":"purchasable","24":"product-type-simple"},"acf":[],"yoast_head":"<!-- This site is optimized with the Yoast SEO plugin v25.8 - https:\/\/yoast.com\/wordpress\/plugins\/seo\/ -->\n<title>Luce : l&#039;immaginario italiano a Mantova - Liberdomus<\/title>\n<meta name=\"robots\" content=\"index, follow, max-snippet:-1, max-image-preview:large, max-video-preview:-1\" \/>\n<link rel=\"canonical\" href=\"https:\/\/www.liberdomus.it\/en\/prodotto\/luce-limmaginario-italiano-a-mantova-9788849232899-2\/\" \/>\n<meta property=\"og:locale\" content=\"en_US\" \/>\n<meta property=\"og:type\" content=\"article\" \/>\n<meta property=\"og:title\" content=\"Luce : l&#039;immaginario italiano a Mantova - Liberdomus\" \/>\n<meta property=\"og:description\" content=\"Catalogo della mostra aperta a Mantova, Palazzo della Ragione dal [...]\" \/>\n<meta property=\"og:url\" content=\"https:\/\/www.liberdomus.it\/en\/prodotto\/luce-limmaginario-italiano-a-mantova-9788849232899-2\/\" \/>\n<meta property=\"og:site_name\" content=\"Liberdomus\" \/>\n<meta property=\"article:modified_time\" content=\"2024-07-29T12:43:07+00:00\" \/>\n<meta property=\"og:image\" content=\"https:\/\/www.liberdomus.it\/wp-content\/uploads\/2016\/09\/D0129053068.JPG\" \/>\n\t<meta property=\"og:image:width\" content=\"228\" \/>\n\t<meta property=\"og:image:height\" content=\"250\" \/>\n\t<meta property=\"og:image:type\" content=\"image\/jpeg\" \/>\n<meta name=\"twitter:card\" content=\"summary_large_image\" \/>\n<meta name=\"twitter:label1\" content=\"Est. reading time\" \/>\n\t<meta name=\"twitter:data1\" content=\"1 minute\" \/>\n<script type=\"application\/ld+json\" class=\"yoast-schema-graph\">{\"@context\":\"https:\/\/schema.org\",\"@graph\":[{\"@type\":\"WebPage\",\"@id\":\"https:\/\/www.liberdomus.it\/en\/prodotto\/luce-limmaginario-italiano-a-mantova-9788849232899-2\/\",\"url\":\"https:\/\/www.liberdomus.it\/en\/prodotto\/luce-limmaginario-italiano-a-mantova-9788849232899-2\/\",\"name\":\"Luce : l'immaginario italiano a Mantova - Liberdomus\",\"isPartOf\":{\"@id\":\"https:\/\/www.liberdomus.it\/en\/#website\"},\"primaryImageOfPage\":{\"@id\":\"https:\/\/www.liberdomus.it\/en\/prodotto\/luce-limmaginario-italiano-a-mantova-9788849232899-2\/#primaryimage\"},\"image\":{\"@id\":\"https:\/\/www.liberdomus.it\/en\/prodotto\/luce-limmaginario-italiano-a-mantova-9788849232899-2\/#primaryimage\"},\"thumbnailUrl\":\"https:\/\/www.liberdomus.it\/wp-content\/uploads\/2016\/09\/D0129053068.JPG\",\"datePublished\":\"2016-09-20T22:00:00+00:00\",\"dateModified\":\"2024-07-29T12:43:07+00:00\",\"breadcrumb\":{\"@id\":\"https:\/\/www.liberdomus.it\/en\/prodotto\/luce-limmaginario-italiano-a-mantova-9788849232899-2\/#breadcrumb\"},\"inLanguage\":\"en-US\",\"potentialAction\":[{\"@type\":\"ReadAction\",\"target\":[\"https:\/\/www.liberdomus.it\/en\/prodotto\/luce-limmaginario-italiano-a-mantova-9788849232899-2\/\"]}]},{\"@type\":\"ImageObject\",\"inLanguage\":\"en-US\",\"@id\":\"https:\/\/www.liberdomus.it\/en\/prodotto\/luce-limmaginario-italiano-a-mantova-9788849232899-2\/#primaryimage\",\"url\":\"https:\/\/www.liberdomus.it\/wp-content\/uploads\/2016\/09\/D0129053068.JPG\",\"contentUrl\":\"https:\/\/www.liberdomus.it\/wp-content\/uploads\/2016\/09\/D0129053068.JPG\",\"width\":228,\"height\":250},{\"@type\":\"BreadcrumbList\",\"@id\":\"https:\/\/www.liberdomus.it\/en\/prodotto\/luce-limmaginario-italiano-a-mantova-9788849232899-2\/#breadcrumb\",\"itemListElement\":[{\"@type\":\"ListItem\",\"position\":1,\"name\":\"Home\",\"item\":\"https:\/\/www.liberdomus.it\/en\/\"},{\"@type\":\"ListItem\",\"position\":2,\"name\":\"Shop\",\"item\":\"https:\/\/www.liberdomus.it\/en\/shop\/\"},{\"@type\":\"ListItem\",\"position\":3,\"name\":\"Luce : l&#8217;immaginario italiano a Mantova\"}]},{\"@type\":\"WebSite\",\"@id\":\"https:\/\/www.liberdomus.it\/en\/#website\",\"url\":\"https:\/\/www.liberdomus.it\/en\/\",\"name\":\"Liberdomus\",\"description\":\"La tua libreria a casa\",\"potentialAction\":[{\"@type\":\"SearchAction\",\"target\":{\"@type\":\"EntryPoint\",\"urlTemplate\":\"https:\/\/www.liberdomus.it\/en\/?s={search_term_string}\"},\"query-input\":{\"@type\":\"PropertyValueSpecification\",\"valueRequired\":true,\"valueName\":\"search_term_string\"}}],\"inLanguage\":\"en-US\"}]}<\/script>\n<!-- \/ Yoast SEO plugin. -->","yoast_head_json":{"title":"Luce : l'immaginario italiano a Mantova - Liberdomus","robots":{"index":"index","follow":"follow","max-snippet":"max-snippet:-1","max-image-preview":"max-image-preview:large","max-video-preview":"max-video-preview:-1"},"canonical":"https:\/\/www.liberdomus.it\/en\/prodotto\/luce-limmaginario-italiano-a-mantova-9788849232899-2\/","og_locale":"en_US","og_type":"article","og_title":"Luce : l'immaginario italiano a Mantova - Liberdomus","og_description":"Catalogo della mostra aperta a Mantova, Palazzo della Ragione dal [...]","og_url":"https:\/\/www.liberdomus.it\/en\/prodotto\/luce-limmaginario-italiano-a-mantova-9788849232899-2\/","og_site_name":"Liberdomus","article_modified_time":"2024-07-29T12:43:07+00:00","og_image":[{"width":228,"height":250,"url":"https:\/\/www.liberdomus.it\/wp-content\/uploads\/2016\/09\/D0129053068.JPG","type":"image\/jpeg"}],"twitter_card":"summary_large_image","twitter_misc":{"Est. reading time":"1 minute"},"schema":{"@context":"https:\/\/schema.org","@graph":[{"@type":"WebPage","@id":"https:\/\/www.liberdomus.it\/en\/prodotto\/luce-limmaginario-italiano-a-mantova-9788849232899-2\/","url":"https:\/\/www.liberdomus.it\/en\/prodotto\/luce-limmaginario-italiano-a-mantova-9788849232899-2\/","name":"Luce : l'immaginario italiano a Mantova - Liberdomus","isPartOf":{"@id":"https:\/\/www.liberdomus.it\/en\/#website"},"primaryImageOfPage":{"@id":"https:\/\/www.liberdomus.it\/en\/prodotto\/luce-limmaginario-italiano-a-mantova-9788849232899-2\/#primaryimage"},"image":{"@id":"https:\/\/www.liberdomus.it\/en\/prodotto\/luce-limmaginario-italiano-a-mantova-9788849232899-2\/#primaryimage"},"thumbnailUrl":"https:\/\/www.liberdomus.it\/wp-content\/uploads\/2016\/09\/D0129053068.JPG","datePublished":"2016-09-20T22:00:00+00:00","dateModified":"2024-07-29T12:43:07+00:00","breadcrumb":{"@id":"https:\/\/www.liberdomus.it\/en\/prodotto\/luce-limmaginario-italiano-a-mantova-9788849232899-2\/#breadcrumb"},"inLanguage":"en-US","potentialAction":[{"@type":"ReadAction","target":["https:\/\/www.liberdomus.it\/en\/prodotto\/luce-limmaginario-italiano-a-mantova-9788849232899-2\/"]}]},{"@type":"ImageObject","inLanguage":"en-US","@id":"https:\/\/www.liberdomus.it\/en\/prodotto\/luce-limmaginario-italiano-a-mantova-9788849232899-2\/#primaryimage","url":"https:\/\/www.liberdomus.it\/wp-content\/uploads\/2016\/09\/D0129053068.JPG","contentUrl":"https:\/\/www.liberdomus.it\/wp-content\/uploads\/2016\/09\/D0129053068.JPG","width":228,"height":250},{"@type":"BreadcrumbList","@id":"https:\/\/www.liberdomus.it\/en\/prodotto\/luce-limmaginario-italiano-a-mantova-9788849232899-2\/#breadcrumb","itemListElement":[{"@type":"ListItem","position":1,"name":"Home","item":"https:\/\/www.liberdomus.it\/en\/"},{"@type":"ListItem","position":2,"name":"Shop","item":"https:\/\/www.liberdomus.it\/en\/shop\/"},{"@type":"ListItem","position":3,"name":"Luce : l&#8217;immaginario italiano a Mantova"}]},{"@type":"WebSite","@id":"https:\/\/www.liberdomus.it\/en\/#website","url":"https:\/\/www.liberdomus.it\/en\/","name":"Liberdomus","description":"La tua libreria a casa","potentialAction":[{"@type":"SearchAction","target":{"@type":"EntryPoint","urlTemplate":"https:\/\/www.liberdomus.it\/en\/?s={search_term_string}"},"query-input":{"@type":"PropertyValueSpecification","valueRequired":true,"valueName":"search_term_string"}}],"inLanguage":"en-US"}]}},"_links":{"self":[{"href":"https:\/\/www.liberdomus.it\/en\/wp-json\/wp\/v2\/product\/306170","targetHints":{"allow":["GET"]}}],"collection":[{"href":"https:\/\/www.liberdomus.it\/en\/wp-json\/wp\/v2\/product"}],"about":[{"href":"https:\/\/www.liberdomus.it\/en\/wp-json\/wp\/v2\/types\/product"}],"wp:featuredmedia":[{"embeddable":true,"href":"https:\/\/www.liberdomus.it\/en\/wp-json\/wp\/v2\/media\/235104"}],"wp:attachment":[{"href":"https:\/\/www.liberdomus.it\/en\/wp-json\/wp\/v2\/media?parent=306170"}],"wp:term":[{"taxonomy":"product_brand","embeddable":true,"href":"https:\/\/www.liberdomus.it\/en\/wp-json\/wp\/v2\/product_brand?post=306170"},{"taxonomy":"product_cat","embeddable":true,"href":"https:\/\/www.liberdomus.it\/en\/wp-json\/wp\/v2\/product_cat?post=306170"},{"taxonomy":"product_tag","embeddable":true,"href":"https:\/\/www.liberdomus.it\/en\/wp-json\/wp\/v2\/product_tag?post=306170"},{"taxonomy":"editore","embeddable":true,"href":"https:\/\/www.liberdomus.it\/en\/wp-json\/wp\/v2\/editore?post=306170"},{"taxonomy":"autore","embeddable":true,"href":"https:\/\/www.liberdomus.it\/en\/wp-json\/wp\/v2\/autore?post=306170"},{"taxonomy":"curatore","embeddable":true,"href":"https:\/\/www.liberdomus.it\/en\/wp-json\/wp\/v2\/curatore?post=306170"},{"taxonomy":"condizione","embeddable":true,"href":"https:\/\/www.liberdomus.it\/en\/wp-json\/wp\/v2\/condizione?post=306170"},{"taxonomy":"lingua","embeddable":true,"href":"https:\/\/www.liberdomus.it\/en\/wp-json\/wp\/v2\/lingua?post=306170"},{"taxonomy":"tipo_edizione","embeddable":true,"href":"https:\/\/www.liberdomus.it\/en\/wp-json\/wp\/v2\/tipo_edizione?post=306170"},{"taxonomy":"tipo_pubblicazione","embeddable":true,"href":"https:\/\/www.liberdomus.it\/en\/wp-json\/wp\/v2\/tipo_pubblicazione?post=306170"},{"taxonomy":"dewey","embeddable":true,"href":"https:\/\/www.liberdomus.it\/en\/wp-json\/wp\/v2\/dewey?post=306170"},{"taxonomy":"genere","embeddable":true,"href":"https:\/\/www.liberdomus.it\/en\/wp-json\/wp\/v2\/genere?post=306170"},{"taxonomy":"contenuto","embeddable":true,"href":"https:\/\/www.liberdomus.it\/en\/wp-json\/wp\/v2\/contenuto?post=306170"}],"curies":[{"name":"wp","href":"https:\/\/api.w.org\/{rel}","templated":true}]}}