{"id":304801,"date":"2015-11-09T00:00:00","date_gmt":"2015-11-08T23:00:00","guid":{"rendered":"https:\/\/www.liberdomus.it\/prodotto\/esportare-il-centro-storico-catalogo-9788869271939-2\/"},"modified":"2024-07-29T14:36:28","modified_gmt":"2024-07-29T12:36:28","slug":"esportare-il-centro-storico-catalogo-9788869271939-2","status":"publish","type":"product","link":"https:\/\/www.liberdomus.it\/en\/prodotto\/esportare-il-centro-storico-catalogo-9788869271939-2\/","title":{"rendered":"Esportare il centro storico : catalogo della Triennale di Milano"},"content":{"rendered":"<p>La salvaguardia della citt\u00e0 storica, la sua conservazione e modificazione, sono state le ipotesi di un lungo ed eterogeneo progetto collettivo di matrice europea che ha veicolato nel mondo un\u2019idea di citt\u00e0.    Il progetto della citt\u00e0 esistente \u00e8 uno dei pi\u00f9 rilevanti e originali contributi intellettuali italiani alla ricerca internazionale nel campo dell\u2019architettura e della citt\u00e0 del XX secolo.    Le esperienze avviate nelle citt\u00e0 italiane sono state un modello che fra gli anni Sessanta e Ottanta si \u00e8 diffuso in Europa e nel mondo, adottato dalle istituzioni internazionali.<\/p>\n","protected":false},"excerpt":{"rendered":"<p>La salvaguardia della citt\u00e0 storica, la sua conservazione e modificazione,  [&#8230;]<\/p>\n","protected":false},"featured_media":232376,"template":"","meta":{"_acf_changed":false},"product_brand":[],"product_cat":[24157,51779],"product_tag":[],"editore":[28085],"autore":[],"curatore":[46564],"condizione":[26342],"lingua":[26340],"tipo_edizione":[],"tipo_pubblicazione":[24232],"dewey":[26004,70262],"genere":[24214],"contenuto":[],"class_list":{"0":"post-304801","1":"product","2":"type-product","3":"status-publish","4":"has-post-thumbnail","6":"product_cat-art-architecture","7":"product_cat-urbanism-landscape-art","8":"editore-guaraldi-editore","9":"curatore-magrin-anna","10":"condizione-new","11":"lingua-italian","12":"tipo_pubblicazione-monograph","13":"dewey-civic-landscape-art","14":"dewey-modern-architecture","15":"genere-catalogo-di-mostra-en","17":"first","18":"instock","19":"shipping-taxable","20":"purchasable","21":"product-type-simple"},"acf":[],"yoast_head":"<!-- This site is optimized with the Yoast SEO plugin v25.8 - https:\/\/yoast.com\/wordpress\/plugins\/seo\/ -->\n<title>Esportare il centro storico : catalogo della Triennale di Milano - Liberdomus<\/title>\n<meta name=\"robots\" content=\"index, follow, max-snippet:-1, max-image-preview:large, max-video-preview:-1\" \/>\n<link rel=\"canonical\" href=\"https:\/\/www.liberdomus.it\/en\/prodotto\/esportare-il-centro-storico-catalogo-9788869271939-2\/\" \/>\n<meta property=\"og:locale\" content=\"en_US\" \/>\n<meta property=\"og:type\" content=\"article\" \/>\n<meta property=\"og:title\" content=\"Esportare il centro storico : catalogo della Triennale di Milano - Liberdomus\" \/>\n<meta property=\"og:description\" content=\"La salvaguardia della citt\u00e0 storica, la sua conservazione e modificazione, [...]\" \/>\n<meta property=\"og:url\" content=\"https:\/\/www.liberdomus.it\/en\/prodotto\/esportare-il-centro-storico-catalogo-9788869271939-2\/\" \/>\n<meta property=\"og:site_name\" content=\"Liberdomus\" \/>\n<meta property=\"article:modified_time\" content=\"2024-07-29T12:36:28+00:00\" \/>\n<meta property=\"og:image\" content=\"https:\/\/www.liberdomus.it\/wp-content\/uploads\/2015\/11\/D0758051290.JPG\" \/>\n\t<meta property=\"og:image:width\" content=\"150\" \/>\n\t<meta property=\"og:image:height\" content=\"250\" \/>\n\t<meta property=\"og:image:type\" content=\"image\/jpeg\" \/>\n<meta name=\"twitter:card\" content=\"summary_large_image\" \/>\n<script type=\"application\/ld+json\" class=\"yoast-schema-graph\">{\"@context\":\"https:\/\/schema.org\",\"@graph\":[{\"@type\":\"WebPage\",\"@id\":\"https:\/\/www.liberdomus.it\/en\/prodotto\/esportare-il-centro-storico-catalogo-9788869271939-2\/\",\"url\":\"https:\/\/www.liberdomus.it\/en\/prodotto\/esportare-il-centro-storico-catalogo-9788869271939-2\/\",\"name\":\"Esportare il centro storico : catalogo della Triennale di Milano - Liberdomus\",\"isPartOf\":{\"@id\":\"https:\/\/www.liberdomus.it\/en\/#website\"},\"primaryImageOfPage\":{\"@id\":\"https:\/\/www.liberdomus.it\/en\/prodotto\/esportare-il-centro-storico-catalogo-9788869271939-2\/#primaryimage\"},\"image\":{\"@id\":\"https:\/\/www.liberdomus.it\/en\/prodotto\/esportare-il-centro-storico-catalogo-9788869271939-2\/#primaryimage\"},\"thumbnailUrl\":\"https:\/\/www.liberdomus.it\/wp-content\/uploads\/2015\/11\/D0758051290.JPG\",\"datePublished\":\"2015-11-08T23:00:00+00:00\",\"dateModified\":\"2024-07-29T12:36:28+00:00\",\"breadcrumb\":{\"@id\":\"https:\/\/www.liberdomus.it\/en\/prodotto\/esportare-il-centro-storico-catalogo-9788869271939-2\/#breadcrumb\"},\"inLanguage\":\"en-US\",\"potentialAction\":[{\"@type\":\"ReadAction\",\"target\":[\"https:\/\/www.liberdomus.it\/en\/prodotto\/esportare-il-centro-storico-catalogo-9788869271939-2\/\"]}]},{\"@type\":\"ImageObject\",\"inLanguage\":\"en-US\",\"@id\":\"https:\/\/www.liberdomus.it\/en\/prodotto\/esportare-il-centro-storico-catalogo-9788869271939-2\/#primaryimage\",\"url\":\"https:\/\/www.liberdomus.it\/wp-content\/uploads\/2015\/11\/D0758051290.JPG\",\"contentUrl\":\"https:\/\/www.liberdomus.it\/wp-content\/uploads\/2015\/11\/D0758051290.JPG\",\"width\":150,\"height\":250},{\"@type\":\"BreadcrumbList\",\"@id\":\"https:\/\/www.liberdomus.it\/en\/prodotto\/esportare-il-centro-storico-catalogo-9788869271939-2\/#breadcrumb\",\"itemListElement\":[{\"@type\":\"ListItem\",\"position\":1,\"name\":\"Home\",\"item\":\"https:\/\/www.liberdomus.it\/en\/\"},{\"@type\":\"ListItem\",\"position\":2,\"name\":\"Shop\",\"item\":\"https:\/\/www.liberdomus.it\/en\/shop\/\"},{\"@type\":\"ListItem\",\"position\":3,\"name\":\"Esportare il centro storico : catalogo della Triennale di Milano\"}]},{\"@type\":\"WebSite\",\"@id\":\"https:\/\/www.liberdomus.it\/en\/#website\",\"url\":\"https:\/\/www.liberdomus.it\/en\/\",\"name\":\"Liberdomus\",\"description\":\"La tua libreria a casa\",\"potentialAction\":[{\"@type\":\"SearchAction\",\"target\":{\"@type\":\"EntryPoint\",\"urlTemplate\":\"https:\/\/www.liberdomus.it\/en\/?s={search_term_string}\"},\"query-input\":{\"@type\":\"PropertyValueSpecification\",\"valueRequired\":true,\"valueName\":\"search_term_string\"}}],\"inLanguage\":\"en-US\"}]}<\/script>\n<!-- \/ Yoast SEO plugin. -->","yoast_head_json":{"title":"Esportare il centro storico : catalogo della Triennale di Milano - Liberdomus","robots":{"index":"index","follow":"follow","max-snippet":"max-snippet:-1","max-image-preview":"max-image-preview:large","max-video-preview":"max-video-preview:-1"},"canonical":"https:\/\/www.liberdomus.it\/en\/prodotto\/esportare-il-centro-storico-catalogo-9788869271939-2\/","og_locale":"en_US","og_type":"article","og_title":"Esportare il centro storico : catalogo della Triennale di Milano - Liberdomus","og_description":"La salvaguardia della citt\u00e0 storica, la sua conservazione e modificazione, [...]","og_url":"https:\/\/www.liberdomus.it\/en\/prodotto\/esportare-il-centro-storico-catalogo-9788869271939-2\/","og_site_name":"Liberdomus","article_modified_time":"2024-07-29T12:36:28+00:00","og_image":[{"width":150,"height":250,"url":"https:\/\/www.liberdomus.it\/wp-content\/uploads\/2015\/11\/D0758051290.JPG","type":"image\/jpeg"}],"twitter_card":"summary_large_image","schema":{"@context":"https:\/\/schema.org","@graph":[{"@type":"WebPage","@id":"https:\/\/www.liberdomus.it\/en\/prodotto\/esportare-il-centro-storico-catalogo-9788869271939-2\/","url":"https:\/\/www.liberdomus.it\/en\/prodotto\/esportare-il-centro-storico-catalogo-9788869271939-2\/","name":"Esportare il centro storico : catalogo della Triennale di Milano - Liberdomus","isPartOf":{"@id":"https:\/\/www.liberdomus.it\/en\/#website"},"primaryImageOfPage":{"@id":"https:\/\/www.liberdomus.it\/en\/prodotto\/esportare-il-centro-storico-catalogo-9788869271939-2\/#primaryimage"},"image":{"@id":"https:\/\/www.liberdomus.it\/en\/prodotto\/esportare-il-centro-storico-catalogo-9788869271939-2\/#primaryimage"},"thumbnailUrl":"https:\/\/www.liberdomus.it\/wp-content\/uploads\/2015\/11\/D0758051290.JPG","datePublished":"2015-11-08T23:00:00+00:00","dateModified":"2024-07-29T12:36:28+00:00","breadcrumb":{"@id":"https:\/\/www.liberdomus.it\/en\/prodotto\/esportare-il-centro-storico-catalogo-9788869271939-2\/#breadcrumb"},"inLanguage":"en-US","potentialAction":[{"@type":"ReadAction","target":["https:\/\/www.liberdomus.it\/en\/prodotto\/esportare-il-centro-storico-catalogo-9788869271939-2\/"]}]},{"@type":"ImageObject","inLanguage":"en-US","@id":"https:\/\/www.liberdomus.it\/en\/prodotto\/esportare-il-centro-storico-catalogo-9788869271939-2\/#primaryimage","url":"https:\/\/www.liberdomus.it\/wp-content\/uploads\/2015\/11\/D0758051290.JPG","contentUrl":"https:\/\/www.liberdomus.it\/wp-content\/uploads\/2015\/11\/D0758051290.JPG","width":150,"height":250},{"@type":"BreadcrumbList","@id":"https:\/\/www.liberdomus.it\/en\/prodotto\/esportare-il-centro-storico-catalogo-9788869271939-2\/#breadcrumb","itemListElement":[{"@type":"ListItem","position":1,"name":"Home","item":"https:\/\/www.liberdomus.it\/en\/"},{"@type":"ListItem","position":2,"name":"Shop","item":"https:\/\/www.liberdomus.it\/en\/shop\/"},{"@type":"ListItem","position":3,"name":"Esportare il centro storico : catalogo della Triennale di Milano"}]},{"@type":"WebSite","@id":"https:\/\/www.liberdomus.it\/en\/#website","url":"https:\/\/www.liberdomus.it\/en\/","name":"Liberdomus","description":"La tua libreria a casa","potentialAction":[{"@type":"SearchAction","target":{"@type":"EntryPoint","urlTemplate":"https:\/\/www.liberdomus.it\/en\/?s={search_term_string}"},"query-input":{"@type":"PropertyValueSpecification","valueRequired":true,"valueName":"search_term_string"}}],"inLanguage":"en-US"}]}},"_links":{"self":[{"href":"https:\/\/www.liberdomus.it\/en\/wp-json\/wp\/v2\/product\/304801","targetHints":{"allow":["GET"]}}],"collection":[{"href":"https:\/\/www.liberdomus.it\/en\/wp-json\/wp\/v2\/product"}],"about":[{"href":"https:\/\/www.liberdomus.it\/en\/wp-json\/wp\/v2\/types\/product"}],"wp:featuredmedia":[{"embeddable":true,"href":"https:\/\/www.liberdomus.it\/en\/wp-json\/wp\/v2\/media\/232376"}],"wp:attachment":[{"href":"https:\/\/www.liberdomus.it\/en\/wp-json\/wp\/v2\/media?parent=304801"}],"wp:term":[{"taxonomy":"product_brand","embeddable":true,"href":"https:\/\/www.liberdomus.it\/en\/wp-json\/wp\/v2\/product_brand?post=304801"},{"taxonomy":"product_cat","embeddable":true,"href":"https:\/\/www.liberdomus.it\/en\/wp-json\/wp\/v2\/product_cat?post=304801"},{"taxonomy":"product_tag","embeddable":true,"href":"https:\/\/www.liberdomus.it\/en\/wp-json\/wp\/v2\/product_tag?post=304801"},{"taxonomy":"editore","embeddable":true,"href":"https:\/\/www.liberdomus.it\/en\/wp-json\/wp\/v2\/editore?post=304801"},{"taxonomy":"autore","embeddable":true,"href":"https:\/\/www.liberdomus.it\/en\/wp-json\/wp\/v2\/autore?post=304801"},{"taxonomy":"curatore","embeddable":true,"href":"https:\/\/www.liberdomus.it\/en\/wp-json\/wp\/v2\/curatore?post=304801"},{"taxonomy":"condizione","embeddable":true,"href":"https:\/\/www.liberdomus.it\/en\/wp-json\/wp\/v2\/condizione?post=304801"},{"taxonomy":"lingua","embeddable":true,"href":"https:\/\/www.liberdomus.it\/en\/wp-json\/wp\/v2\/lingua?post=304801"},{"taxonomy":"tipo_edizione","embeddable":true,"href":"https:\/\/www.liberdomus.it\/en\/wp-json\/wp\/v2\/tipo_edizione?post=304801"},{"taxonomy":"tipo_pubblicazione","embeddable":true,"href":"https:\/\/www.liberdomus.it\/en\/wp-json\/wp\/v2\/tipo_pubblicazione?post=304801"},{"taxonomy":"dewey","embeddable":true,"href":"https:\/\/www.liberdomus.it\/en\/wp-json\/wp\/v2\/dewey?post=304801"},{"taxonomy":"genere","embeddable":true,"href":"https:\/\/www.liberdomus.it\/en\/wp-json\/wp\/v2\/genere?post=304801"},{"taxonomy":"contenuto","embeddable":true,"href":"https:\/\/www.liberdomus.it\/en\/wp-json\/wp\/v2\/contenuto?post=304801"}],"curies":[{"name":"wp","href":"https:\/\/api.w.org\/{rel}","templated":true}]}}