{"id":304790,"date":"2015-11-09T00:00:00","date_gmt":"2015-11-08T23:00:00","guid":{"rendered":"https:\/\/www.liberdomus.it\/prodotto\/arte-di-ben-pensare-stili-9788868434090-2\/"},"modified":"2024-07-29T14:36:25","modified_gmt":"2024-07-29T12:36:25","slug":"arte-di-ben-pensare-stili-9788868434090-2","status":"publish","type":"product","link":"https:\/\/www.liberdomus.it\/en\/prodotto\/arte-di-ben-pensare-stili-9788868434090-2\/","title":{"rendered":"L'rte di ben pensare : stili del Seicento italiano"},"content":{"rendered":"<p>Paolo Sarpi, in una lettera del 1609 a un corrispondente francese, riferendosi alla situazione italiana del tempo, formulava una dichiarazione fra le sue pi\u00f9 sconsolate: &#8220;Sono costretto a portar maschera; a nessuno in Italia \u00e8 lecito vivere senza portar maschera&#8221;. Nella societ\u00e0 secentesca manifestare il proprio pensiero poteva comportare infatti pi\u00f9 di un rischio. Sospetti, censure e confutazioni inducevano a scrivere con la maschera ora della prudenza e della dissimulazione, ora del paradosso e della creativit\u00e0 metaforica. Galileo, nel 1610, nel Sidereus Nuncius, comunicando al mondo le sue scoperte astronomiche, non faceva menzione alla collaborazione che l\u2019amico Paolo Sarpi aveva offerto alle osservazioni della faccia della Luna. Sarpi era infatti personaggio inviso alla Curia romana per le posizioni fortemente polemiche espresse nei confronti della Chiesa. Le esperienze di Galileo e Sarpi sono per certi versi esemplari perch\u00e9 rivelano, pi\u00f9 di altre, la complessit\u00e0 della situazione italiana agli inizi del Seicento e il groviglio di contraddizioni irrisolte che caratterizza l\u2019evoluzione della civilt\u00e0 italiana verso la modernit\u00e0. Attraverso l\u2019indagine su testi di autori noti \u2013 come Galileo e Paolo Sarpi, appunto, ma anche Traiano Boccalini o Giambattista Basile \u2013 e di altri meno frequentati \u2013 come il veneto Guido Casoni o il galileiano Benedetto Castelli \u2013 questo libro si misura con l\u2019arte della scrittura. Si tratta di un esercizio che non elude il linguaggio ordinario [&#8230;]<\/p>\n","protected":false},"excerpt":{"rendered":"<p>Paolo Sarpi, in una lettera del 1609 a un corrispondente  [&#8230;]<\/p>\n","protected":false},"featured_media":232256,"template":"","meta":{"_acf_changed":false},"product_brand":[],"product_cat":[24159],"product_tag":[],"editore":[27669],"autore":[34790],"curatore":[],"condizione":[26342],"lingua":[26340],"tipo_edizione":[],"tipo_pubblicazione":[24232],"dewey":[26134],"genere":[],"contenuto":[],"class_list":{"0":"post-304790","1":"product","2":"type-product","3":"status-publish","4":"has-post-thumbnail","6":"product_cat-literature","7":"editore-donzelli-editore","8":"condizione-new","9":"lingua-italian","10":"tipo_pubblicazione-monograph","11":"dewey-italian-romanian-rhaeto-romanic","13":"first","14":"instock","15":"shipping-taxable","16":"purchasable","17":"product-type-simple"},"acf":[],"yoast_head":"<!-- This site is optimized with the Yoast SEO plugin v25.8 - https:\/\/yoast.com\/wordpress\/plugins\/seo\/ -->\n<title>rte di ben pensare : stili del Seicento italiano - Liberdomus<\/title>\n<meta name=\"robots\" content=\"index, follow, max-snippet:-1, max-image-preview:large, max-video-preview:-1\" \/>\n<link rel=\"canonical\" href=\"https:\/\/www.liberdomus.it\/en\/prodotto\/arte-di-ben-pensare-stili-9788868434090-2\/\" \/>\n<meta property=\"og:locale\" content=\"en_US\" \/>\n<meta property=\"og:type\" content=\"article\" \/>\n<meta property=\"og:title\" content=\"rte di ben pensare : stili del Seicento italiano - Liberdomus\" \/>\n<meta property=\"og:description\" content=\"Paolo Sarpi, in una lettera del 1609 a un corrispondente [...]\" \/>\n<meta property=\"og:url\" content=\"https:\/\/www.liberdomus.it\/en\/prodotto\/arte-di-ben-pensare-stili-9788868434090-2\/\" \/>\n<meta property=\"og:site_name\" content=\"Liberdomus\" \/>\n<meta property=\"article:modified_time\" content=\"2024-07-29T12:36:25+00:00\" \/>\n<meta property=\"og:image\" content=\"https:\/\/www.liberdomus.it\/wp-content\/uploads\/2015\/11\/D0338051284.JPG\" \/>\n\t<meta property=\"og:image:width\" content=\"185\" \/>\n\t<meta property=\"og:image:height\" content=\"250\" \/>\n\t<meta property=\"og:image:type\" content=\"image\/jpeg\" \/>\n<meta name=\"twitter:card\" content=\"summary_large_image\" \/>\n<meta name=\"twitter:label1\" content=\"Est. reading time\" \/>\n\t<meta name=\"twitter:data1\" content=\"1 minute\" \/>\n<script type=\"application\/ld+json\" class=\"yoast-schema-graph\">{\"@context\":\"https:\/\/schema.org\",\"@graph\":[{\"@type\":\"WebPage\",\"@id\":\"https:\/\/www.liberdomus.it\/en\/prodotto\/arte-di-ben-pensare-stili-9788868434090-2\/\",\"url\":\"https:\/\/www.liberdomus.it\/en\/prodotto\/arte-di-ben-pensare-stili-9788868434090-2\/\",\"name\":\"rte di ben pensare : stili del Seicento italiano - Liberdomus\",\"isPartOf\":{\"@id\":\"https:\/\/www.liberdomus.it\/en\/#website\"},\"primaryImageOfPage\":{\"@id\":\"https:\/\/www.liberdomus.it\/en\/prodotto\/arte-di-ben-pensare-stili-9788868434090-2\/#primaryimage\"},\"image\":{\"@id\":\"https:\/\/www.liberdomus.it\/en\/prodotto\/arte-di-ben-pensare-stili-9788868434090-2\/#primaryimage\"},\"thumbnailUrl\":\"https:\/\/www.liberdomus.it\/wp-content\/uploads\/2015\/11\/D0338051284.JPG\",\"datePublished\":\"2015-11-08T23:00:00+00:00\",\"dateModified\":\"2024-07-29T12:36:25+00:00\",\"breadcrumb\":{\"@id\":\"https:\/\/www.liberdomus.it\/en\/prodotto\/arte-di-ben-pensare-stili-9788868434090-2\/#breadcrumb\"},\"inLanguage\":\"en-US\",\"potentialAction\":[{\"@type\":\"ReadAction\",\"target\":[\"https:\/\/www.liberdomus.it\/en\/prodotto\/arte-di-ben-pensare-stili-9788868434090-2\/\"]}]},{\"@type\":\"ImageObject\",\"inLanguage\":\"en-US\",\"@id\":\"https:\/\/www.liberdomus.it\/en\/prodotto\/arte-di-ben-pensare-stili-9788868434090-2\/#primaryimage\",\"url\":\"https:\/\/www.liberdomus.it\/wp-content\/uploads\/2015\/11\/D0338051284.JPG\",\"contentUrl\":\"https:\/\/www.liberdomus.it\/wp-content\/uploads\/2015\/11\/D0338051284.JPG\",\"width\":185,\"height\":250},{\"@type\":\"BreadcrumbList\",\"@id\":\"https:\/\/www.liberdomus.it\/en\/prodotto\/arte-di-ben-pensare-stili-9788868434090-2\/#breadcrumb\",\"itemListElement\":[{\"@type\":\"ListItem\",\"position\":1,\"name\":\"Home\",\"item\":\"https:\/\/www.liberdomus.it\/en\/\"},{\"@type\":\"ListItem\",\"position\":2,\"name\":\"Shop\",\"item\":\"https:\/\/www.liberdomus.it\/en\/shop\/\"},{\"@type\":\"ListItem\",\"position\":3,\"name\":\"L'rte di ben pensare : stili del Seicento italiano\"}]},{\"@type\":\"WebSite\",\"@id\":\"https:\/\/www.liberdomus.it\/en\/#website\",\"url\":\"https:\/\/www.liberdomus.it\/en\/\",\"name\":\"Liberdomus\",\"description\":\"La tua libreria a casa\",\"potentialAction\":[{\"@type\":\"SearchAction\",\"target\":{\"@type\":\"EntryPoint\",\"urlTemplate\":\"https:\/\/www.liberdomus.it\/en\/?s={search_term_string}\"},\"query-input\":{\"@type\":\"PropertyValueSpecification\",\"valueRequired\":true,\"valueName\":\"search_term_string\"}}],\"inLanguage\":\"en-US\"}]}<\/script>\n<!-- \/ Yoast SEO plugin. -->","yoast_head_json":{"title":"rte di ben pensare : stili del Seicento italiano - Liberdomus","robots":{"index":"index","follow":"follow","max-snippet":"max-snippet:-1","max-image-preview":"max-image-preview:large","max-video-preview":"max-video-preview:-1"},"canonical":"https:\/\/www.liberdomus.it\/en\/prodotto\/arte-di-ben-pensare-stili-9788868434090-2\/","og_locale":"en_US","og_type":"article","og_title":"rte di ben pensare : stili del Seicento italiano - Liberdomus","og_description":"Paolo Sarpi, in una lettera del 1609 a un corrispondente [...]","og_url":"https:\/\/www.liberdomus.it\/en\/prodotto\/arte-di-ben-pensare-stili-9788868434090-2\/","og_site_name":"Liberdomus","article_modified_time":"2024-07-29T12:36:25+00:00","og_image":[{"width":185,"height":250,"url":"https:\/\/www.liberdomus.it\/wp-content\/uploads\/2015\/11\/D0338051284.JPG","type":"image\/jpeg"}],"twitter_card":"summary_large_image","twitter_misc":{"Est. reading time":"1 minute"},"schema":{"@context":"https:\/\/schema.org","@graph":[{"@type":"WebPage","@id":"https:\/\/www.liberdomus.it\/en\/prodotto\/arte-di-ben-pensare-stili-9788868434090-2\/","url":"https:\/\/www.liberdomus.it\/en\/prodotto\/arte-di-ben-pensare-stili-9788868434090-2\/","name":"rte di ben pensare : stili del Seicento italiano - Liberdomus","isPartOf":{"@id":"https:\/\/www.liberdomus.it\/en\/#website"},"primaryImageOfPage":{"@id":"https:\/\/www.liberdomus.it\/en\/prodotto\/arte-di-ben-pensare-stili-9788868434090-2\/#primaryimage"},"image":{"@id":"https:\/\/www.liberdomus.it\/en\/prodotto\/arte-di-ben-pensare-stili-9788868434090-2\/#primaryimage"},"thumbnailUrl":"https:\/\/www.liberdomus.it\/wp-content\/uploads\/2015\/11\/D0338051284.JPG","datePublished":"2015-11-08T23:00:00+00:00","dateModified":"2024-07-29T12:36:25+00:00","breadcrumb":{"@id":"https:\/\/www.liberdomus.it\/en\/prodotto\/arte-di-ben-pensare-stili-9788868434090-2\/#breadcrumb"},"inLanguage":"en-US","potentialAction":[{"@type":"ReadAction","target":["https:\/\/www.liberdomus.it\/en\/prodotto\/arte-di-ben-pensare-stili-9788868434090-2\/"]}]},{"@type":"ImageObject","inLanguage":"en-US","@id":"https:\/\/www.liberdomus.it\/en\/prodotto\/arte-di-ben-pensare-stili-9788868434090-2\/#primaryimage","url":"https:\/\/www.liberdomus.it\/wp-content\/uploads\/2015\/11\/D0338051284.JPG","contentUrl":"https:\/\/www.liberdomus.it\/wp-content\/uploads\/2015\/11\/D0338051284.JPG","width":185,"height":250},{"@type":"BreadcrumbList","@id":"https:\/\/www.liberdomus.it\/en\/prodotto\/arte-di-ben-pensare-stili-9788868434090-2\/#breadcrumb","itemListElement":[{"@type":"ListItem","position":1,"name":"Home","item":"https:\/\/www.liberdomus.it\/en\/"},{"@type":"ListItem","position":2,"name":"Shop","item":"https:\/\/www.liberdomus.it\/en\/shop\/"},{"@type":"ListItem","position":3,"name":"L'rte di ben pensare : stili del Seicento italiano"}]},{"@type":"WebSite","@id":"https:\/\/www.liberdomus.it\/en\/#website","url":"https:\/\/www.liberdomus.it\/en\/","name":"Liberdomus","description":"La tua libreria a casa","potentialAction":[{"@type":"SearchAction","target":{"@type":"EntryPoint","urlTemplate":"https:\/\/www.liberdomus.it\/en\/?s={search_term_string}"},"query-input":{"@type":"PropertyValueSpecification","valueRequired":true,"valueName":"search_term_string"}}],"inLanguage":"en-US"}]}},"_links":{"self":[{"href":"https:\/\/www.liberdomus.it\/en\/wp-json\/wp\/v2\/product\/304790","targetHints":{"allow":["GET"]}}],"collection":[{"href":"https:\/\/www.liberdomus.it\/en\/wp-json\/wp\/v2\/product"}],"about":[{"href":"https:\/\/www.liberdomus.it\/en\/wp-json\/wp\/v2\/types\/product"}],"wp:featuredmedia":[{"embeddable":true,"href":"https:\/\/www.liberdomus.it\/en\/wp-json\/wp\/v2\/media\/232256"}],"wp:attachment":[{"href":"https:\/\/www.liberdomus.it\/en\/wp-json\/wp\/v2\/media?parent=304790"}],"wp:term":[{"taxonomy":"product_brand","embeddable":true,"href":"https:\/\/www.liberdomus.it\/en\/wp-json\/wp\/v2\/product_brand?post=304790"},{"taxonomy":"product_cat","embeddable":true,"href":"https:\/\/www.liberdomus.it\/en\/wp-json\/wp\/v2\/product_cat?post=304790"},{"taxonomy":"product_tag","embeddable":true,"href":"https:\/\/www.liberdomus.it\/en\/wp-json\/wp\/v2\/product_tag?post=304790"},{"taxonomy":"editore","embeddable":true,"href":"https:\/\/www.liberdomus.it\/en\/wp-json\/wp\/v2\/editore?post=304790"},{"taxonomy":"autore","embeddable":true,"href":"https:\/\/www.liberdomus.it\/en\/wp-json\/wp\/v2\/autore?post=304790"},{"taxonomy":"curatore","embeddable":true,"href":"https:\/\/www.liberdomus.it\/en\/wp-json\/wp\/v2\/curatore?post=304790"},{"taxonomy":"condizione","embeddable":true,"href":"https:\/\/www.liberdomus.it\/en\/wp-json\/wp\/v2\/condizione?post=304790"},{"taxonomy":"lingua","embeddable":true,"href":"https:\/\/www.liberdomus.it\/en\/wp-json\/wp\/v2\/lingua?post=304790"},{"taxonomy":"tipo_edizione","embeddable":true,"href":"https:\/\/www.liberdomus.it\/en\/wp-json\/wp\/v2\/tipo_edizione?post=304790"},{"taxonomy":"tipo_pubblicazione","embeddable":true,"href":"https:\/\/www.liberdomus.it\/en\/wp-json\/wp\/v2\/tipo_pubblicazione?post=304790"},{"taxonomy":"dewey","embeddable":true,"href":"https:\/\/www.liberdomus.it\/en\/wp-json\/wp\/v2\/dewey?post=304790"},{"taxonomy":"genere","embeddable":true,"href":"https:\/\/www.liberdomus.it\/en\/wp-json\/wp\/v2\/genere?post=304790"},{"taxonomy":"contenuto","embeddable":true,"href":"https:\/\/www.liberdomus.it\/en\/wp-json\/wp\/v2\/contenuto?post=304790"}],"curies":[{"name":"wp","href":"https:\/\/api.w.org\/{rel}","templated":true}]}}