{"id":301491,"date":"2013-10-17T00:00:00","date_gmt":"2013-10-16T22:00:00","guid":{"rendered":"https:\/\/www.liberdomus.it\/prodotto\/rimedi-per-luna-e-laltra-9788884196132-2\/"},"modified":"2024-10-03T14:31:47","modified_gmt":"2024-10-03T12:31:47","slug":"rimedi-per-luna-e-laltra-9788884196132-2","status":"publish","type":"product","link":"https:\/\/www.liberdomus.it\/en\/prodotto\/rimedi-per-luna-e-laltra-9788884196132-2\/","title":{"rendered":"I rimedi per l&#8217;una e l&#8217;altra sorte"},"content":{"rendered":"<p>QUATTRO TOMI INDIVISIBILI      Composto negli anni della piena maturit\u00e0 e dedicato al caro e antico amico Azzo da Correggio che, nella sua vita tumultuosa, aveva sperimentato le vicende della buona e della cattiva fortuna, il vastissimo trattato petrarchesco sui Rimedi sulla buona e sulla cattiva sorte, qui presentato per la prima volta, nel testo latino e nella traduzione italiana, rappresenta sicuramente una delle pi\u00f9 interessanti opere \u2018morali\u2019 del poeta di Laura: di una moralit\u00e0 \u2013 ed \u00e8 questo l\u2019interessante \u2013 che sconfina continuamente in quella che, oggi, chiameremmo la critica all\u2019umana societ\u00e0. E ci\u00f2 \u00e8 particolarmente evidente nella sua prima parte, tutta dedicata a mostrare quanto gli uomini si ingannino a accanirsi continuamente nel ricercare, in questa esistenza, gli effimeri piaceri della cosiddetta \u00abbella vita\u00bb, dalle ricchezze alle suggestioni del potere, dalle pi\u00f9 svariate e, sovente, ridicole ambizioni, ai presunti godimenti derivanti dal soddisfacimento delle proprie passioni, cos\u00ec spesso tanto meschine. Alla Gioia e alla Speranza nel primo libro, e al Dolore e al Timore nel secondo (i tanti capitoli dell\u2019opera sono sempre svolti in forma dialogica), la Ragione \u2013 quest\u2019alta e sempre cos\u00ec trascurata dote che, unica, rende l\u2019uomo degno di questo nome \u2013 non fa che ricordare come questi presunti beni non siano che vani e caduchi e come, quelli veri, siano ben altri, chiusi in quell\u2019intimit\u00e0 della ricchezza interiore che ciascuno di noi, senza quasi rendersene conto, pur possiede. Ed \u00e8 qui che va cercato il \u2018rimedio\u2019, sia nella buona sorte sia in quella cattiva. \u00c8 con il necessario distacco che bisogna saper vivere, e convincersi che le stesse qualit\u00e0 umane che a prima vista sembrerebbero doti quanto mai importanti, vanno sempre usate in maniera giusta e temperata, fuori da ogni eccesso. \u00c8 insomma la ripresa petrarchesca \u2013 e in funzione quasi totalmente laica \u2013 della lezione oraziana del \u00absunt certi denique fines\u00bb al di qua o al di l\u00e0 dei quali non pu\u00f2 consistere il giusto. Come che sia, il libro ebbe un successo tanto grandioso quanto immediato. Piacquero la sua minuta casistica, il suo carattere di \u2018summa\u2019 enciclopedica, il suo presentarsi come sommario della dottrina e della saggezza antica e come un vasto campionario di medicina morale. Con l\u2019avvento della stampa ne furono tirate, tra il Quattrocento e i primi anni del Seicento, un enorme numero di edizioni e di traduzioni. Pi\u00f9 tardi decadde, ma nel secondo Novecento, sia negli Stati Uniti sia in Francia, ne sono apparse nuove e importanti edizioni. \u00c8 ora la volta dell\u2019Italia e, se pure nei suoi pi\u00f9 modesti limiti, questo trattato petrarchesco potrebbe suonare come un \u2018rimedio\u2019 alla corruzione sociale nella quale siamo immersi.<\/p>\n","protected":false},"excerpt":{"rendered":"<p>QUATTRO TOMI INDIVISIBILI Composto negli anni della piena maturit\u00e0 e  [&#8230;]<\/p>\n","protected":false},"featured_media":225024,"template":"","meta":{"_acf_changed":false},"product_brand":[],"product_cat":[24159],"product_tag":[],"editore":[27593],"autore":[57032],"curatore":[43854],"condizione":[26342],"lingua":[26340],"tipo_edizione":[],"tipo_pubblicazione":[24232],"dewey":[26138,26134],"genere":[],"contenuto":[],"class_list":{"0":"post-301491","1":"product","2":"type-product","3":"status-publish","4":"has-post-thumbnail","6":"product_cat-literature","7":"editore-aragno","8":"autore-petrarca-francesco","9":"curatore-dotti-ugo","10":"condizione-new","11":"lingua-italian","12":"tipo_pubblicazione-monograph","13":"dewey-italian-essays","14":"dewey-italian-romanian-rhaeto-romanic","16":"first","17":"outofstock","18":"shipping-taxable","19":"purchasable","20":"product-type-simple"},"acf":[],"yoast_head":"<!-- This site is optimized with the Yoast SEO plugin v25.8 - https:\/\/yoast.com\/wordpress\/plugins\/seo\/ -->\n<title>rimedi per l&#039;una e l&#039;altra sorte - Liberdomus<\/title>\n<meta name=\"robots\" content=\"index, follow, max-snippet:-1, max-image-preview:large, max-video-preview:-1\" \/>\n<link rel=\"canonical\" href=\"https:\/\/www.liberdomus.it\/en\/prodotto\/rimedi-per-luna-e-laltra-9788884196132-2\/\" \/>\n<meta property=\"og:locale\" content=\"en_US\" \/>\n<meta property=\"og:type\" content=\"article\" \/>\n<meta property=\"og:title\" content=\"rimedi per l&#039;una e l&#039;altra sorte - Liberdomus\" \/>\n<meta property=\"og:description\" content=\"QUATTRO TOMI INDIVISIBILI Composto negli anni della piena maturit\u00e0 e [...]\" \/>\n<meta property=\"og:url\" content=\"https:\/\/www.liberdomus.it\/en\/prodotto\/rimedi-per-luna-e-laltra-9788884196132-2\/\" \/>\n<meta property=\"og:site_name\" content=\"Liberdomus\" \/>\n<meta property=\"article:modified_time\" content=\"2024-10-03T12:31:47+00:00\" \/>\n<meta property=\"og:image\" content=\"https:\/\/www.liberdomus.it\/wp-content\/uploads\/2013\/10\/D0259047693.JPG\" \/>\n\t<meta property=\"og:image:width\" content=\"172\" \/>\n\t<meta property=\"og:image:height\" content=\"250\" \/>\n\t<meta property=\"og:image:type\" content=\"image\/jpeg\" \/>\n<meta name=\"twitter:card\" content=\"summary_large_image\" \/>\n<meta name=\"twitter:label1\" content=\"Est. reading time\" \/>\n\t<meta name=\"twitter:data1\" content=\"2 minutes\" \/>\n<script type=\"application\/ld+json\" class=\"yoast-schema-graph\">{\"@context\":\"https:\/\/schema.org\",\"@graph\":[{\"@type\":\"WebPage\",\"@id\":\"https:\/\/www.liberdomus.it\/en\/prodotto\/rimedi-per-luna-e-laltra-9788884196132-2\/\",\"url\":\"https:\/\/www.liberdomus.it\/en\/prodotto\/rimedi-per-luna-e-laltra-9788884196132-2\/\",\"name\":\"rimedi per l'una e l'altra sorte - Liberdomus\",\"isPartOf\":{\"@id\":\"https:\/\/www.liberdomus.it\/en\/#website\"},\"primaryImageOfPage\":{\"@id\":\"https:\/\/www.liberdomus.it\/en\/prodotto\/rimedi-per-luna-e-laltra-9788884196132-2\/#primaryimage\"},\"image\":{\"@id\":\"https:\/\/www.liberdomus.it\/en\/prodotto\/rimedi-per-luna-e-laltra-9788884196132-2\/#primaryimage\"},\"thumbnailUrl\":\"https:\/\/www.liberdomus.it\/wp-content\/uploads\/2013\/10\/D0259047693.JPG\",\"datePublished\":\"2013-10-16T22:00:00+00:00\",\"dateModified\":\"2024-10-03T12:31:47+00:00\",\"breadcrumb\":{\"@id\":\"https:\/\/www.liberdomus.it\/en\/prodotto\/rimedi-per-luna-e-laltra-9788884196132-2\/#breadcrumb\"},\"inLanguage\":\"en-US\",\"potentialAction\":[{\"@type\":\"ReadAction\",\"target\":[\"https:\/\/www.liberdomus.it\/en\/prodotto\/rimedi-per-luna-e-laltra-9788884196132-2\/\"]}]},{\"@type\":\"ImageObject\",\"inLanguage\":\"en-US\",\"@id\":\"https:\/\/www.liberdomus.it\/en\/prodotto\/rimedi-per-luna-e-laltra-9788884196132-2\/#primaryimage\",\"url\":\"https:\/\/www.liberdomus.it\/wp-content\/uploads\/2013\/10\/D0259047693.JPG\",\"contentUrl\":\"https:\/\/www.liberdomus.it\/wp-content\/uploads\/2013\/10\/D0259047693.JPG\",\"width\":172,\"height\":250},{\"@type\":\"BreadcrumbList\",\"@id\":\"https:\/\/www.liberdomus.it\/en\/prodotto\/rimedi-per-luna-e-laltra-9788884196132-2\/#breadcrumb\",\"itemListElement\":[{\"@type\":\"ListItem\",\"position\":1,\"name\":\"Home\",\"item\":\"https:\/\/www.liberdomus.it\/en\/\"},{\"@type\":\"ListItem\",\"position\":2,\"name\":\"Shop\",\"item\":\"https:\/\/www.liberdomus.it\/en\/shop\/\"},{\"@type\":\"ListItem\",\"position\":3,\"name\":\"I rimedi per l&#8217;una e l&#8217;altra sorte\"}]},{\"@type\":\"WebSite\",\"@id\":\"https:\/\/www.liberdomus.it\/en\/#website\",\"url\":\"https:\/\/www.liberdomus.it\/en\/\",\"name\":\"Liberdomus\",\"description\":\"La tua libreria a casa\",\"potentialAction\":[{\"@type\":\"SearchAction\",\"target\":{\"@type\":\"EntryPoint\",\"urlTemplate\":\"https:\/\/www.liberdomus.it\/en\/?s={search_term_string}\"},\"query-input\":{\"@type\":\"PropertyValueSpecification\",\"valueRequired\":true,\"valueName\":\"search_term_string\"}}],\"inLanguage\":\"en-US\"}]}<\/script>\n<!-- \/ Yoast SEO plugin. -->","yoast_head_json":{"title":"rimedi per l'una e l'altra sorte - Liberdomus","robots":{"index":"index","follow":"follow","max-snippet":"max-snippet:-1","max-image-preview":"max-image-preview:large","max-video-preview":"max-video-preview:-1"},"canonical":"https:\/\/www.liberdomus.it\/en\/prodotto\/rimedi-per-luna-e-laltra-9788884196132-2\/","og_locale":"en_US","og_type":"article","og_title":"rimedi per l'una e l'altra sorte - Liberdomus","og_description":"QUATTRO TOMI INDIVISIBILI Composto negli anni della piena maturit\u00e0 e [...]","og_url":"https:\/\/www.liberdomus.it\/en\/prodotto\/rimedi-per-luna-e-laltra-9788884196132-2\/","og_site_name":"Liberdomus","article_modified_time":"2024-10-03T12:31:47+00:00","og_image":[{"width":172,"height":250,"url":"https:\/\/www.liberdomus.it\/wp-content\/uploads\/2013\/10\/D0259047693.JPG","type":"image\/jpeg"}],"twitter_card":"summary_large_image","twitter_misc":{"Est. reading time":"2 minutes"},"schema":{"@context":"https:\/\/schema.org","@graph":[{"@type":"WebPage","@id":"https:\/\/www.liberdomus.it\/en\/prodotto\/rimedi-per-luna-e-laltra-9788884196132-2\/","url":"https:\/\/www.liberdomus.it\/en\/prodotto\/rimedi-per-luna-e-laltra-9788884196132-2\/","name":"rimedi per l'una e l'altra sorte - Liberdomus","isPartOf":{"@id":"https:\/\/www.liberdomus.it\/en\/#website"},"primaryImageOfPage":{"@id":"https:\/\/www.liberdomus.it\/en\/prodotto\/rimedi-per-luna-e-laltra-9788884196132-2\/#primaryimage"},"image":{"@id":"https:\/\/www.liberdomus.it\/en\/prodotto\/rimedi-per-luna-e-laltra-9788884196132-2\/#primaryimage"},"thumbnailUrl":"https:\/\/www.liberdomus.it\/wp-content\/uploads\/2013\/10\/D0259047693.JPG","datePublished":"2013-10-16T22:00:00+00:00","dateModified":"2024-10-03T12:31:47+00:00","breadcrumb":{"@id":"https:\/\/www.liberdomus.it\/en\/prodotto\/rimedi-per-luna-e-laltra-9788884196132-2\/#breadcrumb"},"inLanguage":"en-US","potentialAction":[{"@type":"ReadAction","target":["https:\/\/www.liberdomus.it\/en\/prodotto\/rimedi-per-luna-e-laltra-9788884196132-2\/"]}]},{"@type":"ImageObject","inLanguage":"en-US","@id":"https:\/\/www.liberdomus.it\/en\/prodotto\/rimedi-per-luna-e-laltra-9788884196132-2\/#primaryimage","url":"https:\/\/www.liberdomus.it\/wp-content\/uploads\/2013\/10\/D0259047693.JPG","contentUrl":"https:\/\/www.liberdomus.it\/wp-content\/uploads\/2013\/10\/D0259047693.JPG","width":172,"height":250},{"@type":"BreadcrumbList","@id":"https:\/\/www.liberdomus.it\/en\/prodotto\/rimedi-per-luna-e-laltra-9788884196132-2\/#breadcrumb","itemListElement":[{"@type":"ListItem","position":1,"name":"Home","item":"https:\/\/www.liberdomus.it\/en\/"},{"@type":"ListItem","position":2,"name":"Shop","item":"https:\/\/www.liberdomus.it\/en\/shop\/"},{"@type":"ListItem","position":3,"name":"I rimedi per l&#8217;una e l&#8217;altra sorte"}]},{"@type":"WebSite","@id":"https:\/\/www.liberdomus.it\/en\/#website","url":"https:\/\/www.liberdomus.it\/en\/","name":"Liberdomus","description":"La tua libreria a casa","potentialAction":[{"@type":"SearchAction","target":{"@type":"EntryPoint","urlTemplate":"https:\/\/www.liberdomus.it\/en\/?s={search_term_string}"},"query-input":{"@type":"PropertyValueSpecification","valueRequired":true,"valueName":"search_term_string"}}],"inLanguage":"en-US"}]}},"_links":{"self":[{"href":"https:\/\/www.liberdomus.it\/en\/wp-json\/wp\/v2\/product\/301491","targetHints":{"allow":["GET"]}}],"collection":[{"href":"https:\/\/www.liberdomus.it\/en\/wp-json\/wp\/v2\/product"}],"about":[{"href":"https:\/\/www.liberdomus.it\/en\/wp-json\/wp\/v2\/types\/product"}],"wp:featuredmedia":[{"embeddable":true,"href":"https:\/\/www.liberdomus.it\/en\/wp-json\/wp\/v2\/media\/225024"}],"wp:attachment":[{"href":"https:\/\/www.liberdomus.it\/en\/wp-json\/wp\/v2\/media?parent=301491"}],"wp:term":[{"taxonomy":"product_brand","embeddable":true,"href":"https:\/\/www.liberdomus.it\/en\/wp-json\/wp\/v2\/product_brand?post=301491"},{"taxonomy":"product_cat","embeddable":true,"href":"https:\/\/www.liberdomus.it\/en\/wp-json\/wp\/v2\/product_cat?post=301491"},{"taxonomy":"product_tag","embeddable":true,"href":"https:\/\/www.liberdomus.it\/en\/wp-json\/wp\/v2\/product_tag?post=301491"},{"taxonomy":"editore","embeddable":true,"href":"https:\/\/www.liberdomus.it\/en\/wp-json\/wp\/v2\/editore?post=301491"},{"taxonomy":"autore","embeddable":true,"href":"https:\/\/www.liberdomus.it\/en\/wp-json\/wp\/v2\/autore?post=301491"},{"taxonomy":"curatore","embeddable":true,"href":"https:\/\/www.liberdomus.it\/en\/wp-json\/wp\/v2\/curatore?post=301491"},{"taxonomy":"condizione","embeddable":true,"href":"https:\/\/www.liberdomus.it\/en\/wp-json\/wp\/v2\/condizione?post=301491"},{"taxonomy":"lingua","embeddable":true,"href":"https:\/\/www.liberdomus.it\/en\/wp-json\/wp\/v2\/lingua?post=301491"},{"taxonomy":"tipo_edizione","embeddable":true,"href":"https:\/\/www.liberdomus.it\/en\/wp-json\/wp\/v2\/tipo_edizione?post=301491"},{"taxonomy":"tipo_pubblicazione","embeddable":true,"href":"https:\/\/www.liberdomus.it\/en\/wp-json\/wp\/v2\/tipo_pubblicazione?post=301491"},{"taxonomy":"dewey","embeddable":true,"href":"https:\/\/www.liberdomus.it\/en\/wp-json\/wp\/v2\/dewey?post=301491"},{"taxonomy":"genere","embeddable":true,"href":"https:\/\/www.liberdomus.it\/en\/wp-json\/wp\/v2\/genere?post=301491"},{"taxonomy":"contenuto","embeddable":true,"href":"https:\/\/www.liberdomus.it\/en\/wp-json\/wp\/v2\/contenuto?post=301491"}],"curies":[{"name":"wp","href":"https:\/\/api.w.org\/{rel}","templated":true}]}}