{"id":291324,"date":"2001-01-01T00:00:00","date_gmt":"2000-12-31T23:00:00","guid":{"rendered":"https:\/\/www.liberdomus.it\/prodotto\/scienze-dellantichita-21-2015-fascicolo-9788871406992-2\/"},"modified":"2001-01-01T00:00:00","modified_gmt":"2000-12-31T23:00:00","slug":"scienze-dellantichita-21-2015-fascicolo-9788871406992-2","status":"publish","type":"product","link":"https:\/\/www.liberdomus.it\/en\/prodotto\/scienze-dellantichita-21-2015-fascicolo-9788871406992-2\/","title":{"rendered":"Scienze dell&#8217;antichit\u00e0 21, 2015 fascicolo 3"},"content":{"rendered":"<p>Fra il 1926 e il 1928 la X Ripartizione Antichit\u00e0 e Belle Arti del Governatorato di Roma realizz\u00f2 un grande scavo in corrispondenza di un isolato da poco demolito nel quartiere Alessandrino tra le vie Cavour, della Salaria Vecchia e della Croce Bianca. Lo scavo permise di scoprire un ampio tratto della parte occidentale della piazza del foro di Nerva. Nonostante la grande importanza, le scoperte ebbero un seguito scientifico assai limitato. Ulteriori indagini furono effettuate negli anni ottanta e novanta del secolo scorso sia dall&#8217;Istituto Archeologico Germanico che dalla Soprintendenza Archeologica di Roma in collaborazione con l&#8217;Universit\u00e0 &#8220;La Sapienza&#8221;.  Vecchi e nuovi dati intergrati tra loro sono stati presentati al pubblico il 31 marzo 2014 in occasione di una giornata di studi dedicata al foro di Nerva, organizzata dalla Sovrintendenza Capitolina in collaborazione col Dipartimento di Scienze dell&#8217;Antichit\u00e0 dell&#8217;Universit\u00e0 &#8220;Sapienza&#8221; di Roma. Questa raccolta di saggi contiene gli atti di quella giornata e costituisce, nel contempo, la pubblicazione dei risultati degli scavi e delle ricerche sul foro di Nerva nel corso dell&#8217;ultimo ventennio.<\/p>\n","protected":false},"excerpt":{"rendered":"<p>Fra il 1926 e il 1928 la X Ripartizione Antichit\u00e0  [&#8230;]<\/p>\n","protected":false},"featured_media":234161,"template":"","meta":{"_acf_changed":false},"product_brand":[],"product_cat":[72356],"product_tag":[],"editore":[27588],"autore":[],"curatore":[],"condizione":[26342],"lingua":[26340],"tipo_edizione":[],"tipo_pubblicazione":[24232],"dewey":[70253,26213],"genere":[],"contenuto":[24238],"class_list":{"0":"post-291324","1":"product","2":"type-product","3":"status-publish","4":"has-post-thumbnail","6":"product_cat-archaeology","7":"editore-edizioni-quasar","8":"condizione-new","9":"lingua-italian","10":"tipo_pubblicazione-monograph","11":"dewey-archaeology-of-the-mediterranean","12":"dewey-italy-adjacent-territories-to-476","13":"contenuto-indice-en","15":"first","16":"availability_to_be_verified","17":"shipping-taxable","18":"product-type-simple"},"acf":[],"yoast_head":"<!-- This site is optimized with the Yoast SEO plugin v25.8 - https:\/\/yoast.com\/wordpress\/plugins\/seo\/ -->\n<title>Scienze dell&#039;antichit\u00e0 21, 2015 fascicolo 3 - Liberdomus<\/title>\n<meta name=\"robots\" content=\"index, follow, max-snippet:-1, max-image-preview:large, max-video-preview:-1\" \/>\n<link rel=\"canonical\" href=\"https:\/\/www.liberdomus.it\/en\/prodotto\/scienze-dellantichita-21-2015-fascicolo-9788871406992-2\/\" \/>\n<meta property=\"og:locale\" content=\"en_US\" \/>\n<meta property=\"og:type\" content=\"article\" \/>\n<meta property=\"og:title\" content=\"Scienze dell&#039;antichit\u00e0 21, 2015 fascicolo 3 - Liberdomus\" \/>\n<meta property=\"og:description\" content=\"Fra il 1926 e il 1928 la X Ripartizione Antichit\u00e0 [...]\" \/>\n<meta property=\"og:url\" content=\"https:\/\/www.liberdomus.it\/en\/prodotto\/scienze-dellantichita-21-2015-fascicolo-9788871406992-2\/\" \/>\n<meta property=\"og:site_name\" content=\"Liberdomus\" \/>\n<meta property=\"og:image\" content=\"https:\/\/www.liberdomus.it\/wp-content\/uploads\/2016\/05\/D0254052415.JPG\" \/>\n\t<meta property=\"og:image:width\" content=\"180\" \/>\n\t<meta property=\"og:image:height\" content=\"250\" \/>\n\t<meta property=\"og:image:type\" content=\"image\/jpeg\" \/>\n<meta name=\"twitter:card\" content=\"summary_large_image\" \/>\n<meta name=\"twitter:label1\" content=\"Est. reading time\" \/>\n\t<meta name=\"twitter:data1\" content=\"1 minute\" \/>\n<script type=\"application\/ld+json\" class=\"yoast-schema-graph\">{\"@context\":\"https:\/\/schema.org\",\"@graph\":[{\"@type\":\"WebPage\",\"@id\":\"https:\/\/www.liberdomus.it\/en\/prodotto\/scienze-dellantichita-21-2015-fascicolo-9788871406992-2\/\",\"url\":\"https:\/\/www.liberdomus.it\/en\/prodotto\/scienze-dellantichita-21-2015-fascicolo-9788871406992-2\/\",\"name\":\"Scienze dell'antichit\u00e0 21, 2015 fascicolo 3 - Liberdomus\",\"isPartOf\":{\"@id\":\"https:\/\/www.liberdomus.it\/en\/#website\"},\"primaryImageOfPage\":{\"@id\":\"https:\/\/www.liberdomus.it\/en\/prodotto\/scienze-dellantichita-21-2015-fascicolo-9788871406992-2\/#primaryimage\"},\"image\":{\"@id\":\"https:\/\/www.liberdomus.it\/en\/prodotto\/scienze-dellantichita-21-2015-fascicolo-9788871406992-2\/#primaryimage\"},\"thumbnailUrl\":\"https:\/\/www.liberdomus.it\/wp-content\/uploads\/2016\/05\/D0254052415.JPG\",\"datePublished\":\"2000-12-31T23:00:00+00:00\",\"breadcrumb\":{\"@id\":\"https:\/\/www.liberdomus.it\/en\/prodotto\/scienze-dellantichita-21-2015-fascicolo-9788871406992-2\/#breadcrumb\"},\"inLanguage\":\"en-US\",\"potentialAction\":[{\"@type\":\"ReadAction\",\"target\":[\"https:\/\/www.liberdomus.it\/en\/prodotto\/scienze-dellantichita-21-2015-fascicolo-9788871406992-2\/\"]}]},{\"@type\":\"ImageObject\",\"inLanguage\":\"en-US\",\"@id\":\"https:\/\/www.liberdomus.it\/en\/prodotto\/scienze-dellantichita-21-2015-fascicolo-9788871406992-2\/#primaryimage\",\"url\":\"https:\/\/www.liberdomus.it\/wp-content\/uploads\/2016\/05\/D0254052415.JPG\",\"contentUrl\":\"https:\/\/www.liberdomus.it\/wp-content\/uploads\/2016\/05\/D0254052415.JPG\",\"width\":180,\"height\":250},{\"@type\":\"BreadcrumbList\",\"@id\":\"https:\/\/www.liberdomus.it\/en\/prodotto\/scienze-dellantichita-21-2015-fascicolo-9788871406992-2\/#breadcrumb\",\"itemListElement\":[{\"@type\":\"ListItem\",\"position\":1,\"name\":\"Home\",\"item\":\"https:\/\/www.liberdomus.it\/en\/\"},{\"@type\":\"ListItem\",\"position\":2,\"name\":\"Shop\",\"item\":\"https:\/\/www.liberdomus.it\/en\/shop\/\"},{\"@type\":\"ListItem\",\"position\":3,\"name\":\"Scienze dell&#8217;antichit\u00e0 21, 2015 fascicolo 3\"}]},{\"@type\":\"WebSite\",\"@id\":\"https:\/\/www.liberdomus.it\/en\/#website\",\"url\":\"https:\/\/www.liberdomus.it\/en\/\",\"name\":\"Liberdomus\",\"description\":\"La tua libreria a casa\",\"potentialAction\":[{\"@type\":\"SearchAction\",\"target\":{\"@type\":\"EntryPoint\",\"urlTemplate\":\"https:\/\/www.liberdomus.it\/en\/?s={search_term_string}\"},\"query-input\":{\"@type\":\"PropertyValueSpecification\",\"valueRequired\":true,\"valueName\":\"search_term_string\"}}],\"inLanguage\":\"en-US\"}]}<\/script>\n<!-- \/ Yoast SEO plugin. -->","yoast_head_json":{"title":"Scienze dell'antichit\u00e0 21, 2015 fascicolo 3 - Liberdomus","robots":{"index":"index","follow":"follow","max-snippet":"max-snippet:-1","max-image-preview":"max-image-preview:large","max-video-preview":"max-video-preview:-1"},"canonical":"https:\/\/www.liberdomus.it\/en\/prodotto\/scienze-dellantichita-21-2015-fascicolo-9788871406992-2\/","og_locale":"en_US","og_type":"article","og_title":"Scienze dell'antichit\u00e0 21, 2015 fascicolo 3 - Liberdomus","og_description":"Fra il 1926 e il 1928 la X Ripartizione Antichit\u00e0 [...]","og_url":"https:\/\/www.liberdomus.it\/en\/prodotto\/scienze-dellantichita-21-2015-fascicolo-9788871406992-2\/","og_site_name":"Liberdomus","og_image":[{"width":180,"height":250,"url":"https:\/\/www.liberdomus.it\/wp-content\/uploads\/2016\/05\/D0254052415.JPG","type":"image\/jpeg"}],"twitter_card":"summary_large_image","twitter_misc":{"Est. reading time":"1 minute"},"schema":{"@context":"https:\/\/schema.org","@graph":[{"@type":"WebPage","@id":"https:\/\/www.liberdomus.it\/en\/prodotto\/scienze-dellantichita-21-2015-fascicolo-9788871406992-2\/","url":"https:\/\/www.liberdomus.it\/en\/prodotto\/scienze-dellantichita-21-2015-fascicolo-9788871406992-2\/","name":"Scienze dell'antichit\u00e0 21, 2015 fascicolo 3 - Liberdomus","isPartOf":{"@id":"https:\/\/www.liberdomus.it\/en\/#website"},"primaryImageOfPage":{"@id":"https:\/\/www.liberdomus.it\/en\/prodotto\/scienze-dellantichita-21-2015-fascicolo-9788871406992-2\/#primaryimage"},"image":{"@id":"https:\/\/www.liberdomus.it\/en\/prodotto\/scienze-dellantichita-21-2015-fascicolo-9788871406992-2\/#primaryimage"},"thumbnailUrl":"https:\/\/www.liberdomus.it\/wp-content\/uploads\/2016\/05\/D0254052415.JPG","datePublished":"2000-12-31T23:00:00+00:00","breadcrumb":{"@id":"https:\/\/www.liberdomus.it\/en\/prodotto\/scienze-dellantichita-21-2015-fascicolo-9788871406992-2\/#breadcrumb"},"inLanguage":"en-US","potentialAction":[{"@type":"ReadAction","target":["https:\/\/www.liberdomus.it\/en\/prodotto\/scienze-dellantichita-21-2015-fascicolo-9788871406992-2\/"]}]},{"@type":"ImageObject","inLanguage":"en-US","@id":"https:\/\/www.liberdomus.it\/en\/prodotto\/scienze-dellantichita-21-2015-fascicolo-9788871406992-2\/#primaryimage","url":"https:\/\/www.liberdomus.it\/wp-content\/uploads\/2016\/05\/D0254052415.JPG","contentUrl":"https:\/\/www.liberdomus.it\/wp-content\/uploads\/2016\/05\/D0254052415.JPG","width":180,"height":250},{"@type":"BreadcrumbList","@id":"https:\/\/www.liberdomus.it\/en\/prodotto\/scienze-dellantichita-21-2015-fascicolo-9788871406992-2\/#breadcrumb","itemListElement":[{"@type":"ListItem","position":1,"name":"Home","item":"https:\/\/www.liberdomus.it\/en\/"},{"@type":"ListItem","position":2,"name":"Shop","item":"https:\/\/www.liberdomus.it\/en\/shop\/"},{"@type":"ListItem","position":3,"name":"Scienze dell&#8217;antichit\u00e0 21, 2015 fascicolo 3"}]},{"@type":"WebSite","@id":"https:\/\/www.liberdomus.it\/en\/#website","url":"https:\/\/www.liberdomus.it\/en\/","name":"Liberdomus","description":"La tua libreria a casa","potentialAction":[{"@type":"SearchAction","target":{"@type":"EntryPoint","urlTemplate":"https:\/\/www.liberdomus.it\/en\/?s={search_term_string}"},"query-input":{"@type":"PropertyValueSpecification","valueRequired":true,"valueName":"search_term_string"}}],"inLanguage":"en-US"}]}},"_links":{"self":[{"href":"https:\/\/www.liberdomus.it\/en\/wp-json\/wp\/v2\/product\/291324","targetHints":{"allow":["GET"]}}],"collection":[{"href":"https:\/\/www.liberdomus.it\/en\/wp-json\/wp\/v2\/product"}],"about":[{"href":"https:\/\/www.liberdomus.it\/en\/wp-json\/wp\/v2\/types\/product"}],"wp:featuredmedia":[{"embeddable":true,"href":"https:\/\/www.liberdomus.it\/en\/wp-json\/wp\/v2\/media\/234161"}],"wp:attachment":[{"href":"https:\/\/www.liberdomus.it\/en\/wp-json\/wp\/v2\/media?parent=291324"}],"wp:term":[{"taxonomy":"product_brand","embeddable":true,"href":"https:\/\/www.liberdomus.it\/en\/wp-json\/wp\/v2\/product_brand?post=291324"},{"taxonomy":"product_cat","embeddable":true,"href":"https:\/\/www.liberdomus.it\/en\/wp-json\/wp\/v2\/product_cat?post=291324"},{"taxonomy":"product_tag","embeddable":true,"href":"https:\/\/www.liberdomus.it\/en\/wp-json\/wp\/v2\/product_tag?post=291324"},{"taxonomy":"editore","embeddable":true,"href":"https:\/\/www.liberdomus.it\/en\/wp-json\/wp\/v2\/editore?post=291324"},{"taxonomy":"autore","embeddable":true,"href":"https:\/\/www.liberdomus.it\/en\/wp-json\/wp\/v2\/autore?post=291324"},{"taxonomy":"curatore","embeddable":true,"href":"https:\/\/www.liberdomus.it\/en\/wp-json\/wp\/v2\/curatore?post=291324"},{"taxonomy":"condizione","embeddable":true,"href":"https:\/\/www.liberdomus.it\/en\/wp-json\/wp\/v2\/condizione?post=291324"},{"taxonomy":"lingua","embeddable":true,"href":"https:\/\/www.liberdomus.it\/en\/wp-json\/wp\/v2\/lingua?post=291324"},{"taxonomy":"tipo_edizione","embeddable":true,"href":"https:\/\/www.liberdomus.it\/en\/wp-json\/wp\/v2\/tipo_edizione?post=291324"},{"taxonomy":"tipo_pubblicazione","embeddable":true,"href":"https:\/\/www.liberdomus.it\/en\/wp-json\/wp\/v2\/tipo_pubblicazione?post=291324"},{"taxonomy":"dewey","embeddable":true,"href":"https:\/\/www.liberdomus.it\/en\/wp-json\/wp\/v2\/dewey?post=291324"},{"taxonomy":"genere","embeddable":true,"href":"https:\/\/www.liberdomus.it\/en\/wp-json\/wp\/v2\/genere?post=291324"},{"taxonomy":"contenuto","embeddable":true,"href":"https:\/\/www.liberdomus.it\/en\/wp-json\/wp\/v2\/contenuto?post=291324"}],"curies":[{"name":"wp","href":"https:\/\/api.w.org\/{rel}","templated":true}]}}